{"id":1100,"date":"2021-03-10T13:50:39","date_gmt":"2021-03-10T13:50:39","guid":{"rendered":"https:\/\/dich-mit-stich.de\/magazin\/?page_id=1100"},"modified":"2025-09-03T13:15:37","modified_gmt":"2025-09-03T13:15:37","slug":"kreuz-tattoos","status":"publish","type":"page","link":"https:\/\/dich-mit-stich.de\/magazin\/kreuz-tattoos\/","title":{"rendered":"Das Kreuz \u2013 ein beliebtes Tattoomotiv"},"content":{"rendered":"<p>Das Kreuz ist eines der \u00e4ltesten T\u00e4towierungen. Es ist dar\u00fcber hinaus, je nachdem, wie es gestaltet ist, ein sehr schlichtes Motiv, da es nur aus einer senkrechten und einer waagerechten Linie besteht.<\/p>\n<p>Die senkrechte Linie ist ein Kennzeichen f\u00fcr unseren Himmel, denn sie ragt empor. Die waagerechte Linie steht f\u00fcr unsere Erde. Diese zwei Linien sind verbunden, sie bilden also einen Schnittpunkt. Das Kreuz symbolisiert demzufolge die Verbundenheit zwischen dem Himmel und der Erde.<\/p>\n<p>Auch ist das Kreuz das ber\u00fchmte Symbol f\u00fcr das Christentum. Es verbindet Gott und die Menschen. Die Kreuzigung von Jesus Christus gibt dem Kreuz allerdings auch die Bedeutung Tod.<\/p>\n<p>F\u00fcr einige steht das Kreuz auch f\u00fcr die Verbundenheit von Mann und Frau.<\/p>\n<p>Ein beliebtes Kreuz Tattoo ist auch das Kreuz mit einem Kreis. Dabei werden die Himmelsrichtungen charakterisiert.<\/p>\n<p><img loading=\"lazy\" decoding=\"async\" class=\"wp-image-1103 size-medium aligncenter\" src=\"https:\/\/dich-mit-stich.de\/magazin\/wp-content\/uploads\/2021\/03\/kreuz-tattoo-e1615384608346-300x196.jpg\" alt=\"Kreuz Tattoo Nacken\" width=\"300\" height=\"196\" srcset=\"https:\/\/dich-mit-stich.de\/magazin\/wp-content\/uploads\/2021\/03\/kreuz-tattoo-e1615384608346-300x196.jpg 300w, https:\/\/dich-mit-stich.de\/magazin\/wp-content\/uploads\/2021\/03\/kreuz-tattoo-e1615384608346-1024x668.jpg 1024w, https:\/\/dich-mit-stich.de\/magazin\/wp-content\/uploads\/2021\/03\/kreuz-tattoo-e1615384608346-768x501.jpg 768w, https:\/\/dich-mit-stich.de\/magazin\/wp-content\/uploads\/2021\/03\/kreuz-tattoo-e1615384608346.jpg 1280w\" sizes=\"auto, (max-width: 300px) 100vw, 300px\" \/><\/p>\n<h2>Kreuze in verschiedenen Formen<\/h2>\n<p>Auch bei einem Kreuz Tattoo ist nicht jedes Kreuz gleich, denn die Formen unterscheiden sich. Einige sind schlicht und einfach, andere werden von aufw\u00e4ndigem Beiwerk verziert.<\/p>\n<h3>Das \u00e4gyptische Kreuz<\/h3>\n<p>Dieses Kreuz tr\u00e4gt zahlreiche Namen, beispielsweise Anch, Nilschl\u00fcssel, Henkelkreuz, Lebensschleife oder koptisches Kreuz. Seine Herkunft ist das antike \u00c4gypten und es repr\u00e4sentiert das Leben nach unserem Tod. Das wichtigste Merkmal dieses Kreuzes ist der obere Henkel.<\/p>\n<h3>Das baskische Kreuz<\/h3>\n<p>Diese Kreuzform kennen wir unter der Bezeichnung Lauburu. Es sieht aus wie ein Kleeblatt mit vier Bl\u00e4ttern oder ineinander verschlungene Kommata. Seine exakte Bedeutung ist unklar, doch sie ist anscheinend abh\u00e4ngig von seiner Ausrichtung. Zeigt das Lauburu zur rechten Seite, steht es f\u00fcr Leben. Die linke Seite bedeutet Tod. Es hat wohl etwas mit dem Fluss der Energien (positiv und negativ) zu tun.<\/p>\n<h3>Das keltische Kreuz<\/h3>\n<p>Das keltische Kreuz, auch Mittsommerkreuz, irisches Kreuz oder Hochkreuz genannt, besteht aus den zwei Balken mit Kreis. Schon im fr\u00fchen Mittelalter wurde es in der Kirchenkunst verwendet. Urspr\u00fcnglich kennzeichneten solche Kreuze heilige oder besondere Orte.<\/p>\n<p>Wer ein keltisches Kreuz als Tattoo w\u00e4hlt, sollte aufpassen:<\/p>\n<p>Ein gleichschenkliges keltisches Kreuz wird mit der VSBD, die in Deutschland eine verbotene Bewegung ist und der rechtsextremen Szene zugeordnet wird. So ist das gleichschenklige keltische Kreuz ein gern genutztes Tattoomotiv rechtsextremer Kreise. Es ist ein <a title=\"Tattoos f\u00fcr M\u00e4nner\" href=\"https:\/\/dich-mit-stich.de\/magazin\/tattoos-fuer-maenner\/\">beliebtes M\u00e4nnertatto<\/a> zum Beispiel am Unterarm.<\/p>\n<p>Wer also weder den Stempel rechtsextrem tragen m\u00f6chte noch bei der Justiz nicht auff\u00e4llig werden will, schlie\u00dflich ist in Deutschland die Verwendung und Zurschaustellung rechtsextremer Symbolik eine Straftat, verzichtet besser auf diese Form des keltischen Kreuzes. Dieses Zeichen wird auch in Frankreich, den USA sowie weiteren L\u00e4ndern negativ gesehen und ist dort nicht erw\u00fcnscht.<\/p>\n<h3>Das lateinische Kreuz<\/h3>\n<p>Das Motiv lateinisches Kreuz, auch Passionskreuz, sind andere Namen f\u00fcr das Christenkreuz. Es ist ein Sinnbild f\u00fcr die Verbindung zwischen Himmel und Erde.<\/p>\n<p><img loading=\"lazy\" decoding=\"async\" class=\"aligncenter wp-image-1105 size-medium\" src=\"https:\/\/dich-mit-stich.de\/magazin\/wp-content\/uploads\/2021\/03\/kreuz-tattoo-lateinisches-Kreuz-e1615384561766-300x202.jpg\" alt=\"Lateinisches Kreuz Tattoo\" width=\"300\" height=\"202\" srcset=\"https:\/\/dich-mit-stich.de\/magazin\/wp-content\/uploads\/2021\/03\/kreuz-tattoo-lateinisches-Kreuz-e1615384561766-300x202.jpg 300w, https:\/\/dich-mit-stich.de\/magazin\/wp-content\/uploads\/2021\/03\/kreuz-tattoo-lateinisches-Kreuz-e1615384561766-768x517.jpg 768w, https:\/\/dich-mit-stich.de\/magazin\/wp-content\/uploads\/2021\/03\/kreuz-tattoo-lateinisches-Kreuz-e1615384561766.jpg 988w\" sizes=\"auto, (max-width: 300px) 100vw, 300px\" \/><\/p>\n<h3>Das Malteserkreuz<\/h3>\n<p>Das Malteserkreuz, auch bekannt als Johanniterkreuz oder Amalfikreuz stellt das Nationalsymbol Maltas sowie der vormaligen Republik Amalfi dar.<\/p>\n<p>Gleichzeitig wird es von verschiedenen christlichen Orden genutzt. Das Kreuz mit seinen acht Zacken steht f\u00fcr den Tod von Jesus und ist wohl aus diesem Grund das Symbol des Malteser- und Johanniterordens.<\/p>\n<p>Das Malteserkreuz hat verschiedene Bedeutungen:<\/p>\n<p>Die acht Spitzen des Kreuzes symbolisieren die acht Preisungen aus der Bergpredigt des Jesus Christus im Neuen Testament.<\/p>\n<p>Die Kreuzspitzen dr\u00fccken die acht Sprechzungen der Malteser aus. Das sind Aragon, Auvergne, Italien, Deutschland, Frankreich, England, Provence und Kastilien.<\/p>\n<p>Die vier inneren Spitzen stehen f\u00fcr Gerechtigkeit, Tapferkeit, M\u00e4\u00dfigung und Klugheit.<\/p>\n<p>Das Malteserkreuz \u00e4hnelt ziemlich dem Kreuzsymbol der Kreuzritter. Kreuzritter hatten dieses Symbol zum einen auf ihrer Gewandung und zum anderen trugen sie es als T\u00e4towierung auf der Haut. Das taten sie aus mehreren Gr\u00fcnden, zum Beispiel, dass sie nach dem Tod eine christliche Beerdigung bekommen konnten.<\/p>\n<h3>Das Sonnenkreuz<\/h3>\n<p>Es gibt auch das Kreuz in Form des Sonnenkreuzes, Sonnenrades oder Radkreuzes. Seine Herkunft stammt aus der alten Vorzeit der nordischen V\u00f6lker. Es ist ein gleichschenkliges Kreuz mit einer Kreiseinfassung.<\/p>\n<p>Seine Bedeutung ist die Sonne, die vier Jahreszeiten sowie der Tag- und Nachtzyklus. Wir finden diese Kreuzform auch im esoterischen, okkultistischen sowie neopaganistischen Spektrum. Es wird auch von rassistisch verorteten Gruppierungen genutzt.<\/p>\n<h2>Sind alle Kreuze als Tattoo erlaubt?<\/h2>\n<p>Erst einmal darf jeder seinen K\u00f6rper in seiner von ihm gew\u00fcnschten Art und Weise ver\u00e4ndern und gestalten. Dies garantiert das Pers\u00f6nlichkeitsrecht.<\/p>\n<p>Dann gibt es ein paar verbotene Kreuzmotive. Ein Beispiel ist das Hakenkreuz.<\/p>\n<p>Dieses darf man sich zwar stechen lassen und tragen. Das allein ist keine Straftat. Es ist aber verboten Hakenkreuzt\u00e4towierungen zur Schau zu stellen. Das gilt auch f\u00fcr die anderen verbotenen Kreuzformen.<\/p>\n<p>Wer ein verbotenes Zeichen als Tattoo tr\u00e4gt und es zeigt, begeht eine Straftat gem\u00e4\u00df \u00a7 86a StGB \u201eVerwendung von Kennzeichen verfassungswidriger Organisationen\u201c. Die Konsequenzen solch einer Zurschaustellung verbotener Symbole sind eine hohe Geldstrafe beziehungsweise auch eine Haftstrafe von bis zu drei Jahren.<\/p>\n<p>Bei strafbaren Zeichen kommt nicht nur der \u00a7 86a StGB zur Anwendung, sondern auch der Begriff \u201eVolksverhetzung\u201c ist ma\u00dfgeblich. Es kann hierbei eine bis zu 5-j\u00e4hrige Haftstrafe drohen.<\/p>\n<p>Zus\u00e4tzlich kann die Auflage verh\u00e4ngt werden, das verbotene Kreuz Tattoo zu entfernen. Es ist aber fraglich, ob solch eine Auflage zul\u00e4ssig ist, da es keine Rechtsgrundlage f\u00fcr die Entfernung eines verfassungswidrigen Tattoos gibt.<\/p>\n<h2>Fazit<\/h2>\n<p>Ein Kreuz Tattoo ist beliebt und ein zeitloses Motiv. Es ist wichtig, genau zu recherchieren, wof\u00fcr die jeweiligen Kreuze stehen. Jedes Kreuzmotiv darf gestochen, aber nicht jedes darf gezeigt werden, da es sonst hohe Strafen geben kann.<\/p>\n<p>Der T\u00e4towierer sollte den Kunden ausf\u00fchrlich \u00fcber das gew\u00e4hlte Motiv beraten.<\/p>\n<p>Wer diese Dinge beachtet, wird lange Freude an seinem Tattoo haben.<\/p>\n","protected":false},"excerpt":{"rendered":"<p>Das Kreuz ist eines der \u00e4ltesten T\u00e4towierungen. Es ist dar\u00fcber hinaus, je nachdem, wie es gestaltet ist, ein sehr schlichtes<\/p>\n","protected":false},"author":4,"featured_media":1101,"parent":0,"menu_order":0,"comment_status":"closed","ping_status":"closed","template":"","meta":{"ngg_post_thumbnail":0,"footnotes":""},"class_list":["post-1100","page","type-page","status-publish","has-post-thumbnail","hentry","comments-off"],"aioseo_notices":[],"_links":{"self":[{"href":"https:\/\/dich-mit-stich.de\/magazin\/wp-json\/wp\/v2\/pages\/1100","targetHints":{"allow":["GET"]}}],"collection":[{"href":"https:\/\/dich-mit-stich.de\/magazin\/wp-json\/wp\/v2\/pages"}],"about":[{"href":"https:\/\/dich-mit-stich.de\/magazin\/wp-json\/wp\/v2\/types\/page"}],"author":[{"embeddable":true,"href":"https:\/\/dich-mit-stich.de\/magazin\/wp-json\/wp\/v2\/users\/4"}],"replies":[{"embeddable":true,"href":"https:\/\/dich-mit-stich.de\/magazin\/wp-json\/wp\/v2\/comments?post=1100"}],"version-history":[{"count":4,"href":"https:\/\/dich-mit-stich.de\/magazin\/wp-json\/wp\/v2\/pages\/1100\/revisions"}],"predecessor-version":[{"id":1294,"href":"https:\/\/dich-mit-stich.de\/magazin\/wp-json\/wp\/v2\/pages\/1100\/revisions\/1294"}],"wp:featuredmedia":[{"embeddable":true,"href":"https:\/\/dich-mit-stich.de\/magazin\/wp-json\/wp\/v2\/media\/1101"}],"wp:attachment":[{"href":"https:\/\/dich-mit-stich.de\/magazin\/wp-json\/wp\/v2\/media?parent=1100"}],"curies":[{"name":"wp","href":"https:\/\/api.w.org\/{rel}","templated":true}]}}