{"id":1150,"date":"2021-11-15T09:51:29","date_gmt":"2021-11-15T09:51:29","guid":{"rendered":"https:\/\/dich-mit-stich.de\/magazin\/?page_id=1150"},"modified":"2025-09-03T13:15:37","modified_gmt":"2025-09-03T13:15:37","slug":"anker-tattoos","status":"publish","type":"page","link":"https:\/\/dich-mit-stich.de\/magazin\/anker-tattoos\/","title":{"rendered":"Anker Tattoos &#8211; Geschichte und Bedeutung"},"content":{"rendered":"<h2>Der Anker &#8211; zeitloser Klassiker in der Tattooszene<\/h2>\n<p>Tattoo-Trends sind stets im Wandel. Dennoch gibt es einige Motive, die jeden Trend \u00fcberstehen. Zu diesen Dauerbrennern geh\u00f6rt der Anker, der seinen Ursprung in der Schifffahrt hat. Was das Motiv bedeutet und wie es seinen Weg in unsere Herzen gefunden hat, zeigen wir in unserem Artikel. Zudem bieten wir etwas Inspiration f\u00fcr die richtige Platzierung und die passende Stilistik.<\/p>\n<h2>Anker Tattoo mit diversen Bedeutungen<\/h2>\n<p>Anker werden oft zur Vorlage f\u00fcr Tattoos . Aber auch Tassen, Shirts und Bettw\u00e4sche werden unter anderem mit dem maritimen Design versehen. Das liegt nicht nur an der tollen Optik, die Anker mit sich bringen, sondern vielmehr an deren Bedeutung. Der Anker symbolisiert Heimat und Hoffnung. Er soll uns stets zur\u00fcck in unseren Hafen bringen. Hiermit ist das eigene Zuhause gemeint, welches kein spezieller Ort ist, vielmehr jene Person, denen wir unser Herz schenken. Demnach symbolisiert ein Anker unter anderem die &#8222;gro\u00dfe Liebe&#8220;.<\/p>\n<p>Doch nicht nur romantische Assoziationen stehen f\u00fcr den Anker. Auch Treue, Zuverl\u00e4ssigkeit, Best\u00e4ndigkeit und Sicherheit bringt der Anker mit sich. Wir k\u00f6nnen also selbst entscheiden, welche Bedeutung unser n\u00e4chstes Tattoo haben soll, immerhin sind T\u00e4towierungen eine sehr intime und pers\u00f6nliche Angelegenheit.<\/p>\n<h2>Weitere Bedeutungen des Ankers<\/h2>\n<p>Damals galt der Anker noch als christliches Symbol f\u00fcr den Glauben. Er sollte jedem noch so starken Sturm standhalten und das Schiff im Hafen halten. W\u00e4hrend des zweiten Weltkriegs wurde der Anker zum Identifikationssymbol f\u00fcr Freimaurer und polnische Widerstandsk\u00e4mpfer.<\/p>\n<p>Bereits vor dem zweiten Weltkrieg lie\u00dfen sich Seem\u00e4nner, die den Atlantik \u00fcberquerten, das Motiv stechen. Sp\u00e4ter symbolisierte der Anker die Liebe zur Heimat und zum Meer. Vor allem in Hafenst\u00e4dten wie Hamburg hat sich das Motiv wie ein Lauffeuer verbreitet.<\/p>\n<p><img loading=\"lazy\" decoding=\"async\" class=\"aligncenter wp-image-1153 size-full\" src=\"https:\/\/dich-mit-stich.de\/magazin\/wp-content\/uploads\/2021\/11\/Anker-Tattoo.jpg\" alt=\"Anker Tattoo\" width=\"640\" height=\"423\" srcset=\"https:\/\/dich-mit-stich.de\/magazin\/wp-content\/uploads\/2021\/11\/Anker-Tattoo.jpg 640w, https:\/\/dich-mit-stich.de\/magazin\/wp-content\/uploads\/2021\/11\/Anker-Tattoo-300x198.jpg 300w\" sizes=\"auto, (max-width: 640px) 100vw, 640px\" \/><\/p>\n<h2>Die Geschichte des Anker Tattoos<\/h2>\n<p>Das beliebte<a href=\"https:\/\/dich-mit-stich.de\/magazin\/tattoo-stile\/\"> Tattoo-Design<\/a> kommt aus der fr\u00fchen Schifffahrt. Seem\u00e4nner, welche den Atlantischen Ozean \u00fcberquerten, lie\u00dfen sich Anker t\u00e4towieren. Sie waren wie ein Kompass, welcher fest in der Haut verankert war und sie stets gesund und munter nach Hause bringen sollte.<\/p>\n<p>Bereits im 19. Jahrhundert waren circa 90 Prozent der britischen Marine t\u00e4towiert. Neben Ankern zierten auch andere maritime Designs wie Kompasse, Segelschiffe und Leuchtt\u00fcrme die Haut der Matrosen.<\/p>\n<h2>Oldschool-Design neu definiert<\/h2>\n<p>Das Anker Tattoo ist eine beliebte Vorlage bei T\u00e4towierern und Co.. Doch nicht nur das klassische <a href=\"https:\/\/dich-mit-stich.de\/magazin\/old-school-tattoos\/\">Oldschool-Design<\/a> f\u00fcllt Bl\u00e4tter und K\u00f6rperstellen. Was einst noch \u00fcppige Motive mit bunten Colorierungen und Schattierungen war, erstrahlt heute unter anderem in filigranen, minimalistischen Designs. Vor allem f\u00fcr Frauen wirken dezentere Tattoos deutlich weniger erdr\u00fcckend und entsprechen dem aktuellen Zeitgeist.<\/p>\n<p>In Kombination mit Stilistiken wie Dot Work und Watercolor entstehen wundervolle Unikate, die die Haut minimalistisch und filigran f\u00fcllen. Aber auch gr\u00f6\u00dfere Motive auf Oberschenkel und Co. k\u00f6nnen zu wahren Eyecatchern werden. Der Kreativit\u00e4t werden hier keinerlei Grenzen gesetzt.<\/p>\n<p><strong>Wissenswert:<\/strong> Auch Stars wie Miley Cyrus, Model Chantel Jeffries, Kate Moss sowie S\u00e4ngerin Justine Skye tragen an ihren H\u00e4nden und Handgelenken dezente Anker T\u00e4towierungen. Und sie sind bei Weitem nicht die Einzigen.<\/p>\n<p>Aber auch der Oldschool-Klassiker ist in <a href=\"https:\/\/dich-mit-stich.de\/magazin\/tattoo-studio\/\">Tattoostudios<\/a> nach wie vor beliebt. H\u00e4ufig wird der Anker in Kombination mit Namen von Familienmitgliedern und Freunden gesetzt. Dadurch erh\u00e4lt er eine v\u00f6llig idividuelle Bedeutunng.<\/p>\n<h2>Die ideale Stelle<\/h2>\n<p>Immer wieder finden sich Anker auf Oberarmen, Waden, auf der Brust oder auch auf dem Schulterblatt wieder. Doch das zeitlose Motiv wird neu interpretiert. Am Kn\u00f6chel, am Handgelenk oder auch am Finger l\u00e4sst sich das filigrane Design bestens sehen. Und wem ein Anker nicht reicht, der l\u00e4sst sich einfach zwei stechen.<\/p>\n<p><strong>Tipp:<\/strong> Je nach Motiv kann der Anker an jeder K\u00f6rperstelle seinen idealen Platz finden. Viele Menschen tragen ihn sogar hinter dem Ohr oder gar neben dem Auge. Wichtig ist, dass das Design zum eigenen Typ passt und dass man sich damit wohlf\u00fchlt.<\/p>\n<h2>Fazit<\/h2>\n<p>Filigran, massiv, bunt, dezent &#8211; der Anker erstrahlt in vielen Variationen, symbolisiert aber stets dasselbe: Halt. Ob nun der Halt in der Heimat, der Liebe oder auch zu Freunden, um mit diesen durch leichte und schwere Zeiten zu gehen, das ist vollkommen egal. Der Anker ist ein zeitloses Design, welches bereits bei den Seem\u00e4nnern eine gro\u00dfe Beliebtheit fand. Nun ist es Teil eines jeden Tattoostudios auf der Welt. Und dort wird es auch viele weitere Jahre seinen festen Platz behalten, und das zu Recht!<\/p>\n","protected":false},"excerpt":{"rendered":"<p>Der Anker &#8211; zeitloser Klassiker in der Tattooszene Tattoo-Trends sind stets im Wandel. Dennoch gibt es einige Motive, die jeden<\/p>\n","protected":false},"author":4,"featured_media":1151,"parent":0,"menu_order":0,"comment_status":"closed","ping_status":"closed","template":"","meta":{"ngg_post_thumbnail":0,"footnotes":""},"class_list":["post-1150","page","type-page","status-publish","has-post-thumbnail","hentry","comments-off"],"aioseo_notices":[],"_links":{"self":[{"href":"https:\/\/dich-mit-stich.de\/magazin\/wp-json\/wp\/v2\/pages\/1150","targetHints":{"allow":["GET"]}}],"collection":[{"href":"https:\/\/dich-mit-stich.de\/magazin\/wp-json\/wp\/v2\/pages"}],"about":[{"href":"https:\/\/dich-mit-stich.de\/magazin\/wp-json\/wp\/v2\/types\/page"}],"author":[{"embeddable":true,"href":"https:\/\/dich-mit-stich.de\/magazin\/wp-json\/wp\/v2\/users\/4"}],"replies":[{"embeddable":true,"href":"https:\/\/dich-mit-stich.de\/magazin\/wp-json\/wp\/v2\/comments?post=1150"}],"version-history":[{"count":3,"href":"https:\/\/dich-mit-stich.de\/magazin\/wp-json\/wp\/v2\/pages\/1150\/revisions"}],"predecessor-version":[{"id":1155,"href":"https:\/\/dich-mit-stich.de\/magazin\/wp-json\/wp\/v2\/pages\/1150\/revisions\/1155"}],"wp:featuredmedia":[{"embeddable":true,"href":"https:\/\/dich-mit-stich.de\/magazin\/wp-json\/wp\/v2\/media\/1151"}],"wp:attachment":[{"href":"https:\/\/dich-mit-stich.de\/magazin\/wp-json\/wp\/v2\/media?parent=1150"}],"curies":[{"name":"wp","href":"https:\/\/api.w.org\/{rel}","templated":true}]}}