{"id":1167,"date":"2021-11-18T12:03:57","date_gmt":"2021-11-18T12:03:57","guid":{"rendered":"https:\/\/dich-mit-stich.de\/magazin\/?page_id=1167"},"modified":"2025-09-03T13:18:58","modified_gmt":"2025-09-03T13:18:58","slug":"snake-eyes-piercing","status":"publish","type":"page","link":"https:\/\/dich-mit-stich.de\/magazin\/snake-eyes-piercing\/","title":{"rendered":"Snake Eyes Piercing \u2013 Riskante Variante des Zungenpiercings"},"content":{"rendered":"<p>Das Snake Eyes Piercing ist eine moderne Variante des altbekannten Zungenpiercings. Dabei erfolgt das Stechen von der linken Seite auf die rechte Seite durch die Spitze der Zunge.<\/p>\n<h2>Herkunft des Snake Eyes Piercings<\/h2>\n<p>Beim Snake Eyes Piercing handelt es sich um eine neuere Form des Zungenpiercings. Die englische Bezeichnung Snake Eyes bedeutet \u00fcbersetzt \u201eSchlangenaugen\u201c. So haben die Barbells, die in horizontaler Richtung durch die Zungenspitze gestochen werden, \u00c4hnlichkeit mit Schlangenaugen. Obwohl diese <a href=\"https:\/\/dich-mit-stich.de\/magazin\/piercingarten\/\">Piercingvariante<\/a> ein Hingucker ist, kann sie verschiedene Probleme mit sich bringen.<\/p>\n<p>Das Snake Eyes Piercing z\u00e4hlt zum Zungenpiercing. In verschiedenen Kulturen ist das Tragen von Schmuck auf der Zunge Bestandteil von religi\u00f6sen Ritualen, bei denen eine innerliche Reinigung stattfand oder ein Opfer dargebracht wurde. Zum ersten Mal zu modischen Zwecken durchgef\u00fchrt wurde das Zungenpiercing 1978 durch den T\u00e4towierer Horst Streckenbach aus Deutschland. Es dauerte bis in die 90er Jahre, bis das Durchstechen der Zunge in den westlichen L\u00e4ndern ankam. Vor allem die Technoszene und die Popkultur trugen zur Verbreitung des Zungenpiercings bei.<\/p>\n<p>Sp\u00e4ter schlief der Trend zum Zungenpiercing wieder etwas ein. Seit einigen Jahren hat sich mit dem Snake Eyes Piercing jedoch eine neue Zungenpiercing-Variante verbreitet.<\/p>\n<h2>Motivation des Piercings<\/h2>\n<p>In einigen Kulturen wird das Zungenpiercing zur G\u00f6tterbeschw\u00f6rung zelebriert wie zum Beispiel in Phuket in Thailand beim allj\u00e4hrlichen Fest der neun Kaiserg\u00f6tter. Beim Beschw\u00f6ren der G\u00f6tter versetzen sich die Teilnehmer in einen Trancezustand und stechen sich verschiedene Gegenst\u00e4nde wie Schwerter oder Eisenstangen durch ihre Zunge. \u00c4hnliches wussten die Spanier im 16. Jahrhundert von den Azteken in Mexiko zu berichten, wenn diese ihre Blutopfer darbrachten.<\/p>\n<p>Das moderne Zungenpiercing, zu dem auch das Snake Eyes Piercing z\u00e4hlt, dient in erster Linie zum Schm\u00fccken der Zunge, um einen Hingucker zu erzielen. Bislang stellt das Snake Eyes Piercing aber eher eine seltene Form dar. Mit dem besonderen Aussehen wollen sich vor allem junge Leute von den anderen unterscheiden. Manche Menschen empfinden das Piercing auch angenehm beim K\u00fcssen.<\/p>\n<h2>So wird das Piercing gestochen<\/h2>\n<p>Im Unterschied zu den Zungenpiercings aus den 90er Jahren wird das Snake Eyes Piercing nicht mehr von der oberen in die untere Richtung gestochen, sondern stattdessen von links nach rechts. Weil dieses Piercing zu den eher riskanten Varianten geh\u00f6rt, ist es umso wichtiger, es von einem professionellen Piercer mit gen\u00fcgend Erfahrung durchf\u00fchren zu lassen. So sind unmittelbar unter der Spitze der Zunge zahlreiche Blutgef\u00e4\u00dfe vorhanden. Damit es nicht zu Komplikationen wie schweren Schmerzen, Beeintr\u00e4chtigungen der Nerven oder L\u00e4hmungen kommt, kontrolliert ein Profi-Piercer die Zunge ganz genau.<\/p>\n<p>Vor dem Stechen erfolgt die Reinigung der Mundregion mit einer desinfizierenden Mundsp\u00fclung. Danach findet eine lokale Bet\u00e4ubung der Zunge stat. Mit einem Schwamm saugt der Piercer den Speichel ab, um seine T\u00e4tigkeit zu erleichtern. N\u00e4chster Schritt ist das Markieren von Ein- und Austrittsstelle an der Zunge. Mit Klammern wird die Zunge zusammengedr\u00fcckt, um L\u00e4sionen der Hauptvenen entgegenzuwirken. Schlie\u00dflich sticht der Piercer horizontal mit einer Nadel durch die Zunge. Sp\u00e4ter zieht er ein Curved Barbell, einen gebogenen Stab, durch.<\/p>\n<h2>Gesundheitliches Risiko<\/h2>\n<p>Unter Profi-Piercern ist das Snake-Eye-Piercing durchaus umstritten, weil es mit einigen gesundheitlichen Risiken verbunden ist. Als besonders hoch gilt die Gefahr von Infektionen an der Zungenspitze. So ist es m\u00f6glich, dass Bakterien oder andere Keime in die Wunde vordringen.<\/p>\n<p>Eine weitere Komplikation kann durch den Piercer entstehen. Sticht er das Piercing n\u00e4mlich falsch, drohen Sprachfehler als Folgeerscheinung. Ist die Zungenspitze, die wichtig f\u00fcr die Lautbildung ist, nicht mehr zu richtigen Bewegungen imstande, tritt Lispeln auf Dauer ein.<\/p>\n<p>Auch die Z\u00e4hne k\u00f6nnen unter dem Snake Eyes Piercing leiden, weil sie beim Sprechen und Kauen in Mitleidenschaft gezogen werden, wenn das Schmuckst\u00fcck immer wieder in Kontakt mit ihnen ger\u00e4t. So drohen dadurch feine Risse im Zahnschmelz, die sp\u00e4ter Karies zur Folge haben. Es wird daher empfohlen, auf ein Schmuckst\u00fcck aus Kunststoff zur\u00fcckzugreifen und die Z\u00e4hne in regelm\u00e4\u00dfigen Abst\u00e4nden beim Zahnarzt kontrollieren zu lassen.<\/p>\n<h2>Schmerzen<\/h2>\n<p>Das Schmerzempfinden beim Setzen eines Snake Eye Piercings verl\u00e4uft individuell unterschiedlich. Grunds\u00e4tzlich ist diese Form des Piercings mit mehr Schmerzen verbunden als beim Durchstechen eines Ohrl\u00e4ppchens. So hat die Zunge eine gr\u00f6\u00dfere Dicke und wird von mehr Nerven durchzogen. Um Infektionen zu vermeiden, ist eine sorgf\u00e4ltige Pflege von Wichtigkeit.<\/p>\n<p>Das Stechen beim Snake Eyes Piercing dauert nicht lang, sodass schmerzhafte Beschwerden nur von kurzer Dauer sind.<\/p>\n<h2>Heilung und Pflege<\/h2>\n<p>Damit die Heilung der Wunde m\u00f6glichst rasch und ohne Komplikationen vorangeht, sollte auf einige Dinge geachtet werden. Nach jeder Mahlzeit muss eine alkoholfreie Mundsp\u00fclung erfolgen. Auf diese Weise wird der Ansammlung von sch\u00e4dlichen Bakterien entgegengewirkt. Sinnvoll ist au\u00dferdem eine zus\u00e4tzliche Reinigung mit einem Mundspray. Nicht empfohlen werden dagegen Desinfektionsmittel, die Alkohol oder Chlor enthalten. Beim Z\u00e4hneputzen ist behutsam zu b\u00fcrsten, sonst k\u00f6nnte das Piercing aus Versehen herausgerissen werden. In den ersten Tagen ist es au\u00dferdem besser, nicht zu viel zu sprechen.<\/p>\n<p>Beim Essen ist auf Lebensmittel, die scharf sind oder S\u00e4ure enthalten, zu verzichten. Gleiches gilt zun\u00e4chst auch f\u00fcr Milchprodukte, damit keine Reizungen auftreten. Kommt es zu Schwellungen, k\u00f6nnen kalter Kamillentee bzw. Salbeitee oder das Lutschen eines Eisw\u00fcrfels Abhilfe schaffen. In der Regel dauert der Heilungsverlauf vier bis acht Wochen.<\/p>\n","protected":false},"excerpt":{"rendered":"<p>Das Snake Eyes Piercing ist eine moderne Variante des altbekannten Zungenpiercings. Dabei erfolgt das Stechen von der linken Seite auf<\/p>\n","protected":false},"author":4,"featured_media":1184,"parent":0,"menu_order":0,"comment_status":"closed","ping_status":"closed","template":"","meta":{"ngg_post_thumbnail":0,"footnotes":""},"class_list":["post-1167","page","type-page","status-publish","has-post-thumbnail","hentry","comments-off"],"aioseo_notices":[],"_links":{"self":[{"href":"https:\/\/dich-mit-stich.de\/magazin\/wp-json\/wp\/v2\/pages\/1167","targetHints":{"allow":["GET"]}}],"collection":[{"href":"https:\/\/dich-mit-stich.de\/magazin\/wp-json\/wp\/v2\/pages"}],"about":[{"href":"https:\/\/dich-mit-stich.de\/magazin\/wp-json\/wp\/v2\/types\/page"}],"author":[{"embeddable":true,"href":"https:\/\/dich-mit-stich.de\/magazin\/wp-json\/wp\/v2\/users\/4"}],"replies":[{"embeddable":true,"href":"https:\/\/dich-mit-stich.de\/magazin\/wp-json\/wp\/v2\/comments?post=1167"}],"version-history":[{"count":5,"href":"https:\/\/dich-mit-stich.de\/magazin\/wp-json\/wp\/v2\/pages\/1167\/revisions"}],"predecessor-version":[{"id":1185,"href":"https:\/\/dich-mit-stich.de\/magazin\/wp-json\/wp\/v2\/pages\/1167\/revisions\/1185"}],"wp:featuredmedia":[{"embeddable":true,"href":"https:\/\/dich-mit-stich.de\/magazin\/wp-json\/wp\/v2\/media\/1184"}],"wp:attachment":[{"href":"https:\/\/dich-mit-stich.de\/magazin\/wp-json\/wp\/v2\/media?parent=1167"}],"curies":[{"name":"wp","href":"https:\/\/api.w.org\/{rel}","templated":true}]}}