{"id":1187,"date":"2021-11-23T12:41:46","date_gmt":"2021-11-23T12:41:46","guid":{"rendered":"https:\/\/dich-mit-stich.de\/magazin\/?page_id=1187"},"modified":"2025-09-03T13:16:14","modified_gmt":"2025-09-03T13:16:14","slug":"industrial-piercing","status":"publish","type":"page","link":"https:\/\/dich-mit-stich.de\/magazin\/industrial-piercing\/","title":{"rendered":"Industrial piercing"},"content":{"rendered":"<h3>\u00dcberblick<\/h3>\n<ul>\n<li><strong>Name:&nbsp;<\/strong>Industrial Piercing<\/li>\n<li><strong>Wo wird es gestochen:<\/strong> an der Ohrmuschel<\/li>\n<li><strong>Kosten Piercing:<\/strong> 60-100 EUR<\/li>\n<li><strong>Art:<\/strong> Ohrpiercing<\/li>\n<li><strong>Heilungsdauer:<\/strong> 3-24 Monate<\/li>\n<li><strong>Schmerzen beim Stechen:<\/strong> mittel bis schwer<\/li>\n<\/ul>\n<h2>Geschichte und Herkunft<\/h2>\n<p>Das Industrial Piercing ist spezieller, da es eigentlich zwei Piercings beinhaltet. Es ist auch unter den Namen Crossbow, Scaffold oder Transversal bekannt und besteht aus zwei<a href=\"https:\/\/dich-mit-stich.de\/magazin\/helix-piercing\/\"> Helix-Piercings<\/a>. Durch ein sogenanntes Barbell, sieht aus wie eine kleine Schmuckhantel, werden die beiden Helix-Piercings miteinander verbunden. Das Barbell ist in der Regel 30 bis 40 Millimeter lang und gerade. Durchstochen wird die obere Umrandung der <a href=\"https:\/\/dich-mit-stich.de\/magazin\/ohrmuschel-piercing\/\">Ohrmuschel<\/a> (Helix). Diese Art des Piercens ist in alten Kulturv\u00f6lkern bereits seit Jahrhunderten Tradition. So sieht man \u00e4hnlichen Schmuck vor allem bei den Massai in Teilen Afrikas sowie bei V\u00f6lkern auf Borneo.<\/p>\n<h2>Die Motivation des Piercings<\/h2>\n<p>Piercings generell sind ein Modestatement, ein K\u00f6rperkult, den nicht alle verstehen. Wer sich piercen l\u00e4sst, findet es schlichtweg sch\u00f6n. Oder man m\u00f6chte ein bestimmtes K\u00f6rperteil durch den Schmuck besonders hervorheben. Das Industrial Piercing ist vor allem bei Frauen sehr beliebt, aber auch immer mehr M\u00e4nner springen auf den Industrial-Zug mit auf. Das Industrial Piercing ist sehr auff\u00e4llig und kann besonders hervorgehoben werden. Mittlerweile gibt es Barbells in verschiedenen Materialien, Farben und verziert, zum Beispiel mit Kristallen, Ornamenten, Symbolen oder sogar Bildern. Das Industrial Piercing ist eben vielf\u00e4ltig und sehr kreativ.<\/p>\n<h2>So wird das Piercing gestochen<\/h2>\n<p>Beim Industrial Piercing gibt es zwei M\u00f6glichkeiten: das klassische Stechen oder das Punchen (Stanzen). Beides hat seine Vor- und Nachteile. Die Piercings werden in der Regel mit einem Durchmesser von 1,6 Millimetern gemacht. Vor dem Piercen muss das Ohr desinfiziert und die gew\u00fcnschten Piercingstellen markiert werden. Das Piercing muss nicht unbedingt diagonal gestochen werden, es geht auch vertikal oder in verschiedenen Winkeln. Beim Punchen werden die L\u00f6cher ausgestanzt, wobei das vorhandene Knorpelgewebe an den Stellen entfernt wird. Diese Art des Piercens hat den Nachteil, dass die L\u00f6cher nicht wieder vollst\u00e4ndig zuwachsen k\u00f6nnen. Der Vorteil liegt im schnelleren Heilungsprozess. Bei der klassischen Art werden die beiden L\u00f6cher mit einer Venenverweilkan\u00fcle gestochen. Hierbei wird das Knorpelgewebe verdr\u00e4ngt, es kann zu Druckschmerz kommen und der Heilungsprozess dauert l\u00e4nger.<\/p>\n<h2>Gesundheitliches Risiko<\/h2>\n<p>Industrial Piercings sind nicht riskanter f\u00fcr die Gesundheit als <a href=\"https:\/\/dich-mit-stich.de\/magazin\/piercingarten\/\">andere Piercings<\/a>. Der Heilungsprozess dauert l\u00e4nger und es kann zu Entz\u00fcndungen kommen. Da es zwei Piercings sind, sind auch zwei potenzielle Entz\u00fcndungsstellen vorhanden. Bleibt man mit dem Piercing an Haaren oder Kleidung h\u00e4ngen oder liegt man darauf, kann das zu Schmerzen f\u00fchren. W\u00e4hrend des Heilungsprozesses kann der K\u00f6rper aus Schutzreflex neues Bindegewebe bilden und es bildet sich Wildfleisch. Die Risiken sind aber \u00fcberschaubar, wenn man in ein erfahrenes Piercingstudio geht. Meist sind es nur leichte Entz\u00fcndungen und Hautreizungen, die gut behandelbar sind. Bei l\u00e4ngeren Entz\u00fcndungen sollte der Piercer oder ein Arzt aufgesucht werden, damit sich nichts infiziert.<\/p>\n<h2>Schmerzen<\/h2>\n<p>Das Schmerzempfinden beim Industrial Piercing ist von Mensch zu Mensch unterschiedlich. Knorpelpiercings sind in der Regel schmerzhaft, da in den Knorpeln viele Nerven sind. Beim Industrial wird der Knorpel gleich zwei Mal durchstochen. Das Stechen dauert nur ein paar Sekunden und in der Regel wird der Schmerz schnell von einem Gef\u00fchl des Pochens oder der Hitze abgel\u00f6st.<\/p>\n<h2>Heilung &amp; Pflege<\/h2>\n<p>Knorpelgewebe wird nicht durchblutet. Das hei\u00dft f\u00fcr den Heilungsprozess, dass es l\u00e4nger dauert. Es kann nach dem Stechen drei bis 24 Monate dauern, bis das Piercing vollst\u00e4ndig geheilt ist. Erschwerend kommt hinzu, dass beide Piercings miteinander verbunden sind und Bewegung entsteht, die das Heilen verl\u00e4ngert. Beim Punchen verheilt die Wunde wesentlich schneller, meist innerhalb von vier Wochen. W\u00e4hrend des Heilungsprozesses sollte das Barbell st\u00e4ndig getragen und das Piercing nicht entfernt werden. Bewegungen und Ber\u00fchrungen an den Stichkan\u00e4len sollten vermieden werden. Anfassen sollte man das Piercing nur mit desinfizierten H\u00e4nden. Am besten ist es, wenn man das Piercing drei Mal t\u00e4glich desinfiziert und in den ersten Tagen keine Shampoos, Haarsprays oder Seife benutzt. Auch Sauna, Schwimmbad und Solarium sowie Sport sollen erst einmal unterlassen werden. M\u00fctzen, Kopfh\u00f6rer oder das darauf schlafen erh\u00f6hen den Druck auf das Piercing und lassen es langsamer heilen. Zum S\u00e4ubern kann Kamillenwasser oder spezielle Piercingpflege genutzt werden.<\/p>\n<h2>Kosten<\/h2>\n<p>Ein Industrial Piercing kostet zwischen 60 und 100 Euro, wobei im Preis in der Regel das Stechen, der Schmuck sowie Mittel zur Pflege enthalten sind. Das Industrial Piercing kostet mehr, als ein einfaches Piercing, da zwei Stellen durchstochen werden.<\/p>\n<h2>Nach der Heilung<\/h2>\n<p>Wer nach der Heilung auf ausgefallenere Modelle umsteigen will, wird f\u00fcndig. Es gibt zahlreiche Varianten des Industrial Piercings, sowohl in Farbe als auch in Material und Verzierung. Beim Kauf des neuen Schmucks sollte man aber darauf achten, dass das Barbell die richtige L\u00e4nge hat. Ist der Stab zu kurz, entsteht eine unangenehme Spannung zwischen den beiden Piercings und das tut auf Dauer weh. Das Barbell sollte die gleiche L\u00e4nge haben, wie beim Erstschmuck, in der Regel sind das 30 bis 40 Millimeter. Das Wechseln des Schmucks ist eigentlich unkompliziert. Beide Seiten des Piercings sind abschraubbar. Entfernt man eine Kugel, kann die Stange vorsichtig aus dem Ohr gezogen und ausgetauscht werden. Ist die Kugel zu fest verschraubt, hilft ein Piercer beim L\u00f6sen und Wechseln.<\/p>\n","protected":false},"excerpt":{"rendered":"<p>\u00dcberblick Name:&nbsp;Industrial Piercing Wo wird es gestochen: an der Ohrmuschel Kosten Piercing: 60-100 EUR Art: Ohrpiercing Heilungsdauer: 3-24 Monate Schmerzen<\/p>\n","protected":false},"author":4,"featured_media":0,"parent":0,"menu_order":0,"comment_status":"closed","ping_status":"closed","template":"","meta":{"ngg_post_thumbnail":0,"footnotes":""},"class_list":["post-1187","page","type-page","status-publish","hentry","comments-off"],"aioseo_notices":[],"_links":{"self":[{"href":"https:\/\/dich-mit-stich.de\/magazin\/wp-json\/wp\/v2\/pages\/1187","targetHints":{"allow":["GET"]}}],"collection":[{"href":"https:\/\/dich-mit-stich.de\/magazin\/wp-json\/wp\/v2\/pages"}],"about":[{"href":"https:\/\/dich-mit-stich.de\/magazin\/wp-json\/wp\/v2\/types\/page"}],"author":[{"embeddable":true,"href":"https:\/\/dich-mit-stich.de\/magazin\/wp-json\/wp\/v2\/users\/4"}],"replies":[{"embeddable":true,"href":"https:\/\/dich-mit-stich.de\/magazin\/wp-json\/wp\/v2\/comments?post=1187"}],"version-history":[{"count":5,"href":"https:\/\/dich-mit-stich.de\/magazin\/wp-json\/wp\/v2\/pages\/1187\/revisions"}],"predecessor-version":[{"id":1284,"href":"https:\/\/dich-mit-stich.de\/magazin\/wp-json\/wp\/v2\/pages\/1187\/revisions\/1284"}],"wp:attachment":[{"href":"https:\/\/dich-mit-stich.de\/magazin\/wp-json\/wp\/v2\/media?parent=1187"}],"curies":[{"name":"wp","href":"https:\/\/api.w.org\/{rel}","templated":true}]}}