{"id":1325,"date":"2025-09-03T08:10:44","date_gmt":"2025-09-03T08:10:44","guid":{"rendered":"https:\/\/dich-mit-stich.de\/magazin\/?page_id=1325"},"modified":"2025-09-03T13:18:58","modified_gmt":"2025-09-03T13:18:58","slug":"anne-schweitzer","status":"publish","type":"page","link":"https:\/\/dich-mit-stich.de\/magazin\/anne-schweitzer\/","title":{"rendered":"Tattoo-Expertin: Anne Schweitzer"},"content":{"rendered":"<article class=\"author-profile\">\n<figure><img loading=\"lazy\" decoding=\"async\" class=\"size-medium wp-image-1326\" src=\"https:\/\/dich-mit-stich.de\/magazin\/wp-content\/uploads\/2025\/09\/Anne-Profilbild-185x300.jpg\" alt=\"\" width=\"185\" height=\"300\" srcset=\"https:\/\/dich-mit-stich.de\/magazin\/wp-content\/uploads\/2025\/09\/Anne-Profilbild-185x300.jpg 185w, https:\/\/dich-mit-stich.de\/magazin\/wp-content\/uploads\/2025\/09\/Anne-Profilbild-631x1024.jpg 631w, https:\/\/dich-mit-stich.de\/magazin\/wp-content\/uploads\/2025\/09\/Anne-Profilbild-768x1246.jpg 768w, https:\/\/dich-mit-stich.de\/magazin\/wp-content\/uploads\/2025\/09\/Anne-Profilbild-947x1536.jpg 947w, https:\/\/dich-mit-stich.de\/magazin\/wp-content\/uploads\/2025\/09\/Anne-Profilbild.jpg 1125w\" sizes=\"auto, (max-width: 185px) 100vw, 185px\" \/><\/figure>\n<p><strong>Anne Schweitzer<\/strong> ist seit Jahrzehnten eine feste Gr\u00f6\u00dfe in der Tattoo-Szene. Gemeinsam mit Clemens Schweitzer f\u00fchrt sie das \u00e4lteste Tattoo-Studio Nordhessens \u2013 gegr\u00fcndet 1983 in Kassel \u2013 und blickt auf \u00fcber <strong>40 Jahre Hautkunst-Tradition<\/strong> zur\u00fcck.<\/p>\n<p>Als Allrounderin realisiert Anne farbenpr\u00e4chtige <a href=\"https:\/\/dich-mit-stich.de\/magazin\/old-school-tattoos\/\">Old-School-Tattoos<\/a> ebenso wie filigrane Black-&amp;-White-\/Modern-Style-Arbeiten sowie detailreiches Dotwork. Jedes Motiv entsteht individuell nach Kundenvorstellung \u2013 als einzigartiges Werk und neue kreative Herausforderung.<\/p>\n<h2>Expertise &amp; Stilrichtungen<\/h2>\n<ul>\n<li>Old-School &amp; farbenpr\u00e4chtige Tattoos<\/li>\n<li>Black &amp; White \/ Modern-Style<\/li>\n<li>Dotwork &amp; feine Linien<\/li>\n<li>Individuelle Custom-Designs<\/li>\n<\/ul>\n<p><!-- WP: Query-Loop f\u00fcr Beitr\u00e4ge des Autors --><\/p>\n<h2>Studio &amp; Kontakt<\/h2>\n<p>T\u00e4towier-Studio Anne &amp; Clemens Schweitzer<br \/>\nSteinweg 1 (gegen\u00fcber dem Staatstheater)<br \/>\n34117 Kassel<br \/>\n<a href=\"https:\/\/www.clemens-schweitzer.de\/\" target=\"_blank\" rel=\"noopener\">www.clemens-schweitzer.de<\/a> \u00b7<br \/>\n<a href=\"https:\/\/www.anne-schweitzer.de\/\" target=\"_blank\" rel=\"noopener\">www.anne-schweitzer.de<\/a><\/p>\n<h2>Folgen Sie Anne Schweitzer<\/h2>\n<ul>\n<li><a href=\"https:\/\/www.instagram.com\/tattoostudio_schweitzer\/\" target=\"_blank\" rel=\"noopener\">Instagram<\/a><\/li>\n<li><a href=\"https:\/\/www.facebook.com\/TattooStudio.Anne.Clemens.Schweitzer\" target=\"_blank\" rel=\"noopener\">Facebook<\/a><\/li>\n<li><a href=\"https:\/\/www.youtube.com\/user\/schweitzerclemens\" target=\"_blank\" rel=\"noopener\">YouTube<\/a><\/li>\n<\/ul>\n<h2>Transparenz<\/h2>\n<p>Anne Schweitzer schreibt als freie Autorin f\u00fcr das Magazin von Dich-mit-Stich.de. Ihre Beitr\u00e4ge basieren auf langj\u00e4hriger praktischer Erfahrung und spiegeln ihre fachliche Einsch\u00e4tzung unabh\u00e4ngig wider.<\/p>\n<\/article>\n","protected":false},"excerpt":{"rendered":"<p>Anne Schweitzer ist seit Jahrzehnten eine feste Gr\u00f6\u00dfe in der Tattoo-Szene. Gemeinsam mit Clemens Schweitzer f\u00fchrt sie das \u00e4lteste Tattoo-Studio<\/p>\n","protected":false},"author":4,"featured_media":0,"parent":0,"menu_order":0,"comment_status":"closed","ping_status":"closed","template":"","meta":{"ngg_post_thumbnail":0,"footnotes":""},"class_list":["post-1325","page","type-page","status-publish","hentry","comments-off"],"aioseo_notices":[],"_links":{"self":[{"href":"https:\/\/dich-mit-stich.de\/magazin\/wp-json\/wp\/v2\/pages\/1325","targetHints":{"allow":["GET"]}}],"collection":[{"href":"https:\/\/dich-mit-stich.de\/magazin\/wp-json\/wp\/v2\/pages"}],"about":[{"href":"https:\/\/dich-mit-stich.de\/magazin\/wp-json\/wp\/v2\/types\/page"}],"author":[{"embeddable":true,"href":"https:\/\/dich-mit-stich.de\/magazin\/wp-json\/wp\/v2\/users\/4"}],"replies":[{"embeddable":true,"href":"https:\/\/dich-mit-stich.de\/magazin\/wp-json\/wp\/v2\/comments?post=1325"}],"version-history":[{"count":5,"href":"https:\/\/dich-mit-stich.de\/magazin\/wp-json\/wp\/v2\/pages\/1325\/revisions"}],"predecessor-version":[{"id":1332,"href":"https:\/\/dich-mit-stich.de\/magazin\/wp-json\/wp\/v2\/pages\/1325\/revisions\/1332"}],"wp:attachment":[{"href":"https:\/\/dich-mit-stich.de\/magazin\/wp-json\/wp\/v2\/media?parent=1325"}],"curies":[{"name":"wp","href":"https:\/\/api.w.org\/{rel}","templated":true}]}}