{"id":1335,"date":"2025-09-03T13:26:58","date_gmt":"2025-09-03T13:26:58","guid":{"rendered":"https:\/\/dich-mit-stich.de\/magazin\/?page_id=1335"},"modified":"2025-09-03T14:32:37","modified_gmt":"2025-09-03T14:32:37","slug":"expertenteam","status":"publish","type":"page","link":"https:\/\/dich-mit-stich.de\/magazin\/expertenteam\/","title":{"rendered":"Unser Expertenteam"},"content":{"rendered":"<section class=\"expertenteam\">\n<header>\u201eDich mit Stich\u201c vereint echte Praxis-Expertise aus Dating &amp; Tattoo-Kultur mit einer stabilen Technikbasis. Hier stellen wir unser Kernteam vor.<\/header>\n<article class=\"expert\">\n<h2>Christian M. Haas \u2013 Dating-Experte &amp; Mitgr\u00fcnder<\/h2>\n<p><img loading=\"lazy\" decoding=\"async\" class=\"alignnone size-medium wp-image-1305\" src=\"https:\/\/dich-mit-stich.de\/magazin\/wp-content\/uploads\/2025\/08\/Christian-M-Haas-200x300.png\" alt=\"Datingexperte\" width=\"200\" height=\"300\" srcset=\"https:\/\/dich-mit-stich.de\/magazin\/wp-content\/uploads\/2025\/08\/Christian-M-Haas-200x300.png 200w, https:\/\/dich-mit-stich.de\/magazin\/wp-content\/uploads\/2025\/08\/Christian-M-Haas-683x1024.png 683w, https:\/\/dich-mit-stich.de\/magazin\/wp-content\/uploads\/2025\/08\/Christian-M-Haas-768x1152.png 768w, https:\/\/dich-mit-stich.de\/magazin\/wp-content\/uploads\/2025\/08\/Christian-M-Haas.png 1024w\" sizes=\"auto, (max-width: 200px) 100vw, 200px\" \/><br \/>\nChristian M. Haas ist seit 2008 in der Online-Dating-Welt aktiv und betreibt zahlreiche Nischenportale. Gemeinsam mit Icony brachte er \u201eDich mit Stich\u201c an den Start, mit dem Ziel: eine seri\u00f6se, sichere und sympathische Plattform f\u00fcr t\u00e4towierte Singles.<\/p>\n<p><a href=\"https:\/\/dich-mit-stich.de\/magazin\/unser-datingexperte\/\">Zur Autoren-Seite von Christian<\/a><\/p>\n<\/article>\n<article class=\"expert\">\n<h2>Anne Schweitzer \u2013 Tattoo-Expertin &amp; Autorin<\/h2>\n<p><img loading=\"lazy\" decoding=\"async\" class=\"size-medium wp-image-1334\" src=\"https:\/\/dich-mit-stich.de\/magazin\/wp-content\/uploads\/2025\/09\/Anne-Schweitzer-Tattoo-Expertin-300x300.jpg\" alt=\"\" width=\"300\" height=\"300\" srcset=\"https:\/\/dich-mit-stich.de\/magazin\/wp-content\/uploads\/2025\/09\/Anne-Schweitzer-Tattoo-Expertin-300x300.jpg 300w, https:\/\/dich-mit-stich.de\/magazin\/wp-content\/uploads\/2025\/09\/Anne-Schweitzer-Tattoo-Expertin-1024x1021.jpg 1024w, https:\/\/dich-mit-stich.de\/magazin\/wp-content\/uploads\/2025\/09\/Anne-Schweitzer-Tattoo-Expertin-150x150.jpg 150w, https:\/\/dich-mit-stich.de\/magazin\/wp-content\/uploads\/2025\/09\/Anne-Schweitzer-Tattoo-Expertin-768x765.jpg 768w, https:\/\/dich-mit-stich.de\/magazin\/wp-content\/uploads\/2025\/09\/Anne-Schweitzer-Tattoo-Expertin.jpg 1201w\" sizes=\"auto, (max-width: 300px) 100vw, 300px\" \/><br \/>\nMit \u00fcber 40 Jahren Hautkunst-Tradition pr\u00e4gt Anne die Tattoo-Szene in Kassel. Als Allrounderin schreibt sie praxisnahe Beitr\u00e4ge zu Stilrichtungen, Motivwahl, Hygiene und Pflege \u2013 unabh\u00e4ngig und mit viel Erfahrung aus dem Studioalltag.<\/p>\n<p><a href=\"\/magazin\/anne-schweitzer\/\">Zur Autoren-Seite von Anne<\/a><\/p>\n<\/article>\n<article class=\"expert\">\n<h2>Icony \u2013 Technischer Partner &amp; Plattformbetrieb<\/h2>\n<p><img loading=\"lazy\" decoding=\"async\" class=\"alignnone size-full wp-image-1336\" src=\"https:\/\/dich-mit-stich.de\/magazin\/wp-content\/uploads\/2025\/09\/icony-gmbh.jpeg\" alt=\"\" width=\"249\" height=\"120\"><br \/>\nIcony ist unser Technologiepartner und betreibt die zugrundeliegende White-Label-Dating-Plattform. Sie sorgen f\u00fcr kontinuierliche Weiterentwicklung, Sicherheit, Datenschutz und einen stabilen Betrieb.<\/p>\n<ul>\n<li>Plattformbetrieb &amp; Weiterentwicklung<\/li>\n<li>Sicherheits- &amp; Datenschutz-Standards<\/li>\n<li>Skalierbare Infrastruktur<\/li>\n<\/ul>\n<p><a href=\"https:\/\/www.icony.com\/\" target=\"_blank\" rel=\"noopener\">Mehr \u00fcber Icony<\/a><\/p>\n<\/article>\n<\/section>\n<p>&nbsp;<\/p>\n<hr>\n<p>&nbsp;<\/p>\n","protected":false},"excerpt":{"rendered":"<p>\u201eDich mit Stich\u201c vereint echte Praxis-Expertise aus Dating &amp; Tattoo-Kultur mit einer stabilen Technikbasis. Hier stellen wir unser Kernteam vor.<\/p>\n","protected":false},"author":2,"featured_media":0,"parent":0,"menu_order":0,"comment_status":"closed","ping_status":"closed","template":"","meta":{"ngg_post_thumbnail":0,"footnotes":""},"class_list":["post-1335","page","type-page","status-publish","hentry","comments-off"],"aioseo_notices":[],"_links":{"self":[{"href":"https:\/\/dich-mit-stich.de\/magazin\/wp-json\/wp\/v2\/pages\/1335","targetHints":{"allow":["GET"]}}],"collection":[{"href":"https:\/\/dich-mit-stich.de\/magazin\/wp-json\/wp\/v2\/pages"}],"about":[{"href":"https:\/\/dich-mit-stich.de\/magazin\/wp-json\/wp\/v2\/types\/page"}],"author":[{"embeddable":true,"href":"https:\/\/dich-mit-stich.de\/magazin\/wp-json\/wp\/v2\/users\/2"}],"replies":[{"embeddable":true,"href":"https:\/\/dich-mit-stich.de\/magazin\/wp-json\/wp\/v2\/comments?post=1335"}],"version-history":[{"count":11,"href":"https:\/\/dich-mit-stich.de\/magazin\/wp-json\/wp\/v2\/pages\/1335\/revisions"}],"predecessor-version":[{"id":1348,"href":"https:\/\/dich-mit-stich.de\/magazin\/wp-json\/wp\/v2\/pages\/1335\/revisions\/1348"}],"wp:attachment":[{"href":"https:\/\/dich-mit-stich.de\/magazin\/wp-json\/wp\/v2\/media?parent=1335"}],"curies":[{"name":"wp","href":"https:\/\/api.w.org\/{rel}","templated":true}]}}