{"id":246,"date":"2018-10-28T11:26:57","date_gmt":"2018-10-28T11:26:57","guid":{"rendered":"https:\/\/dich-mit-stich.de\/magazin\/?page_id=246"},"modified":"2025-10-02T20:08:07","modified_gmt":"2025-10-02T20:08:07","slug":"tribal-tattoo","status":"publish","type":"page","link":"https:\/\/dich-mit-stich.de\/magazin\/tribal-tattoo\/","title":{"rendered":"Das Tribal Tattoo"},"content":{"rendered":"<p>Wer sich mit dem Stechen eines Tattoos auseinandergesetzt hat, wird sicherlich bereits \u00fcber Tribals geh\u00f6rt haben. Oft wissen Menschen auch den genauen Terminus nicht aber k\u00f6nnen sich ein Bild dieser Tattooform vorstellen. Eine Tattooform, die ihren eigenen <a href=\"https:\/\/dich-mit-stich.de\/magazin\/tattoo-stile\/\">Stil<\/a> und Geschichte mit sich bringt.<!--more--><\/p>\n<h3>Tribals &#8211; Die \u00dcbersetzung<\/h3>\n<p>Tribals, aus dem Englischen \u00fcbersetzt: St\u00e4mme. Das ist auch das Stichwort, denn ein Tribal ist ein Erkennungszeichen oder auch Mal eines Stammes.<br \/>\nDiese St\u00e4mme, stammend aus Indonesien, Tahiti, Neuseeland usw. , versehrten h\u00e4ufig ihre Krieger mit fast ausschlie\u00dflich in schwarz gehaltenen Ornamenten aus geschwungen Linien und Symbolen.<\/p>\n<p>Ein Tribal ist bedeutungsvoller, je mehr Gebilde und somit auch Bedeutungen darin enthalten sind. Es kann einfach beginnen mit einem Punkt oder Kreis aber auch komplexer durch Linien, Dreiecke, Vierecke usw. werden. Hierbei sind der Fantasie keine Grenzen gesetzt und alles wird miteinander verbunden, um Smyboliken zu erzeugen.<\/p>\n<h3>Geschichte<\/h3>\n<p>Es ist nicht genau zur\u00fcckzuverfolgen, welches Urvolk genau mit den Tribals begann. Mehrere V\u00f6lkerst\u00e4mme aus unterschiedlichsten Kulturen entwickelten ganz eigene Formen der Tribals.<br \/>\nFr\u00fcher k\u00e4mpften die Urv\u00f6lker mit Speeren\/Lanzen gegeneinander, deren Spitzen in Kohle geh\u00e4rtet wurden. Dadurch hatten die Spitzen eine schw\u00e4rzliche Verf\u00e4rbung. Kam es nun zum Krieg oder Kampf und ein Krieger verletzte sich, blieben oft schwarze R\u00fcckstande der Kohle in den Wunden. Diese wirkten wie ein Mal, das Tapferkeit symbolisierte denn der Krieger erlag nicht seinen Verletzungen, sondern tr\u00e4gt sie nun stolz bei sich. Das f\u00fchrte aber auch dazu, dass sich Krieger schlichtweg Verletzungen zuf\u00fchrten, die \u00e4hnlich wie eine echte Kriegsverletzung aussahen und schw\u00e4rzlich verf\u00e4rbt waren. Dies geschah mit dem Hintergrund den Feind vor einer Schlacht zu beeindrucken oder war als Schutz f\u00fcr Stammesh\u00e4uptlinge und deren Krieger gedacht. Weniger kampferfahrene Krieger konnten so ihre Feinde bluffen und hofften dadurch auf eine Aufgabe des Kampfes, bevor \u00fcberhaupt einer stattfand.<\/p>\n<h3>Von der Feindabschreckung hin zum K\u00f6rperschmuck<\/h3>\n<p>Schnell begannen die Urv\u00f6lker diese anf\u00e4ngliche Kriegsbemalung auf G\u00f6tter zur\u00fcckzuf\u00fchren, die den Menschen die Tribaltattoos \u00fcberlieferten. Es durften auch nur einige auserw\u00e4hlte Stammesmitglieder Tattoos stechen und das unter strenger Vorgabe der eigenen Kultur, derer Regeln und Br\u00e4uche. Beispielsweise das Urvolk der Neuseel\u00e4nder glaubte an den Sohn des Erdbebengottes Uetonga, der den Menschen die Tattoos \u00fcberlieferte.<\/p>\n<h3>Der Indianer der S\u00fcdsee<\/h3>\n<p>Es wird sicherlich bisher noch niemand von dem tahitianischen Prinzen Omai geh\u00f6rt haben, doch dieser war, laut \u00dcberlieferungen, der Ausl\u00f6ser und \u00dcberbringer von Tribal Tattoos in Europa.<br \/>\nW\u00e4hrend die Briten um 1770 herum Tahiti entdeckten, fuhr der tahitianische Prinz Omai mit nach England. Dieser war am gesamten K\u00f6rper t\u00e4towiert und das stie\u00df auf besondere Freude in England, denn bisher hatte es nichts vergleichbares in Europa gegeben. Er war ein Spektakel, bereiste mit den Engl\u00e4ndern mehrere L\u00e4nder und St\u00e4dte, darunter auch Berlin, und bekam den Titel &#8220;Der Indianer der S\u00fcdsee&#8220;.<\/p>\n<p>Der Prinz erz\u00e4hlte von seinem K\u00f6rperschmuck und betitelte ihn als &#8220;Tatau&#8220;. Das \u00e4nderten die Europ\u00e4er in Tattoo um und das Tattoo war geboren.<\/p>\n<h3>Das Verschwinden der Tribals<\/h3>\n<p>Schnell begannen die Europ\u00e4er \u00e4hnliche Tattoos zu entwickeln und haupts\u00e4chlich Seeleute begannen sich Tattoos stechen zu lassen. Man denke hier plakativ an den Piraten &#8220;Jack Sparrow&#8220; aus der Filmreihe Fluch der Karibik, der sich einen Spatz auf den Unterarm wegen seines Namens t\u00e4towieren lie\u00df.<br \/>\nDoch wie auch der Spatz, begannen die Symbole weniger und weniger auszusehen wie die Tribals der Urv\u00f6lker und mehr wie auf Seeleute zugeschnittene Symbole. Beispielsweise <a href=\"https:\/\/dich-mit-stich.de\/magazin\/anker-tattoos\/\">Anker<\/a>, Totenk\u00f6pfe oder \u00c4hnliches. Die Europ\u00e4er begannen eine eigene Tattookultur, die h\u00e4ufig behaftet war mit Verbechern, Piraten usw. . Daher ist bis heute das Tragen von Tattoos generell mit einem schlechten Bild versehen.<\/p>\n<h3>Das erneute Auftauchen<\/h3>\n<p>Anfang der 90er Jahre tauchten Tribals pl\u00f6tzlich wieder auf. Das popul\u00e4rste Beispiel daf\u00fcr war das verspottete &#8220;Arschgeweih&#8220;. Man mag es kaum glauben aber auch das ist ein Tribal. In der heutigen Zeit ist diese Tattooart weniger beliebt aber zu Beginn der 90er Jahre feierten die Tribals dadurch ein Comeback.<br \/>\nHeutzutage sind Tattoos deutlich anerkannter als vor 30 Jahren und Tribals finden h\u00e4ufig Anklang. Oft wird diese Art von Tattoo wesentlich objektiver von Au\u00dfenstehenden betrachtet, da die Kunstform leichter erkennbar ist.<\/p>\n<p>Viele Schauspieler, unter anderem Dwayne &#8220;the Rock&#8220; Johnson, tragen ebenfalls Tribaltatoos und pr\u00e4sentieren diese in der \u00d6ffentlichkeit.<br \/>\nEs sollte sich dennoch klar gemacht werden, dass ein Tribal auch die Bedeutung von antiken G\u00f6ttern oder ganz anderen tieferen Bedeutungen haben kann und daher in Absprache mit dem T\u00e4towierer und der eigenen Recherche, diese Tattoos nicht gestochen werden. Das ist nat\u00fcrlich kein Muss aber eine Art von Respekt gegen\u00fcber der Kultur.<br \/>\nWer also mit dem Gedanken spielt, sich ein Tribaltattoo stechen zu lassen, der hat heutzutage eine gro\u00dfe Auswahl von kulturtr\u00e4chtigen Tattoosymbolen und Motiven.<\/p>\n<p>&nbsp;<\/p>\n<h3>Tribal Tattoo Inspirationen<\/h3>\n<ul>\n<li style=\"list-style-type: none;\">\n<ul>\n<li><a href=\"https:\/\/dich-mit-stich.de\/magazin\/maori-tribal-tattoo\/\">Maori Tribal Tattoos<\/a><\/li>\n<li><a href=\"https:\/\/dich-mit-stich.de\/magazin\/polynesische-tribal-tattoo\/\">Polynesische Tribal Tattoos<\/a><\/li>\n<li><a href=\"https:\/\/dich-mit-stich.de\/magazin\/hawaiianische-tribal-tattoo\/\">Hawaiianische Tribal Tattoos<\/a><\/li>\n<li><a href=\"https:\/\/dich-mit-stich.de\/magazin\/borneo-tribal-tattoo\/\">Borneo Tribal Tattoos<\/a><\/li>\n<li><a href=\"https:\/\/dich-mit-stich.de\/magazin\/aztekische-maya-tribal-tattoo\/\">Aztekische und Maya Tribal Tattoos&nbsp;<\/a><\/li>\n<li><a href=\"https:\/\/dich-mit-stich.de\/magazin\/afrikanische-tribal-tattoo\/\">Afrikanische Tribal Tattoos&nbsp;<\/a><\/li>\n<\/ul>\n<\/li>\n<\/ul>\n","protected":false},"excerpt":{"rendered":"<p>Wer sich mit dem Stechen eines Tattoos auseinandergesetzt hat, wird sicherlich bereits \u00fcber Tribals geh\u00f6rt haben. Oft wissen Menschen auch<\/p>\n","protected":false},"author":4,"featured_media":250,"parent":0,"menu_order":0,"comment_status":"closed","ping_status":"closed","template":"","meta":{"ngg_post_thumbnail":0,"footnotes":""},"class_list":["post-246","page","type-page","status-publish","has-post-thumbnail","hentry","comments-off"],"aioseo_notices":[],"_links":{"self":[{"href":"https:\/\/dich-mit-stich.de\/magazin\/wp-json\/wp\/v2\/pages\/246","targetHints":{"allow":["GET"]}}],"collection":[{"href":"https:\/\/dich-mit-stich.de\/magazin\/wp-json\/wp\/v2\/pages"}],"about":[{"href":"https:\/\/dich-mit-stich.de\/magazin\/wp-json\/wp\/v2\/types\/page"}],"author":[{"embeddable":true,"href":"https:\/\/dich-mit-stich.de\/magazin\/wp-json\/wp\/v2\/users\/4"}],"replies":[{"embeddable":true,"href":"https:\/\/dich-mit-stich.de\/magazin\/wp-json\/wp\/v2\/comments?post=246"}],"version-history":[{"count":6,"href":"https:\/\/dich-mit-stich.de\/magazin\/wp-json\/wp\/v2\/pages\/246\/revisions"}],"predecessor-version":[{"id":1479,"href":"https:\/\/dich-mit-stich.de\/magazin\/wp-json\/wp\/v2\/pages\/246\/revisions\/1479"}],"wp:featuredmedia":[{"embeddable":true,"href":"https:\/\/dich-mit-stich.de\/magazin\/wp-json\/wp\/v2\/media\/250"}],"wp:attachment":[{"href":"https:\/\/dich-mit-stich.de\/magazin\/wp-json\/wp\/v2\/media?parent=246"}],"curies":[{"name":"wp","href":"https:\/\/api.w.org\/{rel}","templated":true}]}}