{"id":281,"date":"2018-11-08T10:45:16","date_gmt":"2018-11-08T10:45:16","guid":{"rendered":"https:\/\/dich-mit-stich.de\/magazin\/?page_id=281"},"modified":"2025-09-03T13:16:13","modified_gmt":"2025-09-03T13:16:13","slug":"wolf-tattoo","status":"publish","type":"page","link":"https:\/\/dich-mit-stich.de\/magazin\/wolf-tattoo\/","title":{"rendered":"Das Wolf Tattoo"},"content":{"rendered":"<h3>Die Bedeutung des Wolf Tattoos<\/h3>\n<p>Wolfstattoos haben eine gro\u00dfe Beliebtheit und sind weit verbreitet. Viele lassen sich den Wolf auf die Haut stechen. <!--more-->Aber hinter dem Stich steckt mehr, denn der Wolf hat eine gro\u00dfe Bedeutung. Diese Tattoos werden mit den verschiedensten M\u00f6glichkeiten dargestellt. Sie sind oft alleine aber auch mit anderen Elementen zu finden. In vielen Kulturen ist der Wolf ein Tier von Symbolik. Speziell bei den Indianern hat der Wolf eine besondere tiefe Bedeutung. Trotz der schweren Bedingungen hat das Tier \u00fcber mehreren Tausenden von Jahren \u00fcberlebt. Sie beweisen sich als geschickte und starke J\u00e4ger, die meist in Gruppen unterwegs sind. Ob in M\u00e4rchen oder Filmen der Wolf selbst hat eine interessante Mythologie, die in allen Medien zu finden sind. Ein bekanntes Beispiel ist der Werwolf. Egal ob die Bestie gut oder b\u00f6se dargestellt wird. Das Hauptmerkmal ist hier die St\u00e4rke.<\/p>\n<h3>Um welche Symbolik handelt es sich hier?<\/h3>\n<p>Ob als Geist oder Gl\u00fccksbringer der Wolf kann viele Bedeutungen haben und symbolisiert unter anderem Ausdauer und Loyalit\u00e4t. In den Indianerlegenden hat das Tier eine unglaubliche St\u00e4rke, die es von den Geistern verliehen bekommen hat. Man sagt, sie haben die F\u00e4higkeit sich in Menschen zu verwandeln. In manchen Religionen glaubt man, das Symbol sei ein schlechtes Omen und wird oft mit dem Teufel in Verbindung gebracht. \u00dcber die Jahre ist der Wolf aber immer n\u00e4her mit dem Menschen in Ber\u00fchrung gekommen. Oft steht das Wolfssymbol auch als Zeichen der Familie. Sie \u00fcberlebten, weil sie meist in Rudeln jagen und zusammenleben. Das macht den Wolf so stark und hat deswegen bis heute \u00fcberlebt. Zudem wechselt der Wolf nicht seinen Partner und das Rudel k\u00fcmmert sich um die Nachkommen. Deshalb wird das Symbol auch ein Zeichen der Familie angesehen.<\/p>\n<h3>Das Wolfstattoo in Kombination mit anderen Zeichen<\/h3>\n<p>Wolfstattoos werden gerne mit anderen Symbolen kombiniert, um ihnen eine st\u00e4rkere Bedeutung zu geben. Oft werden diese Tattoos mit anderen Tieren wie zum Beispiel B\u00e4ren, Adlern und Eulen verbunden. Beliebt sind auch Mond, Wasser und Berg oder keltische Zeichen wie Federn oder <a href=\"https:\/\/dich-mit-stich.de\/magazin\/tribal-tattoo\/\">Tribal<\/a>. Diese Symbole versch\u00f6nern nicht nur das Tattoo, sondern geben zus\u00e4tzlich der K\u00f6rperkunst auch noch mehr Tiefe und Bedeutung.<\/p>\n<h3>Den Stil richtigen entdecken<\/h3>\n<p>Nicht nur die Kombinationen der Zeichen spielen eine Rolle. Der <a href=\"https:\/\/dich-mit-stich.de\/magazin\/tattoo-stile\/\">Stil bzw. die Stilart<\/a> ist ebenfalls wichtig. Es gibt viele verschiedene M\u00f6glichkeiten sich den Wolf stechen zu lassen. Neben <a href=\"https:\/\/dich-mit-stich.de\/magazin\/tribal-tattoo\/\">Tribal<\/a>, Celtic oder realistisch ist auch Cartoon m\u00f6glich. Ein Wolf kann in fast jedem Stil dargestellt werden. Es liegt also am eigenen Geschmack, was zu einem passt. Das Tier kann auch in unterschiedlichen Formen dargestellt werden wie zum Beispiel knurrender Wolf, heulender Wolf. Au\u00dferdem gibt es noch verschiedene Arten des Tieres wie grauer Wolf, arktischer Wolf, wei\u00dfer Wolf und schwarzer Wolf. Es gibt also Hunderte verschiedene M\u00f6glichkeiten und Kombinationen, wie man sich dieses spannende Tier stechen l\u00e4sst. Die Kreativit\u00e4t hat hier keine grenzen.<\/p>\n<h3>Die geeignete K\u00f6rperstelle<\/h3>\n<p>Eine wichtige Frage f\u00fcr jeden, der sich ein <strong>Wolfstattoo<\/strong> stechen lassen will. Die meisten lassen sich den Wolf klassisch auf den R\u00fccken stechen. <a href=\"https:\/\/dich-mit-stich.de\/magazin\/tattoos-fuer-maenner\/\">Beliebt ist das Tattoo bei M\u00e4nnern<\/a> aber auch auf dem Hals, Taille oder auf dem Oberarm. Wer m\u00f6chte, dass das Tier gut zur Geltung kommt, sollte sich \u00fcberlegen eine gro\u00dfe Stelle zu suchen. Das Schulterblatt eignet sich ebenfalls gut, da bei vielen dort der Schmerz nicht so stark ist und sich das Tattoo dort recht einfach stechen l\u00e4sst.<\/p>\n<h3>Sich inspirieren lassen<\/h3>\n<p>Wie man sehen kann, gibt es also viele Bedeutungen von diesem Zeichen. Mit viel Kreativit\u00e4t l\u00e4sst sich das Tattoo nach seinem eigenen Charakter gut anpassen. Wer sich \u00fcberlegt ein Wolfstattoo stechen zu lassen, sollte gut und viel recherchieren, da sich die Bedeutung sehr schnell ver\u00e4ndert. Das Tattoo wird f\u00fcr immer auf der Haut bleiben und sollte daher gut zu einem passen.<\/p>\n","protected":false},"excerpt":{"rendered":"<p>Die Bedeutung des Wolf Tattoos Wolfstattoos haben eine gro\u00dfe Beliebtheit und sind weit verbreitet. Viele lassen sich den Wolf auf<\/p>\n","protected":false},"author":4,"featured_media":283,"parent":0,"menu_order":0,"comment_status":"closed","ping_status":"closed","template":"","meta":{"ngg_post_thumbnail":0,"footnotes":""},"class_list":["post-281","page","type-page","status-publish","has-post-thumbnail","hentry","comments-off"],"aioseo_notices":[],"_links":{"self":[{"href":"https:\/\/dich-mit-stich.de\/magazin\/wp-json\/wp\/v2\/pages\/281","targetHints":{"allow":["GET"]}}],"collection":[{"href":"https:\/\/dich-mit-stich.de\/magazin\/wp-json\/wp\/v2\/pages"}],"about":[{"href":"https:\/\/dich-mit-stich.de\/magazin\/wp-json\/wp\/v2\/types\/page"}],"author":[{"embeddable":true,"href":"https:\/\/dich-mit-stich.de\/magazin\/wp-json\/wp\/v2\/users\/4"}],"replies":[{"embeddable":true,"href":"https:\/\/dich-mit-stich.de\/magazin\/wp-json\/wp\/v2\/comments?post=281"}],"version-history":[{"count":5,"href":"https:\/\/dich-mit-stich.de\/magazin\/wp-json\/wp\/v2\/pages\/281\/revisions"}],"predecessor-version":[{"id":1032,"href":"https:\/\/dich-mit-stich.de\/magazin\/wp-json\/wp\/v2\/pages\/281\/revisions\/1032"}],"wp:featuredmedia":[{"embeddable":true,"href":"https:\/\/dich-mit-stich.de\/magazin\/wp-json\/wp\/v2\/media\/283"}],"wp:attachment":[{"href":"https:\/\/dich-mit-stich.de\/magazin\/wp-json\/wp\/v2\/media?parent=281"}],"curies":[{"name":"wp","href":"https:\/\/api.w.org\/{rel}","templated":true}]}}