{"id":319,"date":"2018-12-18T09:56:28","date_gmt":"2018-12-18T09:56:28","guid":{"rendered":"https:\/\/dich-mit-stich.de\/magazin\/?page_id=319"},"modified":"2025-09-03T13:18:58","modified_gmt":"2025-09-03T13:18:58","slug":"skull-tattoos","status":"publish","type":"page","link":"https:\/\/dich-mit-stich.de\/magazin\/skull-tattoos\/","title":{"rendered":"Skull Tattoos \u2013 Sinn und Herkunft"},"content":{"rendered":"<h3>Totensch\u00e4delromantik und Verg\u00e4nglichkeit<\/h3>\n<p>Totensch\u00e4del (en. Skull) und andere Knochenteile haben in der Geschichte der Menschheit eine lange kultische Tradition. <!--more-->Doch eine Bedeutung des Totenkopfes entwickelte sich besonders in der westlichen Kultur. Im Zeitalter der Piraten spielte seine Symbolik pl\u00f6tzlich eine ganz andere Rolle. Der Jolly Roger trat auf den Plan. Auch sp\u00e4ter noch wurde der menschliche Totensch\u00e4del als milit\u00e4risches Symbol verwendet, so von den Totenkopfhusaren des deutschen Kaiserreichs oder den SS-Totenkopfverb\u00e4nden im Dritten Reich. Als etwa zu Beginn des 20. Jahrhunderts Tattoos immer gr\u00f6\u00dfere Beliebtheit gewannen, entwickelten sich dort die <a href=\"https:\/\/dich-mit-stich.de\/magazin\/tattoo-motive\/\">typischen Tattoo Motive<\/a>, wie sie heute noch popul\u00e4r sind. Darunter der Totenkopf. Der gerne auf Hand, Ober- und Unterarm und anderen K\u00f6rperteilen getragen wurde und wird. Im 21. Jahrhundert ist er l\u00e4ngst in der Popkultur angekommen und wird oft nur unter \u00e4sthetischen Aspekten betrachtet.<\/p>\n<h3>Ursprung<\/h3>\n<p>Die Herkunft dieses Motivs kann man bis in die antiken Zeiten zur\u00fcckverfolgen. Bereits auf r\u00f6mischen Wandmosaiken kam der Totenkopf als Stillleben-Element vor. Durchaus in der Funktion eines Vanitas Motivs. Ab dem abendl\u00e4ndischen Mittelalter besa\u00df er seine bis heute erhaltene Bedeutung als einem Symbol der Verg\u00e4nglichkeit und des Todes. Zu der Zeit des Barocks kam der Mahnung an die Verg\u00e4nglichkeit neuer Sinn zu. Der 30. J\u00e4hrige Krieg hatte Mitteleuropa verw\u00fcstet und man lebte von Tag zu Tag mit dem Wissen sehr bald sterben zu k\u00f6nnen. In anderen Kulturen, wie der mexikanischen war die Entwicklung eine andere. Christliche Kulte vermischten sich mit heidnischen und heute noch hat der Tod dort eine eher positive Bedeutung. Erkennbar an La Catrina- oder Sugar Skull-Motiven. Diese haben ihren Ursprung am Tag der Toten, die zu dieser Zeit mit einem gro\u00dfen Fest geehrt werden.<\/p>\n<h3>Bedeutung<\/h3>\n<p>Um die Bedeutung des Motivs besser fassen zu k\u00f6nnen, ist es wichtig die Ambivalenz an Bedeutungen des Todes in den unterschiedlichsten Kulturen in unterschiedlichen Epochen zu verstehen.<\/p>\n<p>Im Christentum war\/ist das diesseitige Leben ein Ort der st\u00e4ndigen Versuchung, der S\u00fcnde, voll von Krankheiten und Seuchen. Ziel eines guten Christen ist es ein tugendhaftes und m\u00f6glichst Laster freies Leben zu f\u00fchren, um der H\u00f6lle und dem Fegefeuer zu entkommen und das Himmlische Jerusalem betreten zu d\u00fcrfen. Der Totenkopf ist hier ein Ausdruck entweder der Trauer oder ein moralisches Mahnmal der Verg\u00e4nglichkeit allen irdischen Lebens. Hieraus entstand die Vanitas Symbolik (lat. etwa \u201eleerer Schein, Vergeblichkeit) und das Memento Mori (lat. \u201eSei dir der Sterblichkeit bewusst) des Barock.<\/p>\n<p>In fern\u00f6stlichen und z.B. alt germanischen Kulturen hat der Tod keine Endg\u00fcltigkeit. Die Welt ist zyklisch, alles kehrt zur\u00fcck und auf den Tod folgt das Leben. Die Konzentration liegt dort vielmehr auf der Diesseitigkeit des Lebens und das Leben im Augenblick. Besonders in Buddhismus und Daoismus ist das augenblickliche Leben und ein Pr\u00e4sent-Sein im Hier und Jetzt sehr wichtig. Diese Perspektive auf Dasein und Welt schlich sich somit auch in die Bedeutung der Skull Tattoos ein. Und so entstanden verschiedene Dualismen. Die oben genannte Dualit\u00e4t von Sch\u00f6nheit und Verfall, Gut und B\u00f6se die Dualit\u00e4t von Leben und Tod oder Yin und Yang.<\/p>\n<p>Ein dritte Bedeutungsebene kommt hinzu. Der Totenkopf ist auch ein Gefahrensymbol. Einerseits in der Chemie. Andererseits setzt Milit\u00e4r bis in unsere Tage Totenk\u00f6pfe mit gekreuzten Knochen ein. Die Totenkopfhusaren der preu\u00dfischen Armee trugen ihn auf einer Pelzm\u00fctze. Gemeint war, dass vom Feind kein Pardon akzeptiert wird und der Husar selbst gnadenlos mit seinen Gegnern ist. Die SS war eine exekutive Macht im nationalsozialistischen Deutschland. Ihr Totenkopfverband organisierte den Holocaust. Der Black Jack (Jolly Roger) der Piraten des 17. bis 19. Jahrhunderts verwendeten Variationen dieser Motivik als eine Androhung eines grausamen Todes, sollten die Gekaperten den Piraten nicht freie Hand lassen. Heute wird diese Flagge von der britischen Marine als Zeichen des Triumphes gebraucht.<\/p>\n<h3>Das Totenkopftattoo<\/h3>\n<p>ist aufgeladen mit Bedeutung. Vorlagen f\u00fcr ein eigenes, individuelles <strong>Skull Tattoo<\/strong> existieren unz\u00e4hlige. Der symbolische Sinn hat bereits eine ganze Menschheitsgeschichte hinter sich gebracht und mit der Begr\u00fcndung des westlichen Tattoo Kults in der Moderne wurde es schnell zu einem beliebten Motiv, das gerne auf dem Arm getragen wird. In unserer Popkultur muss der Totensch\u00e4del keine bestimmte Bedeutung haben, er darf einfach sch\u00f6n aussehen. Andere Menschen verbinden mit ihm Erinnerung, Mahnung, Schmerz oder Drohung. Wieder andere sehen ihn als Gl\u00fccksbringer. Selten steht der Sch\u00e4del allein f\u00fcr sich. H\u00e4ufig wird er von Rosen, Schlangen, Mode Accessoires, Zigaretten, sch\u00f6nen Frauen und weiteren Zeichen und Symbolen, sowie Schrift kombiniert.<\/p>\n","protected":false},"excerpt":{"rendered":"<p>Totensch\u00e4delromantik und Verg\u00e4nglichkeit Totensch\u00e4del (en. Skull) und andere Knochenteile haben in der Geschichte der Menschheit eine lange kultische Tradition.<\/p>\n","protected":false},"author":4,"featured_media":322,"parent":0,"menu_order":0,"comment_status":"closed","ping_status":"closed","template":"","meta":{"ngg_post_thumbnail":0,"footnotes":""},"class_list":["post-319","page","type-page","status-publish","has-post-thumbnail","hentry","comments-off"],"aioseo_notices":[],"_links":{"self":[{"href":"https:\/\/dich-mit-stich.de\/magazin\/wp-json\/wp\/v2\/pages\/319","targetHints":{"allow":["GET"]}}],"collection":[{"href":"https:\/\/dich-mit-stich.de\/magazin\/wp-json\/wp\/v2\/pages"}],"about":[{"href":"https:\/\/dich-mit-stich.de\/magazin\/wp-json\/wp\/v2\/types\/page"}],"author":[{"embeddable":true,"href":"https:\/\/dich-mit-stich.de\/magazin\/wp-json\/wp\/v2\/users\/4"}],"replies":[{"embeddable":true,"href":"https:\/\/dich-mit-stich.de\/magazin\/wp-json\/wp\/v2\/comments?post=319"}],"version-history":[{"count":3,"href":"https:\/\/dich-mit-stich.de\/magazin\/wp-json\/wp\/v2\/pages\/319\/revisions"}],"predecessor-version":[{"id":589,"href":"https:\/\/dich-mit-stich.de\/magazin\/wp-json\/wp\/v2\/pages\/319\/revisions\/589"}],"wp:featuredmedia":[{"embeddable":true,"href":"https:\/\/dich-mit-stich.de\/magazin\/wp-json\/wp\/v2\/media\/322"}],"wp:attachment":[{"href":"https:\/\/dich-mit-stich.de\/magazin\/wp-json\/wp\/v2\/media?parent=319"}],"curies":[{"name":"wp","href":"https:\/\/api.w.org\/{rel}","templated":true}]}}