{"id":348,"date":"2019-01-18T16:22:18","date_gmt":"2019-01-18T16:22:18","guid":{"rendered":"https:\/\/dich-mit-stich.de\/magazin\/?page_id=348"},"modified":"2025-09-03T13:15:37","modified_gmt":"2025-09-03T13:15:37","slug":"bauchnabelpiercing","status":"publish","type":"page","link":"https:\/\/dich-mit-stich.de\/magazin\/bauchnabelpiercing\/","title":{"rendered":"Bauchnabelpiercing &#8211; Das sollten Sie wissen!"},"content":{"rendered":"<p>Ein Bauchnabelpiercing wird meist von Frauen getragen und ist an verschiedenen Stellen rund um den Bauchnabel m\u00f6glich. Am weitesten verbreitet ist jedoch das Piercing am oberen Rand des Nabels. Alle wichtigen Informationen \u00fcber diese besondere Form des <a href=\"https:\/\/dich-mit-stich.de\/magazin\/piercing\/\">Piercings<\/a> gibt es hier.<!--more--><\/p>\n<h3>\u00dcberblick<\/h3>\n<ul>\n<li><strong>Name:<\/strong>Bauchnabelpiercing<\/li>\n<li><strong>Wo wird es gestochen:<\/strong> an verschiedenen Stellen rund um den Bauchnabel<\/li>\n<li><strong>Kosten Piercing:<\/strong> 50 &#8211; 60 EUR<\/li>\n<li><strong>Art:<\/strong> K\u00f6rperpiercing<\/li>\n<li><strong>Heilungsdauer:<\/strong> 4-6 Monate<\/li>\n<li><strong>Schmerzen beim Stechen:<\/strong> leicht<\/li>\n<\/ul>\n<h3>Geschichtlicher Hintergrund<\/h3>\n<p>Das Schm\u00fccken des Bauchnabels f\u00fcr rituelle Zwecke war bereits in der Antike sehr weit verbreitet. Das Bauchnabelpiercing weist jedoch keine nennenswerten historischen Hintergr\u00fcnde auf. Warum oft angegeben wird, dass Nabelpiercings bereits im alten \u00c4gypten weit verbreitet waren, ist ungewiss. Fakt ist, dass sich das <a href=\"https:\/\/dich-mit-stich.de\/magazin\/piercing\/\">Piercing vor allem in den 1990er Jahren stark etabliert<\/a> hat. Durch die weite Verbreitung der Popkultur in dieser Zeit gewann das Bauchnabelpiercing einen immer gr\u00f6\u00dferen Bekanntheitsgrad.<\/p>\n<p>Das Bauchnabelpiercing hat heutzutage fast denselben Stellenwert wie das Brustwarzenpiercing und ist ebenso weit verbreitet. Im Gegensatz zu anderen Piercings im Gesichtsbereich, kann das Bauchnabelpiercing schnell mit Kleidung verdeckt werden.<\/p>\n<h3>Das Stechen<\/h3>\n<p>Bauchnabelpiercings werden in den meisten Piercing- oder Tattoostudios angeboten. Der besondere Schmuck kann je nach Geschmack an unterschiedlichen Stellen rund um den Bauchnabel eingesetzt werden.<\/p>\n<p>In manchen F\u00e4llen kann es sein, dass ein Stechen aufgrund der Form des Bauchnabels nicht m\u00f6glich ist, da das Piercing nicht richtig sitzen, schlecht abheilen oder einfach nur unsch\u00f6n aussehen w\u00fcrde.<\/p>\n<p>Das Stechen wird meist im Liegen durchgef\u00fchrt, um dem Piercer die Arbeit zu erleichtern und etwaigen Kreislaufprobleme entgegenzuwirken. \u00c4hnlich wie bei anderen Piercings wird auch beim Bauchnabelpiercing zuerst die Ein- und Ausstichsstelle markiert und desinfiziert. Danach wird diese mit einer Piercing-Klemme zusammengehalten und mit einem peripheren Venenkatheter durchstochen. Die Schmerzen sowie das Bluten halten sich in Grenzen.<\/p>\n<h3>Schmuck<\/h3>\n<p>Die Wahl der Piercingschmuckst\u00fccke ist sehr vielf\u00e4ltig, da es jedes Schmuckst\u00fcck in allen m\u00f6glichen Farben und Formen gibt. Der Gro\u00dfteil des Schmuckes besteht aus Gold, Silber oder Platin. Falls Probleme mit bestimmten Steckern vorherrschen, werden au\u00dferdem PTFE empfohlen, die weich, beweglich und vor allem allergiegetreu sind. Darunter z\u00e4hlen zum Beispiel Stahl, Titan oder auch Gold.<\/p>\n<h4>Curved Barbell und Ringe<\/h4>\n<p>Dieser Schmuck z\u00e4hlt zu den beliebtesten und besteht aus zwei unterschiedlich gro\u00dfen, aufschraubbaren Kugeln. Meist befinden sich am Ende der Form kleine Figuren, Perlen oder Steine. Der geschwungene Stift in Bananenform besteht \u00fcberwiegend aus Stahl oder Titan. Die \u201eBanane\u201c wird daher in den Bauchnabel gepierct, sodass beide Enden zu sehen sind. Der Stab verschwindet in den meisten F\u00e4llen fast ganz in der Haut.<\/p>\n<p>Von einem Ball Closure Ring, auch Klemmkugelring genannt, wird als Anfangspiercing abgeraten, da bei diesem eine h\u00f6here Infektionsgefahr besteht.<\/p>\n<h4>Kugel oder Spirale<\/h4>\n<p>Neben der Curved Barbell gibt es noch Spiralen und Kugeln. Letztere werden gerne mit kleinen Steinen oder Mustern getragen.<\/p>\n<p>Warnung vor Billigschmuck: Dieser ist oftmals sch\u00e4dlich f\u00fcr die Gesundheit, da viele Produkte Nickel oder Eisen enthalten.<br \/>\nDie Heilung<\/p>\n<p>Das Bauchnabelpiercing z\u00e4hlt zu den Piercings, die f\u00fcr eine komplette Heilung sehr lange ben\u00f6tigen. Durch die st\u00e4ndigen Bewegungen dauert es oft relativ lange, bis die Wunde verheilt ist. Auch durch Kleidung ist die Wunde starken Reizungen ausgesetzt, deshalb ist eine intensive Pflege eines Bauchnabelpiercings das Um und Auf.<\/p>\n<h3>Die Heilung \/ Heilungdauer<\/h3>\n<p>Wie lange die Heilung nun wirklich dauert, h\u00e4ngt von den oben beschriebenen Faktoren ab. In den meisten F\u00e4llen dauert es bis zu sechs Monate, bei zu starker Belastung kann eine Heilung schon einmal ein Jahr dauern.<\/p>\n<p>Es ist ratsam, das Piercing bis zur vollst\u00e4ndigen Heilung nicht auszuwechseln.<\/p>\n<h3>Variationen<\/h3>\n<p>Meist wird ein Bauchnabelpiercing entweder ober- oder unterhalb des Bauchnabels gestochen. Die vorhandene Hautfalte oberhalb des Nabels eignet sich sehr gut.<\/p>\n<p>Neben den \u00fcblichen Piercings gibt es au\u00dferdem die M\u00f6glichkeit, sich das Piercing entweder links oder rechts vom Bauchnabel stechen zu lassen \u2013 auch Oberfl\u00e4chenpiercing genannt. Dieses wird in die oberste Hautschicht gleich neben dem Bauchnabel gestochen.<\/p>\n<h3>Bauchnabelpiercing in der Schwangerschaft?<\/h3>\n<p>Prinzipiell ist ein Bauchnabelpiercing w\u00e4hrend der Schwangerschaft m\u00f6glich, jedoch mit gewissen Risiken verbunden. Probleme werden meistens nur dann verursachen, wenn das Piercing relativ frisch ist. So kann die Gefahr bestehen, dass das Loch rei\u00dft, sobald der Bauch w\u00e4chst. Ist das Piercing aber schon l\u00e4nger als ein Jahr vorhanden, ist die Wahrscheinlichkeit um einiges geringer, dass die Haut Schaden erleidet. Sich w\u00e4hrend der Schwangerschaft piercen zu lassen ist aber tabu!<\/p>\n<p>Da der K\u00f6rper w\u00e4hrend einer Schwangerschaft anf\u00e4lliger f\u00fcr Allergien und Entz\u00fcndungen ist, muss sehr viel Wert auf Hygiene gelegt werden. Vor allem eincremen ist sehr wichtig, damit die Haut rund um das Piercing elastisch bleibt. Auf unreines Material in Piercings sollte, wenn m\u00f6glich verzichtet werden. Lieber auf reines Metall wie Titan zur\u00fcckgreifen, denn diese k\u00f6nnen bis zur f\u00fcnften Woche getragen werden.<\/p>\n<p>Damit es zu keinen Komplikationen mit dem schnell wachsenden Babybauch kommt, eignen sich flexible Kunstoffpiercings. Diese sind unter dem Begriff \u201eSchwangerschaftspiercing\u201c bekannt und k\u00f6nnen beim T\u00e4towierer und in seri\u00f6sen Onlineshops gekauft werden.<\/p>\n","protected":false},"excerpt":{"rendered":"<p>Ein Bauchnabelpiercing wird meist von Frauen getragen und ist an verschiedenen Stellen rund um den Bauchnabel m\u00f6glich. Am weitesten verbreitet<\/p>\n","protected":false},"author":4,"featured_media":356,"parent":0,"menu_order":0,"comment_status":"closed","ping_status":"closed","template":"","meta":{"ngg_post_thumbnail":0,"footnotes":""},"class_list":["post-348","page","type-page","status-publish","has-post-thumbnail","hentry","comments-off"],"aioseo_notices":[],"_links":{"self":[{"href":"https:\/\/dich-mit-stich.de\/magazin\/wp-json\/wp\/v2\/pages\/348","targetHints":{"allow":["GET"]}}],"collection":[{"href":"https:\/\/dich-mit-stich.de\/magazin\/wp-json\/wp\/v2\/pages"}],"about":[{"href":"https:\/\/dich-mit-stich.de\/magazin\/wp-json\/wp\/v2\/types\/page"}],"author":[{"embeddable":true,"href":"https:\/\/dich-mit-stich.de\/magazin\/wp-json\/wp\/v2\/users\/4"}],"replies":[{"embeddable":true,"href":"https:\/\/dich-mit-stich.de\/magazin\/wp-json\/wp\/v2\/comments?post=348"}],"version-history":[{"count":5,"href":"https:\/\/dich-mit-stich.de\/magazin\/wp-json\/wp\/v2\/pages\/348\/revisions"}],"predecessor-version":[{"id":1124,"href":"https:\/\/dich-mit-stich.de\/magazin\/wp-json\/wp\/v2\/pages\/348\/revisions\/1124"}],"wp:featuredmedia":[{"embeddable":true,"href":"https:\/\/dich-mit-stich.de\/magazin\/wp-json\/wp\/v2\/media\/356"}],"wp:attachment":[{"href":"https:\/\/dich-mit-stich.de\/magazin\/wp-json\/wp\/v2\/media?parent=348"}],"curies":[{"name":"wp","href":"https:\/\/api.w.org\/{rel}","templated":true}]}}