{"id":361,"date":"2019-01-21T20:00:10","date_gmt":"2019-01-21T20:00:10","guid":{"rendered":"https:\/\/dich-mit-stich.de\/magazin\/?page_id=361"},"modified":"2025-09-03T13:15:37","modified_gmt":"2025-09-03T13:15:37","slug":"intimpiercing","status":"publish","type":"page","link":"https:\/\/dich-mit-stich.de\/magazin\/intimpiercing\/","title":{"rendered":"Das Intimpiercing"},"content":{"rendered":"<h3>Piercings im Intimbereich<\/h3>\n<p>Im Bereich der Genitalien sind sowohl bei den Frauen, als auch bei den M\u00e4nnern viele Piercing-Varianten m\u00f6glich. Diese unterscheiden sich grunds\u00e4tzlich aufgrund der verschiedenen Anatomie zwischen Mann und Frau. Einige Varianten sind jedoch bei beiden Geschlechtern m\u00f6glich.<!--more--><\/p>\n<h3>\u00dcberblick<\/h3>\n<ul>\n<li><strong>Name:<\/strong>Intimpiercing<\/li>\n<li><strong>Wo wird es gestochen:<\/strong> im Bereich der Genitalien<\/li>\n<li><strong>Kosten Piercing:<\/strong> 55 &#8211; 100 EUR<\/li>\n<li><strong>Art:<\/strong> Intimpiercing<\/li>\n<li><strong>Heilungsdauer:<\/strong> je nach der Art<\/li>\n<li><strong>Schmerzen beim Stechen:<\/strong> mittel bis schwer <\/li>\n<\/ul>\n<h3>Herkunft und Geschichte des Intimpiercing<\/h3>\n<p>Traditionell geht man von einer Herkunft des Intimpiercing in S\u00fcdostasien aus. Traditioneller Genitalschmuck wurde in unterschiedlichen St\u00e4mmen von Indien bis Borneo entdeckt. Schon im 2. Jahrhundert wurde der Genitalschmuck bei M\u00e4nnern im Kama Sutra erw\u00e4hnt.<\/p>\n<p>In den westlichen L\u00e4ndern wurde das Piercing zu einer kurzlebigen Modererscheinung in der gesellschaftlichen Oberklasse gegen Ende des 19. Jahrhundert. Die Beliebtheit nahm allerdings schnell wieder ab, so dass der Genitalschmuck eine Seltenheit blieb. Das \u00e4nderte sich in der zweiten H\u00e4lfte des 20. Jahrhunderts. In den 70er erlangte das Intimpiercing neue Popularit\u00e4t. Die Piercing-Pioniere Doug Malloy und Jim Ward f\u00fchrten Piercings in die Body Modification Community ein. Im legend\u00e4rem Piercing-Studio Gauntlet Enterprises in LA sind wahrscheinlich die Urspr\u00fcnge des zeitgem\u00e4\u00dfen Intimpiercings zu finden. Informationen \u00fcber den Genitalschmuck wurde durch das Auftauchen von Piercing Fans International Quarterly 1977 f\u00fcr die \u00d6ffentlichkeit zug\u00e4nglich. In den 80er Jahren wurden Intimpiercings von der Modern Primitive Bewegung getragen, die sich in der San Francisco Bay Area bildete.<\/p>\n<p>Intimpiercings wurden wie Brustwarzenpiercings in den letzten Jahren immer beliebter und fester Bestandteil der Mainstream-Kultur. Einer Studie zufolge sind in Amerika Menschen mit Intimpiercing besser ausgebildet und j\u00fcnger als der Rest. Viele Prominente Amerikaner gaben an, dass sie entweder ein Intimpiercing haben bzw. geplant haben. Dazu z\u00e4hlen unter anderen Lenny Kravitz, Christina Aguilera, Pete Doherty, Lady Gaga oder Janet Jackson. Die Nachfrage nach Intimpiercings w\u00e4chst, vorwiegend unter den jungen Erwachsenen. In Amerika haben laut einer Studie bereits ca. 14 Prozent der College-Studenten ein Brustwarzen- oder Intimpiercing.<\/p>\n<h3>Motivation f\u00fcr ein Intimpiercing<\/h3>\n<p>Die Hauptmotivation besteht f\u00fcr Frauen und M\u00e4nner darin, im \u00e4sthetischen Aspekt und der Individualisierung des eigenen Intimbereichs. Neben den \u00e4sthetischen Effekt sorgen einige Piercings beim Geschlechtsverkehr f\u00fcr eine zus\u00e4tzliche Stimulation. Bei Frauen haben Intimpiercings nur einen Effekt auf die Frau selbst. Bei M\u00e4nnern wird durch das Intimpiercing das Lustempfinden gesteigert. In manchen traditionellen Kulturen wird Genitalschmuck als Symbol der Bindung an den Partner getragen.<\/p>\n<h3>Intimpiercing bei M\u00e4nnern<\/h3>\n<p>Bei M\u00e4nnern <a href=\"https:\/\/dich-mit-stich.de\/magazin\/penispiercing\/\" title=\"Penispiercing \u2013 der lustvolle Intimschmuck f\u00fcr den Mann\" rel=\"nofollow \">gibt es verschiedene Stellen<\/a>, an den ein Piercing platziert werden kann. M\u00f6gliches Stelle sind die Eichel, der Penis-Schaft und die Haut des Penis-Schaftes, der Hodensack und der Damm.<\/p>\n<p>Der Ampallang und der Apadravya sind Piercings durch die Eichel. Der Ampallang verl\u00e4uft horizontal, der Apadravya vertikal durch die Eichel. Auf der dorsalen befindet sich das <a href=\"https:\/\/dich-mit-stich.de\/magazin\/prinz-albert-piercing\/\" title=\"Prinz-Albert-Piercing\">Prinz-Albert-Piercing<\/a>, der umgekehrte Prinz Albert geht durch die ventrale Seite der Eichel. In seltenen Varianten werden der Ampallang und der Apadravya auch durch den Penis-Schaft gestochen. Der sogenannte Dydoe wird durch den koronalen Rand der Eichel gestochen. Alle diese traditionellen Piercings, au\u00dfer der Dydoe passieren die Harnr\u00f6hre. Vorteil dieser Methode ist, dass die Heilungszeit und die Gefahr einer Infektion durch den sterilen Urin gesenkt werden. Bei M\u00e4nnern sorgen diese Piercings f\u00fcr eine zus\u00e4tzliche Stimulation beim Geschlechtsverkehr. Davon profitiert auch die Partnerin.<\/p>\n<p>Ein Vorhaut-Piercing wird durch die Vorhaut auf der dorsalen, ventralen oder lateralen Seite gestochen. Es kann nur bei nicht beschnittenen M\u00e4nnern gestochen werden. Eine weitere Variante ist das <a href=\"https:\/\/dich-mit-stich.de\/magazin\/frenulum-piercing\/\" title=\"Das Frenulum-Piercing\">Frenum-Piercing<\/a>. Wie der Name bereits sagt, geht es durch das Penis frenum, die kleine Hautbr\u00fccke, die die Schafthaut und die Eichel verbindet. Oftmals, aber nicht immer haben auch beschnittene M\u00e4nner diesen anatomischen Teil. Ein Hafada-Piercing liegt auf der Haut des Skrotums. Eine Zwischenvariante zwischen Hafada- und Frenulum-Piercing ist das Lorum-Piercing. Es sitzt an der Stelle, wo Skrotum und Penis sich verbinden. Das sogenannte Guiche-Piercing sitzt auf dem Damm. Vorhaut-Piercing haben meistens nur eine dekorative Rolle, und f\u00fchren meist nicht zu einer Erh\u00f6hung der Stimulation.<\/p>\n<h3>Intimpiercings bei Frauen<\/h3>\n<p>Auch bei Frauen k\u00f6nnen unterschiedliche anatomische Bereiche f\u00fcr Piercings genutzt werden. Geeignete Stellen sind die mons pubis, die Klitoris und die Klitorisvorhaut, die inneren und \u00e4u\u00dfern Schamlippen und die Umgebung der vaginalen \u00d6ffnung (Vestibulum vaginae).<\/p>\n<p>Zum Piercen eignet sich die Eichel der Klitoris nur bedingt. Da dieser anatomische Bereich bei vielen Frauen oft zu kein ist. Daher sind diese Piercings eher selten. Das h\u00e4ufigste Intimpiercing bei Frauen ist das Klitoris-Vorhaut-Piercing. Es kann sowohl vertikal, als auch horizontal durchstochen werden. Verl\u00e4uft das Piercing tiefer durch die Klitoris-Vorhaut spricht man vom tiefen Vorhaut-Piercing. Verl\u00e4uft das Piercing vertikal durch den Klitoris-Schaft, handelt es sich um ein Isabella-Piercing.<\/p>\n<p>Bei den \u00e4u\u00dferen oder inneren Schamlippen kann das Schamlippen-Piercing angewendet werden. Am ventralen Ende der Schamlippen, den \u00dcbergang zwischen Klitoris-Vorhaut und Schamlippen befindet sich das Dreieck-Piercing. Es verl\u00e4uft horizontal und teils unter dem Klitoris-Schaft. Das Fourchette-Piercing passiert den dorsalen Rand der vaginalen \u00d6ffnung. Eine seltener Version dieser Variante ist das Suitcase-Piercing, welches im Grunde genommen ein tieferes Fourchette-Piercing ist. Eine weitere ungew\u00f6hnliche Variante ist das Prinzessin-Albertina-Piercing, das durch die dorsale Wand der Harnr\u00f6hre l\u00e4uft. Es ist die weibliche Variante des <a href=\"https:\/\/dich-mit-stich.de\/magazin\/prinz-albert-piercing\/\" title=\"Prinz-Albert-Piercing\">Prinz-Albert-Piercings<\/a>.<\/p>\n<p>Ebenfalls beliebt ist das <a href=\"https:\/\/dich-mit-stich.de\/magazin\/christina-piercing\/\" title=\"Christina-Piercing\">Christina-Piercing<\/a>. Das<a href=\"https:\/\/dich-mit-stich.de\/magazin\/surface-piercing\/\" title=\"Surface Piercing\"> Oberfl\u00e4chen-Piercing<\/a> befindet sich auf dem unteren Teil des mons pubis, an der Stelle wo sich die \u00e4u\u00dferen Schamlippen treffen. Eine Kombination aus Christina-Piercing und Klitoris-Vorhaut-Piercing ist das Nefertiti-Piercing.<\/p>\n<h3>Gesundheitliche Risiken<\/h3>\n<p>Beim Stechen eines Piercings k\u00f6nnen immer Komplikationen auftreten. Wird in die Haut gestochen oder geschnitten besteht immer die Gefahr, dass sich Entz\u00fcndungen bilden. Wird das Piercing im Intimbereich gestochen, ist das Risiko besonders hoch. Bewegt sich das Piercing kann jeder Zeit eine unvorhergesehene Migration auftreten. Weitere Gefahren sind eine Absto\u00dfung des Piercings durch die Haut, Narbenbildung oder das Auftreten einer Infektion. In solchen F\u00e4llen sollte man dringend einen Arzt aufsuchen. Deshalb sollte man ein erfahrenes Studio ausw\u00e4hlen, dass mit den Techniken vertraut ist und hohe hygienische Standards aufweisen kann.<\/p>\n","protected":false},"excerpt":{"rendered":"<p>Piercings im Intimbereich Im Bereich der Genitalien sind sowohl bei den Frauen, als auch bei den M\u00e4nnern viele Piercing-Varianten m\u00f6glich.<\/p>\n","protected":false},"author":4,"featured_media":363,"parent":0,"menu_order":0,"comment_status":"closed","ping_status":"closed","template":"","meta":{"ngg_post_thumbnail":0,"footnotes":""},"class_list":["post-361","page","type-page","status-publish","has-post-thumbnail","hentry","comments-off"],"aioseo_notices":[],"_links":{"self":[{"href":"https:\/\/dich-mit-stich.de\/magazin\/wp-json\/wp\/v2\/pages\/361","targetHints":{"allow":["GET"]}}],"collection":[{"href":"https:\/\/dich-mit-stich.de\/magazin\/wp-json\/wp\/v2\/pages"}],"about":[{"href":"https:\/\/dich-mit-stich.de\/magazin\/wp-json\/wp\/v2\/types\/page"}],"author":[{"embeddable":true,"href":"https:\/\/dich-mit-stich.de\/magazin\/wp-json\/wp\/v2\/users\/4"}],"replies":[{"embeddable":true,"href":"https:\/\/dich-mit-stich.de\/magazin\/wp-json\/wp\/v2\/comments?post=361"}],"version-history":[{"count":5,"href":"https:\/\/dich-mit-stich.de\/magazin\/wp-json\/wp\/v2\/pages\/361\/revisions"}],"predecessor-version":[{"id":1067,"href":"https:\/\/dich-mit-stich.de\/magazin\/wp-json\/wp\/v2\/pages\/361\/revisions\/1067"}],"wp:featuredmedia":[{"embeddable":true,"href":"https:\/\/dich-mit-stich.de\/magazin\/wp-json\/wp\/v2\/media\/363"}],"wp:attachment":[{"href":"https:\/\/dich-mit-stich.de\/magazin\/wp-json\/wp\/v2\/media?parent=361"}],"curies":[{"name":"wp","href":"https:\/\/api.w.org\/{rel}","templated":true}]}}