{"id":374,"date":"2019-03-21T10:56:07","date_gmt":"2019-03-21T10:56:07","guid":{"rendered":"https:\/\/dich-mit-stich.de\/magazin\/?page_id=374"},"modified":"2025-09-03T13:16:13","modified_gmt":"2025-09-03T13:16:13","slug":"septum-piercing","status":"publish","type":"page","link":"https:\/\/dich-mit-stich.de\/magazin\/septum-piercing\/","title":{"rendered":"Das Septum-Piercing"},"content":{"rendered":"<p>Das Septum-Piercing wird durch das Bindegewebe unter dem Nasenscheidewandknorpel gestochen. Der Name kommt vom lateinischen Begriff Septum nasi.<br \/>\n<!--more--><br \/>\nEs geh\u00f6rt zu den \u00e4ltesten <a href=\"https:\/\/https:\/\/dich-mit-stich.de\/magazin\/piercing\/\">Piercings<\/a> und ist traditionell weltweit in den unterschiedlichsten Kulturen verbreitet. Das Septum-Piercing wurde h\u00e4ufig von Kriegern getragen und bei Initiations-Ritualen gestochen. Schon die Mayas und die Azteken trugen aus religi\u00f6sen Gr\u00fcnden einen Nasenring. Aber auch in Afrika und Asien ist der K\u00f6rperschmuck weit verbreitet.<\/p>\n<h3>\u00dcberblick<\/h3>\n<ul>\n<li><strong>Name:<\/strong> Septum-Piercing<\/li>\n<li><strong>Wo wird es gestochen:<\/strong> Nase<\/li>\n<li><strong>Kosten Schmuck:<\/strong> 2 &#8211; 120 EUR<\/li>\n<li><strong>Kosten Piercing:<\/strong> 40 &#8211; 70 EUR<\/li>\n<li><strong>Art:<\/strong> Nasenpiercing<\/li>\n<li><strong>Heilungsdauer:<\/strong> 1-2 Monate<\/li>\n<li><strong>Schmerzen beim Stechen:<\/strong>  mittel <\/li>\n<\/ul>\n<h3>Den richtigen T\u00e4towierer finden und Schmerz ertragen<\/h3>\n<p>Viele Interessenten eines Septum-Piercings fragen sich, was Sie genau beim Piercing stechen passiert. Davor f\u00fcrchten muss sich niemand. Es sollte jedoch von einem erfahrenen Piercer gestochen werden. Wird es durch den Knorpel gestochen, bereitet es starken Schmerz beim Stechen und ben\u00f6tigt einen langen Heilungsprozess. Oftmals wird es auch schief gestochen, was bei einem Septum-Piercing extrem auff\u00e4llig ist. Ein guter Piercer wird sich die Nasenscheidewand genau ansehen und die richtige Stelle markieren. Das Piercing wird durch das d\u00fcnne H\u00e4utchen unter der Nasenscheidewand gestochen. Daf\u00fcr ist normalerweise keine Bet\u00e4ubung notwendig. Da jede Nasenscheidewand unterschiedlich ist, ist es schwierig das Piercing gerade zu stechen. Die Stelle muss gr\u00fcndlich desinfiziert werden. Anschlie\u00dfend wird mit einer speziellen Klemm-Zange eine Kan\u00fcle gestochen.<\/p>\n<p>Was man auf keinen Fall machen sollte ist, sich das Piercing selber zu stechen. Hier ist die Gefahr einer Verletzung sehr hoch. H\u00e4ufig passiert es, dass sich die gepiercte Stelle entz\u00fcndet. Ein Laie verf\u00fcgt weder \u00fcber das notwendige Wissen, noch \u00fcber das passende Werkzeug. Zudem findet ein Laie nicht die richtige Stelle bzw. wird das Piercing falsch gestochen. Das Ergebnis ist dann ein schiefes Piercing. Schon allein aus diesem Grund empfiehlt es sich ein wenig Geld zu investieren und das Piercing professionell stechen zu lassen.<\/p>\n<h3>Gesundheitliche Risiken<\/h3>\n<p>Beim Piercen ist es wie beim T\u00e4towieren. Das Schmerzempfinden jedes Menschen ist anders. Wir das Piercing fachgerecht von einem Profi durch das d\u00fcnne H\u00e4utchen gestochen, sollten die Schmerzen auch ertr\u00e4glich sein. \u00dcblicherweise versp\u00fcrt man ein unangenehmes Ziehen, wenn die Kan\u00fcle durch das H\u00e4utchen gestochen wird. Starke Schmerzen treten wirklich nur auf, wenn die falsche Stelle durchstochen und somit der Knorpel verletzt wird. Die Wunde heilt relativ unkompliziert ab. Allerdings dauert dies ziemlich lange. Im Normalfall liegt dauert die Heilung 1 bis 2 Monte. Die Nase ist sehr empfindlich, weshalb viele Menschen am Anfang auch ein unangenehmes Gef\u00fchl versp\u00fcren. Dies legt sich in der Regel aber nach 2 bis 3 Monaten, wenn man sich an das Piercing gew\u00f6hnt hat.<\/p>\n<p>Auch wenn man sich an die Pflegeanweisungen h\u00e4lt, kann es passieren dass sich das Piercing entz\u00fcndet. In einem solchen Fall sollte man sich nochmals Rat beim Piercer einholen. Er kann sich die Entz\u00fcndung anschauen und hilfreiche Tipps und Infos geben. Im schlimmsten Fall hilft es nur, das Piercing herauszunehmen. Denn das gr\u00f6\u00dfte gesundheitliche Risiko besteht darin, dass sich der Stickkanal entz\u00fcndet. Es gibt verschiedenen M\u00f6glichkeiten eine Entz\u00fcndung zu behandeln. Ist das Piercing schlecht gestochen oder besteht aus schlechten Material kann die Atmung beeintr\u00e4chtigt werden. Aber im Normalfall brauchen sich Tr\u00e4ger von Septum-Piercings keine Gedanken machen. Das Piercing ist eigentlich harmlos, und die gesundheitlichen Risiken halten sich in Grenzen.<\/p>\n<h3>Pflege und Kosten<\/h3>\n<p>Selbstverst\u00e4ndlich ist die Pflege des Septum-Piercings auch sehr wichtig. Von einem guten Piercer erh\u00e4lt man normalerweise auch eine Pflegeanweisung. Bei der Auswahl der Pflegemittel muss auf jeden Fall darauf geachtet werden, dass es f\u00fcr die Schleimh\u00e4ute geeignet ist. Wie \u00fcberall ist auch hier auf Hygiene zu achten. Dazu z\u00e4hlen auch saubere H\u00e4nde und Fingern\u00e4gel.<\/p>\n<p>Die Kosten liegen je nach Studio zwischen 40 und 70 Euro. Im Preis inbegriffen ist bei einem guten Studio das Piercen, eine Nachsorge-Untersuchung und der Schmuck. Normalerweise verwendet man Schmuck mit einem Durchmesser von 1,2 oder 1,6 mm. Bei der Auswahl des Schmucks muss man also der Durchmesser beachtet werden. Sp\u00e4ter kann dann auch neuer Schmuck nachgekauft werden. Wer sich ein Piercing hat stechen lassen, hat beim Schmuck eine riesen Auswahl. Interessenten k\u00f6nnen sich zwischen einem Stab oder einem Ring entscheiden, je nach den pers\u00f6nlichen Vorlieben. Auch spielt es f\u00fcr viele eine entscheidende Rolle ob man das Piercing verstecken kann. Manch einer darf es auf der Arbeit beispielsweise nicht tragen. In einem solchen Fall empfiehlt sich ein Bananenstecker oder ein Hufeisen-Ring. Diese lassen sich einfach nach innen drehen, und sind so nicht mehr sichtbar. Eine weitere M\u00f6glichkeit ist auch ein Fake-Septum. Dabei handelt es sich um einen halb-offenen Ring, der in die Nase geklemmt wird und von einem echtem Piercing kaum zu unterscheiden ist.<\/p>\n<h3>Alle Gesichtspiercings im \u00dcberblick<\/h3>\n\t\t<ul>\n\t\t\t<li><a href=\"\/magazin\/septum-piercing\/\">Septum-Piercing<\/a><\/li>\n\t\t\t<li><a href=\"\/magazin\/bridge-piercing\/\">Bridge Piercing<\/a><\/li>\n\t\t\t<li><a href=\"\/magazin\/anti-eyebrow-piercing\/\">Anti-Eyebrow Piercing<\/a><\/li>\n\t\t\t<li><a href=\"\/magazin\/augenbrauen-piercing\/\">Augenbrauen Piercing<\/a><\/li>\n\t\t\t<li><a href=\"\/magazin\/austin-bar-piercing\/\">Austin Bar Piercing<\/a><\/li>\n\t\t\t<li><a href=\"\/magazin\/cheek-piercing\/\">Cheek Piercing<\/a><\/li>\n\t\t\t<li><a href=\"\/magazin\/kinnpiercing\/\">Kinn Piercing<\/a><\/li>\n\t\t\t<li><a title=\"Nasallang Piercing\" href=\"\/magazin\/nasallang-piercing\/\">Nasallang Piercing<\/a><\/li>\n\t\t\t<li><a title=\"Nostril Piercing\" href=\"\/magazin\/nostril-piercing\/\">Nostril Piercing<\/a><\/li>\n\t\t\t<li><a title=\"Septril Piercing\" href=\"\/magazin\/septril-piercing\/\">Septril Piercing<\/a><\/li>\n\t\t\t<li><a title=\"Alle Pierciongarten im \u00dcberblick\" href=\"\/magazin\/piercingarten\/\">alle Piercingarten im \u00dcberblick<\/a>\n\t\t<\/ul>\n","protected":false},"excerpt":{"rendered":"<p>Das Septum-Piercing wird durch das Bindegewebe unter dem Nasenscheidewandknorpel gestochen. Der Name kommt vom lateinischen Begriff Septum nasi.<\/p>\n","protected":false},"author":4,"featured_media":378,"parent":0,"menu_order":0,"comment_status":"closed","ping_status":"closed","template":"","meta":{"ngg_post_thumbnail":0,"footnotes":""},"class_list":["post-374","page","type-page","status-publish","has-post-thumbnail","hentry","comments-off"],"aioseo_notices":[],"_links":{"self":[{"href":"https:\/\/dich-mit-stich.de\/magazin\/wp-json\/wp\/v2\/pages\/374","targetHints":{"allow":["GET"]}}],"collection":[{"href":"https:\/\/dich-mit-stich.de\/magazin\/wp-json\/wp\/v2\/pages"}],"about":[{"href":"https:\/\/dich-mit-stich.de\/magazin\/wp-json\/wp\/v2\/types\/page"}],"author":[{"embeddable":true,"href":"https:\/\/dich-mit-stich.de\/magazin\/wp-json\/wp\/v2\/users\/4"}],"replies":[{"embeddable":true,"href":"https:\/\/dich-mit-stich.de\/magazin\/wp-json\/wp\/v2\/comments?post=374"}],"version-history":[{"count":6,"href":"https:\/\/dich-mit-stich.de\/magazin\/wp-json\/wp\/v2\/pages\/374\/revisions"}],"predecessor-version":[{"id":1300,"href":"https:\/\/dich-mit-stich.de\/magazin\/wp-json\/wp\/v2\/pages\/374\/revisions\/1300"}],"wp:featuredmedia":[{"embeddable":true,"href":"https:\/\/dich-mit-stich.de\/magazin\/wp-json\/wp\/v2\/media\/378"}],"wp:attachment":[{"href":"https:\/\/dich-mit-stich.de\/magazin\/wp-json\/wp\/v2\/media?parent=374"}],"curies":[{"name":"wp","href":"https:\/\/api.w.org\/{rel}","templated":true}]}}