{"id":514,"date":"2019-11-05T19:31:40","date_gmt":"2019-11-05T19:31:40","guid":{"rendered":"https:\/\/dich-mit-stich.de\/magazin\/?page_id=514"},"modified":"2025-09-03T13:15:37","modified_gmt":"2025-09-03T13:15:37","slug":"ashley-piercing","status":"publish","type":"page","link":"https:\/\/dich-mit-stich.de\/magazin\/ashley-piercing\/","title":{"rendered":"Das Ashley Piercing"},"content":{"rendered":"<p>Das Ashley Piercing, auch Racoon Piercing genannt, geh\u00f6rt zu den <a href=\"https:\/\/dich-mit-stich.de\/magazin\/labret-piercing\/\">Labret Piercings<\/a>. Es wird so gestochen, dass vom Schmuck \u00e4u\u00dferlich nur die Kugel auf dem Lippenrot der Unterlippe zu sehen ist. Der Verschluss befindet sich im Mundinnenraum und ist von au\u00dfen nicht sichtbar.<\/p>\n<h3>\u00dcberblick<\/h3>\n<ul>\n<li><strong>Name:<\/strong>Ashley Piercing \/ Racoon Piercing<\/li>\n<li><strong>Wo wird es gestochen:<\/strong> mitten auf dem Lippenrot der Unterlippe<\/li>\n<li><strong>Kosten Piercing:<\/strong> 40 &#8211; 70 EUR<\/li>\n<li><strong>Art:<\/strong> Mundpiercing<\/li>\n<li><strong>Heilungsdauer:<\/strong> 2-6 Monate<\/li>\n<li><strong>Schmerzen beim Stechen:<\/strong> leicht bis mittel<\/li>\n<\/ul>\n<p>Labret Piercings, auch das Ashley Piercing, sind in au\u00dfereurop\u00e4ischen L\u00e4ndern historisch seit tausenden Jahren nachzuweisen. Doch erst als Ethnologen im 19. Jahrhundert Keramikfiguren mit dem Piercing fanden, bekam es seinen Namen. Die extremste Form des Ashley Piercings findet man in einigen Gesellschaften Afrikas. Dort wird das Piercing so weit gedehnt, dass Lippenteller eingesetzt werden k\u00f6nnen. Auch Pfl\u00f6cke, Federn oder St\u00e4be werden von manchen Kulturen eingesetzt, um die jeweilige Stammeszugeh\u00f6rigkeit zu zeigen.<\/p>\n<p>In unseren Kulturen erlangt das Piercing seit den 90ern immer mehr Beachtung. Erst sah man es nur in Subkulturen wie in der Punkszene. Doch Madonna und Amy Winehouse machten das Ashley Piercing auch in der allgemeinen Gesellschaft bekannt und beliebt.<\/p>\nngg_shortcode_0_placeholder\n<h2>Motivation des Piercings<\/h2>\n<p>In den afrikanischen Gesellschaften gilt die Devise: Umso gr\u00f6\u00dfer der Lippenteller, desto h\u00f6her das Ansehen der Frau, welche ihn tr\u00e4gt. Dort ist das Loch am Mund ein Sch\u00f6nheitsideal.<\/p>\n<p>In unseren Gesellschaften wird das Ashley Piercing in der Regel nicht gedehnt und es verhilft einer Frau auch nicht zu h\u00f6herem Ansehen. Au\u00dferdem gibt es auch M\u00e4nner, die sich f\u00fcr das Ashley Piercing entscheiden. Hier ist es ein Mittel zum Ausdruck der eigenen Pers\u00f6nlichkeit und Individualit\u00e4t. Der Grund, warum sich trotzdem \u00fcberwiegend Frauen zum Stechen eines Ashley Piercings entscheiden, liegt wohl darin, dass der Schmuck sehr sch\u00f6n die Lippen betont. Die Kugel zieht die Aufmerksamkeit auf den Mund, bringt die Lippen zur Geltung und l\u00e4sst sie voller wirken.<br \/>\nSehr oft wird Ashley Piercing mit<a href=\"https:\/\/dich-mit-stich.de\/magazin\/eskimo-piercing\/\" title=\"Eskimo Piercing \u2013 das neue Trend Piercing!\"> Eskimo Piercing<\/a> verwechselt.  Beide Piercings werden durch das Lippenrot gestochen, bei Eskimo sind jedoch beide Kugel zu sehen: eine mitten, andere unter der Lipppe.<\/p>\n<h2>So wird das Piercing gestochen<\/h2>\n<p>Beim Ashley Piercing handelt es sich um ein diagonal gestochenes <a href=\"https:\/\/dich-mit-stich.de\/magazin\/lippenpiercing\/\" title=\"Lippenpiercing\">Lippenpiercing<\/a>. Daf\u00fcr wird die Kan\u00fcle von au\u00dfen durch das Lippenrot gef\u00fchrt und im Mundinnenraum wieder herausgef\u00fchrt. Vor dem Stechen wird die Unterlippe desinfiziert und mit einem Stift wird markiert, an welcher Stelle das Piercing gestochen werden soll. Anschlie\u00dfend wird die Unterlippe mit einer Klemmzange fixiert und mit einer Spezialkan\u00fcle durchstochen. Der Schmuck wird direkt eingesetzt. Als Schmuck eignet sich am besten ein Curved Barbell oder ein Labret Stecker.<\/p>\n<h2>Gesundheitliches Risiko<\/h2>\n<p>Wird das Ashley Piercing unter hygienischen Bedingungen und von einem Spezialisten gestochen, handelt es sich um ein recht unproblematisches Piercing. Das Stechen selber ist f\u00fcr einen Piercer unkompliziert und birgt kaum Risiken.Trotzdem muss darauf geachtet werden, dass keine wichtigen Nerven oder Blutgef\u00e4\u00dfe besch\u00e4digt werden. Oft kommt es nach dem Stechen zu einer Schwellung, die allerdings normal ist und durch k\u00fchlen der Stelle schnell wieder abklingt.<\/p>\n<p>Bei einem Piercing handelt es sich dennoch um eine offene Wunde. Daher besteht immer die Gefahr, dass Bakterien in die Einstichstelle gelangen. Dadurch kann es zu Entz\u00fcndungen und, in schweren F\u00e4llen, zu einer Blutvergiftung kommen. Bei anhaltenden Schmerzen oder dem Austritt eitriger Fl\u00fcssigkeit sollte daher immer das Piercingstudio und gegebenenfalls auch ein Arzt aufgesucht werden.<\/p>\n<p>Da der Verschluss des Steckers im Mundinnenraum liegt und unter Umst\u00e4nden mit den Z\u00e4hnen in Ber\u00fchrung kommt, besteht auch das Risiko, dass der Zahnschmelz durch die Reibung abgetragen wird oder die Z\u00e4hne anderweitig besch\u00e4digt werden. Deshalb ist bei <a href=\"https:\/\/dich-mit-stich.de\/magazin\/lippenpiercing\/\" title=\"Lippenpiercing\">Lippenpiercings<\/a> allgemein zu Steckern aus PTFE zu raten. Diese sind nicht so hart, wie Chirurgenstahl oder \u00e4hnliche Metalle und Sch\u00e4den k\u00f6nnen somit verhindert werden. Eine gr\u00fcndliche Mundhygiene und regelm\u00e4\u00dfige Zahnarztbesuche sollten bei Lippenpiercings unbedingt eingehalten werden.<\/p>\n<h2>Schmerzen<\/h2>\n<p>Die Schmerzen beim Stechen eines Ashley Piercings sind, wie bei allen Piercings, sehr individuell. Meistens wird von einem leichten bis mittelschweren Schmerz gesprochen, der nur wenige Sekunden andauert. Nach dem Stechen wird die Lippe, wie bereits erw\u00e4hnt, wahrscheinlich leicht anschwellen und sich bei direkter Ber\u00fchrung in unmittelbarer N\u00e4he des Einstichs wund anf\u00fchlen.<\/p>\n<h2>Heilung und Pflege<\/h2>\n<p>Ein Ashley Piercing heilt vergleichsweise langsam. Es kann zwei bis sechs Monate dauern bis die Heilung des Piercings vollst\u00e4ndig abgeschlossen ist. Anfangs sollte unbedingt auf Alkohol und Rauchen verzichtet werden. Fruchts\u00e4ure- oder milchs\u00e4urehaltige Speisen und Getr\u00e4nke sollten gemieden werden und auch der Besuch von \u00f6ffentlichen Saunas, B\u00e4dern oder Sonnenstudios sollte vorerst verschoben werden. Au\u00dferdem sollten Lippenstift oder andere Kosmetika zun\u00e4chst nicht in die N\u00e4he der Einstichstelle kommen.<\/p>\n<p>Um ein Eindringen von Bakterien zu vermeiden, sollten das Piercing und der Schmuck regelm\u00e4\u00dfig desinfiziert und nicht unn\u00f6tig ber\u00fchrt werden. Spezielle Salben oder Mundsp\u00fclungen k\u00f6nnen den Heilungsprozess f\u00f6rdern. Bei der Pflege sollten die Finger immer sauber sein.<\/p>\n","protected":false},"excerpt":{"rendered":"<p>Das Ashley Piercing, auch Racoon Piercing genannt, geh\u00f6rt zu den Labret Piercings. Es wird so gestochen, dass vom Schmuck \u00e4u\u00dferlich<\/p>\n","protected":false},"author":4,"featured_media":794,"parent":0,"menu_order":0,"comment_status":"closed","ping_status":"closed","template":"","meta":{"ngg_post_thumbnail":0,"footnotes":""},"class_list":["post-514","page","type-page","status-publish","has-post-thumbnail","hentry","comments-off"],"aioseo_notices":[],"_links":{"self":[{"href":"https:\/\/dich-mit-stich.de\/magazin\/wp-json\/wp\/v2\/pages\/514","targetHints":{"allow":["GET"]}}],"collection":[{"href":"https:\/\/dich-mit-stich.de\/magazin\/wp-json\/wp\/v2\/pages"}],"about":[{"href":"https:\/\/dich-mit-stich.de\/magazin\/wp-json\/wp\/v2\/types\/page"}],"author":[{"embeddable":true,"href":"https:\/\/dich-mit-stich.de\/magazin\/wp-json\/wp\/v2\/users\/4"}],"replies":[{"embeddable":true,"href":"https:\/\/dich-mit-stich.de\/magazin\/wp-json\/wp\/v2\/comments?post=514"}],"version-history":[{"count":5,"href":"https:\/\/dich-mit-stich.de\/magazin\/wp-json\/wp\/v2\/pages\/514\/revisions"}],"predecessor-version":[{"id":1059,"href":"https:\/\/dich-mit-stich.de\/magazin\/wp-json\/wp\/v2\/pages\/514\/revisions\/1059"}],"wp:featuredmedia":[{"embeddable":true,"href":"https:\/\/dich-mit-stich.de\/magazin\/wp-json\/wp\/v2\/media\/794"}],"wp:attachment":[{"href":"https:\/\/dich-mit-stich.de\/magazin\/wp-json\/wp\/v2\/media?parent=514"}],"curies":[{"name":"wp","href":"https:\/\/api.w.org\/{rel}","templated":true}]}}