{"id":524,"date":"2019-11-20T19:48:18","date_gmt":"2019-11-20T19:48:18","guid":{"rendered":"https:\/\/dich-mit-stich.de\/magazin\/?page_id=524"},"modified":"2025-09-03T13:16:14","modified_gmt":"2025-09-03T13:16:14","slug":"lippenpiercing","status":"publish","type":"page","link":"https:\/\/dich-mit-stich.de\/magazin\/lippenpiercing\/","title":{"rendered":"Lippenpiercing"},"content":{"rendered":"<p>Das <strong>Lippenpiercing<\/strong>, auch <a href=\"https:\/\/dich-mit-stich.de\/magazin\/labret-piercing\/\">Labret Piercing<\/a> genannt, ist das zweith\u00e4ufigste <a href=\"https:\/\/dich-mit-stich.de\/magazin\/piercing\/\">Piercing<\/a>, das im Gesicht durchgef\u00fchrt wird. Es hat in vielen Kulturen eine sehr eine lange Tradition wie zum Beispiel in Afrika, S\u00fcd-Amerika oder in Alaska. Bei einigen V\u00f6lkern ist das Schm\u00fccken der Unterlippe sogar ein religi\u00f6ser Brauch. In einigen L\u00e4ndern wird das Lippenpiercing als Ehering verwendet.<\/p>\n<h3>\u00dcberblick<\/h3>\n<ul>\n<li><strong>Name:<\/strong> Lippenpiercing<\/li>\n<li><strong>Wo wird es gestochen:<\/strong> an der Lippen<\/li>\n<li><strong>Kosten Piercing:<\/strong> 20 &#8211; 100 EUR<\/li>\n<li><strong>Art:<\/strong> Mundpiercing<\/li>\n<li><strong>Heilungsdauer:<\/strong> 3-4 Monate<\/li>\n<li><strong>Schmerzen beim Stechen:<\/strong> leicht <\/li>\n<\/ul>\n<h2>Motivation des Piercings<\/h2>\n<p>Hierzulande wird das Lippenpiercing verwendet, um das Gesicht zu schm\u00fccken. In anderen Regionen (siehe oben) hat es dagegen auch religi\u00f6se Bedeutungen.<\/p>\n<h2>So wird das Piercing gestochen<\/h2>\n<p>F\u00fcr erfahrene Piercer ist ein Lippenpiercing Routine und schnell erledigt. Wenn der Vorgang richtig gemacht wird, treten beim Einstich selber auch kaum Schmerzen auf. Nat\u00fcrlich bleiben diese nie komplett aus, lassen sich aber durch eine richtige Technik reduzieren. Vor dem Einstich reinigt der Piercer die Lippe und desinfiziert sie. Dadurch entfernt er alle vorhandenen Schmutzpartikel und Bakterien. Wenn er die Einstichstelle nicht im Vorfeld desinfiziert, k\u00f6nnen diese in die Wunde gelangen und zu Entz\u00fcndungen und Infektionen f\u00fchren.<\/p>\n<p>Als n\u00e4chstes legt der Piercer einen Wattebausch an die Z\u00e4hne des Kunden. Dann bringt er die Lippe mit seinen Fingern leicht auf Zug und sticht das Loch mit einer (sauberen und ebenfalls desinfizierten) Kan\u00fcle ein. Im Anschluss muss er noch ein zuvor ausgew\u00e4hltes Schmuckst\u00fcck einsetzen, um zu verhindern, dass die Wunde sich wieder komplett von alleine schlie\u00dft.<\/p>\n<h2>Gesundheitliches Risiko<\/h2>\n<p>Ganz grunds\u00e4tzlich kann sich ein Lippenpiercing entz\u00fcnden oder es w\u00e4chst ein. Ein guter Piercer kl\u00e4rt den Kunden in einem Vorgespr\u00e4ch gr\u00fcndlich \u00fcber alle m\u00f6glichen Risiken auf. Zudem gibt er ihm auch Tipps mit an die Hand, wie er das Piercing am besten pflegt. Denn so lassen sich viele Komplikationen vermeiden. Die Risiken des Labret Piercings sind recht \u00fcberschaubar. Denn der Einstich erfolgt wird nicht direkt \u00fcber eine Nervenbahn oder Blutgef\u00e4\u00dfen. Dennoch kann es auch hier einige Probleme geben. Zum Beispiel dann, wenn der Piercer sich nicht an die <strong>Hygienevorschriften<\/strong> h\u00e4lt. Denn dann k\u00f6nnen Bakterien und andere Krankheitserreger in die Wunde gelangen und es k\u00f6nnen Entz\u00fcndungen entstehen.<\/p>\n<p>Im schlimmsten Fall ist sogar eine Blutvergiftung die Folge. Zudem besteht auch das Risiko, dass die Wunde durch die Entz\u00fcndung eitert. Um das zu verhindern, sollte nach einem Piercer gesucht werden, der gewissenhaft und hygienisch arbeitet. Denn dadurch lassen sich viele gesundheitliche Risiken minimieren.<\/p>\n<h2>Schmerzen<\/h2>\n<p>Das Schmerzempfinden ist von Mensch zu Mensch unterschiedlich. Beim Lippenpiercing versp\u00fcren einige Kunden einen eher dumpfen Schmerzen, andere berichten dagegen von einem nur sehr kurzen und scharfen Schmerz. Grunds\u00e4tzlich l\u00e4sst sich daher sagen, es tut weh aber der Einstich wird unterschiedlich empfunden.<\/p>\n<h2>Heilung &#038; Pflege<\/h2>\n<p>Das Lippenpiercing sollte nach vier bis sechs Wochen komplett abgeheilt sein. Nach Anweisungen des Piercers zur Pflege wird es in dieser Zeit regelm\u00e4\u00dfig desinfiziert. Dabei wird der Schmuck auch immer ein wenig hin- und hergeschoben. Denn dadurch kann die Desinfektionsfl\u00fcssigkeit besser in die Wunde eindringen, um auch dort m\u00f6gliche Erreger abzut\u00f6ten. Wichtig ist aber, dass dabei immer sehr vorsichtig vorgegangen wird. Denn das Bewegen des Schmuckes kann gerade am Anfang noch recht schmerzhaft sein. Dies ist aber unter anderem auch sehr wichtig, um zu verhindern, dass das Piercing anw\u00e4chst.<\/p>\n<p>Um die Heilung zu beschleunigen sollten in dieser Zeit auch m\u00f6glichst keine Gesichtscremes und anderen Make-Up-Produkte in unmittelbarer N\u00e4he der Wunde aufgetragen werden. Denn diese Mittel k\u00f6nnten unter Umst\u00e4nden das Infektionsrisiko erh\u00f6hen. Denn die Wunde schlie\u00dft sich langsamer, wenn ein solches Produkt in sie eindringt. Das gilt es nat\u00fcrlich zu vermeiden, denn dann dauert nat\u00fcrlich auch die komplette Heilung l\u00e4nger.<\/p>\n","protected":false},"excerpt":{"rendered":"<p>Das Lippenpiercing, auch Labret Piercing genannt, ist das zweith\u00e4ufigste Piercing, das im Gesicht durchgef\u00fchrt wird. Es hat in vielen Kulturen<\/p>\n","protected":false},"author":4,"featured_media":526,"parent":0,"menu_order":0,"comment_status":"closed","ping_status":"closed","template":"","meta":{"ngg_post_thumbnail":0,"footnotes":""},"class_list":["post-524","page","type-page","status-publish","has-post-thumbnail","hentry","comments-off"],"aioseo_notices":[],"_links":{"self":[{"href":"https:\/\/dich-mit-stich.de\/magazin\/wp-json\/wp\/v2\/pages\/524","targetHints":{"allow":["GET"]}}],"collection":[{"href":"https:\/\/dich-mit-stich.de\/magazin\/wp-json\/wp\/v2\/pages"}],"about":[{"href":"https:\/\/dich-mit-stich.de\/magazin\/wp-json\/wp\/v2\/types\/page"}],"author":[{"embeddable":true,"href":"https:\/\/dich-mit-stich.de\/magazin\/wp-json\/wp\/v2\/users\/4"}],"replies":[{"embeddable":true,"href":"https:\/\/dich-mit-stich.de\/magazin\/wp-json\/wp\/v2\/comments?post=524"}],"version-history":[{"count":5,"href":"https:\/\/dich-mit-stich.de\/magazin\/wp-json\/wp\/v2\/pages\/524\/revisions"}],"predecessor-version":[{"id":953,"href":"https:\/\/dich-mit-stich.de\/magazin\/wp-json\/wp\/v2\/pages\/524\/revisions\/953"}],"wp:featuredmedia":[{"embeddable":true,"href":"https:\/\/dich-mit-stich.de\/magazin\/wp-json\/wp\/v2\/media\/526"}],"wp:attachment":[{"href":"https:\/\/dich-mit-stich.de\/magazin\/wp-json\/wp\/v2\/media?parent=524"}],"curies":[{"name":"wp","href":"https:\/\/api.w.org\/{rel}","templated":true}]}}