{"id":530,"date":"2019-12-03T20:22:16","date_gmt":"2019-12-03T20:22:16","guid":{"rendered":"https:\/\/dich-mit-stich.de\/magazin\/?page_id=530"},"modified":"2025-09-03T13:16:13","modified_gmt":"2025-09-03T13:16:13","slug":"eskimo-piercing","status":"publish","type":"page","link":"https:\/\/dich-mit-stich.de\/magazin\/eskimo-piercing\/","title":{"rendered":"Eskimo Piercing \u2013 das neue Trend Piercing!"},"content":{"rendered":"<p>Inzwischen gibt es unheimlich viele Menschen bei denen eine kleine Glitzerkugel oder ein silberner Ring in der Mitte der Unterlippe auff\u00e4llt. Dieser <a href=\"https:\/\/dich-mit-stich.de\/magazin\/piercing\/\">Piercing Trend<\/a> nennt sich umgangssprachlich Eskimo Piercing und ist eine gute Alternative zu den schr\u00e4gen Piercing-Ringen an der linken oder rechten Lippenseite.<\/p>\n<p>M\u00f6chtest Du gerne mehr \u00fcber dieses Piercing erfahren? Wir haben in den nachfolgenden Abs\u00e4tzen alle wichtigen Informationen f\u00fcr Dich zusammengefasst.<\/p>\n<h3>\u00dcberblick<\/h3>\n<ul>\n<li><strong>Name:<\/strong> Eskimo Piercing \/ Vertical Labret Piercing<\/li>\n<li><strong>Wo wird es gestochen:<\/strong> in der Mitte der Unterlippe<\/li>\n<li><strong>Kosten Piercing:<\/strong> 40 &#8211; 80 EUR<\/li>\n<li><strong>Art:<\/strong> Mundpiercing<\/li>\n<li><strong>Heilungsdauer:<\/strong> 4-6 Wochen<\/li>\n<li><strong>Schmerzen beim Stechen:<\/strong> leicht <\/li>\n<\/ul>\n<h2>Geschichtlicher Hintergrund<\/h2>\n<p>Das Eskimo Piercing, auch <a href=\"https:\/\/dich-mit-stich.de\/magazin\/labret-piercing\/\">Labret Piercing<\/a> genannt, bezieht sich meist nur auf die Unterlippe und die mittige Position. Der Ursprung des Piercings liegt viele hunderte Jahre zur\u00fcck und kommt heute immer noch bei St\u00e4mmen in Afrika, Asien oder Latein-Amerika vor. Dort gilt es ebenfalls als eine Art Sch\u00f6nheitsideal, speziell bei Frauen. Durch die unterschiedlichen Arten des K\u00f6rperschmucks kann man ganz leicht einzelne St\u00e4mme voneinander unterscheiden.<\/p>\n<h2>Was macht das Eskimo Piercing so besonders?<\/h2>\n<p>Der Trend des traditionellen <a href=\"https:\/\/dich-mit-stich.de\/magazin\/lippenpiercing\/\" title=\"Lippenpiercing\">Lippen-Piercings<\/a> gibt es schon lange \u2013 auch das <a href=\"https:\/\/dich-mit-stich.de\/magazin\/medusa-piercing\/\" title=\"Medusa Piercing\">Medusa<\/a>&#8211; und das <a href=\"https:\/\/dich-mit-stich.de\/magazin\/madonna-piercing\/\" title=\"Madonna Piercing\">Madonna Piercing<\/a> haben lange Zeit die \u201ehippe Mode\u201c beherrscht. Das Eskimo Piercing kam kurze Zeit danach auf den Markt und wurde direkt zum absoluten Trend-Piercing. Durch die mittige Platzierung auf oder direkt unter der Lippe wirkt es meist wie ein einzelner Stecker und durch den passenden Aufsatz, beispielsweise mit Glitzer, sieht dieses Piercing unheimlich edel und feminin aus. Tolle Kombinationen mit unterschiedlichen Lippenstiften sind m\u00f6glich und werden somit zum absoluten Hingucker. Auch bei vielen Foto-Shootings finden sich immer wieder Models mit einem solchen Piercing.<\/p>\n<h2>So wird das Eskimo Piercing gestochen<\/h2>\n<p>Das Stechen l\u00e4uft wie bei den meisten anderen Piercing-Arten auch relativ schnell ab. Vorab wird die betreffende Lippenpartie mit einem Eis-Spray bet\u00e4ubt und die genaue Position des neuen K\u00f6rperschmucks bestimmt. Danach wird mit einer mittleren Kan\u00fcle senkrecht durch die Lippe gestochen und direkt im Anschluss der gew\u00fcnschte Schmuck eingesetzt. Um das Risiko so gering wie m\u00f6glich zu halten und keine St\u00f6rungen bei z. B. der Nahrungsaufnahme zu riskieren, wird meistens kurz hinter dem \u201eLippenrot\u201c gestochen. Hier kann man w\u00e4hlen zwischen gebogenen St\u00e4ben, Ringen und verschiedenen Kugeln. F\u00fcr einen erfahrenen Piercer ist das Stechen des Eskimo Piercings heutzutage kein Problem mehr.<\/p>\n<h2>Gesundheitliches Risiko<\/h2>\n<p>Das Eskimo Piercing geh\u00f6rt zu der Piercing-Kategorie, die ein sehr geringes gesundheitliches Risiko mit sich bringt. Beim Stechen selbst, k\u00f6nnen keine wichtigen Nervenbahnen verletzt werden, somit bleibt das Risiko direkt gering, vergleichsweise zu anderen Piercings wie Ohr oder Zunge. Eine Infektion oder Entz\u00fcndung kann nat\u00fcrlich auch hier jederzeit auftreten, ganz besonders, wenn das frisch gestochene Piercing nicht richtig gepflegt wird. Man sollte sich, wie f\u00fcr jede Art von K\u00f6rperschmuck, auch hier an einen erfahrenen Piercer wenden \u2013 der die n\u00f6tige Erfahrung beim Stechen hat und eine gute Beratung zur Pflege anbietet. Denn im schlimmsten Fall kann die Lippe durch ein falsches Stechen dauerhaft einrei\u00dfen.<\/p>\n<h2>Schmerzen<\/h2>\n<p>Von den meisten Personen wird das Stechen als harmlos beschrieben. Am schmerzhaftesten ist der anschlie\u00dfende Einsatz des Rings oder Stabes \u2013 dies dauert jedoch nur wenige Sekunden und ist deswegen absolut auszuhalten. Die Lippe schwillt oftmals nach dem Stechen etwas an und die betroffene Stelle kann auch gering bluten. Man sollte jedoch immer bedenken, dass Schmerzen von jeder Person anders empfunden werden. Es gibt Menschen mit einem sehr starken Schmerzempfinden und andere wiederum sp\u00fcren fast keine Schmerzen bei beispielsweise Piercings, Tattoos oder kleineren Verletzungen.<\/p>\n<h2>Heilung &#038; Pflege<\/h2>\n<p>Die Heilung dauert wie bei den meisten anderen Piercing-Arten auch zwischen 4 und 6 Wochen. Die Lippe ist ein besonderes Gewebe was relativ schnell heilt \u2013 nat\u00fcrlich nur, wenn die richtige Pflege eingehalten wird. Nach dem Stechen sollte also regelm\u00e4\u00dfig die Einstichstelle desinfiziert werden. Hier erh\u00e4lt man die passenden Pflege-Produkte direkt vom Piercing-Studio. Ein genereller Ratschlag ist, zu Beginn etwas darauf zu achten, was man isst, also beispielsweise scharfe oder sehr hei\u00dfe Lebensmittel besser wegzulassen. Milchprodukte sind ebenfalls, bei offenen Wunden im Mundraum, nicht empfehlenswert, da sie die Heilung unterbrechen oder unn\u00f6tig verl\u00e4ngern k\u00f6nnen. Kamillentee ist der absolute Geheimtipp unter Piercing-Freunden, denn er beruhigt die Haut, lindert den Schmerz und beugt ganz nat\u00fcrlich Infektionen und Entz\u00fcndungen vor. F\u00fcr P\u00e4rchen vielleicht ein negativer Aspekt, aber wilde Knutsch-Orgien sollten in den ersten beiden Wochen nach dem Stechen definitiv vermieden werden. Anschlie\u00dfend kann man jedoch, sobald alles richtig verheilt ist, wieder jederzeit leidenschaftliche K\u00fcsse genie\u00dfen.<\/p>\n","protected":false},"excerpt":{"rendered":"<p>Inzwischen gibt es unheimlich viele Menschen bei denen eine kleine Glitzerkugel oder ein silberner Ring in der Mitte der Unterlippe<\/p>\n","protected":false},"author":4,"featured_media":531,"parent":0,"menu_order":0,"comment_status":"closed","ping_status":"closed","template":"","meta":{"ngg_post_thumbnail":0,"footnotes":""},"class_list":["post-530","page","type-page","status-publish","has-post-thumbnail","hentry","comments-off"],"aioseo_notices":[],"_links":{"self":[{"href":"https:\/\/dich-mit-stich.de\/magazin\/wp-json\/wp\/v2\/pages\/530","targetHints":{"allow":["GET"]}}],"collection":[{"href":"https:\/\/dich-mit-stich.de\/magazin\/wp-json\/wp\/v2\/pages"}],"about":[{"href":"https:\/\/dich-mit-stich.de\/magazin\/wp-json\/wp\/v2\/types\/page"}],"author":[{"embeddable":true,"href":"https:\/\/dich-mit-stich.de\/magazin\/wp-json\/wp\/v2\/users\/4"}],"replies":[{"embeddable":true,"href":"https:\/\/dich-mit-stich.de\/magazin\/wp-json\/wp\/v2\/comments?post=530"}],"version-history":[{"count":5,"href":"https:\/\/dich-mit-stich.de\/magazin\/wp-json\/wp\/v2\/pages\/530\/revisions"}],"predecessor-version":[{"id":1058,"href":"https:\/\/dich-mit-stich.de\/magazin\/wp-json\/wp\/v2\/pages\/530\/revisions\/1058"}],"wp:featuredmedia":[{"embeddable":true,"href":"https:\/\/dich-mit-stich.de\/magazin\/wp-json\/wp\/v2\/media\/531"}],"wp:attachment":[{"href":"https:\/\/dich-mit-stich.de\/magazin\/wp-json\/wp\/v2\/media?parent=530"}],"curies":[{"name":"wp","href":"https:\/\/api.w.org\/{rel}","templated":true}]}}