{"id":537,"date":"2019-12-17T19:23:08","date_gmt":"2019-12-17T19:23:08","guid":{"rendered":"https:\/\/dich-mit-stich.de\/magazin\/?page_id=537"},"modified":"2025-09-03T13:15:37","modified_gmt":"2025-09-03T13:15:37","slug":"helix-piercing","status":"publish","type":"page","link":"https:\/\/dich-mit-stich.de\/magazin\/helix-piercing\/","title":{"rendered":"Das Helix-Piercing: Es ist das Risiko wert!"},"content":{"rendered":"<h2>Die Geschichte des Helix-Piercings<\/h2>\n<p>Einfache Ohrl\u00f6cher am Ohrl\u00e4ppchen tragen viele Menschen &#8211; und das schon sehr lange. In den 1990-Jahren verbreitete sich dann ein weiterer heute oft gesehener Ohrschmuck in der westlichen Kultur: Das Helix-Piercing, das auch in traditionellen V\u00f6lkern schon lange getragen wird. In Amerika schm\u00fcckten zum Beispiel verschiedene Indianerst\u00e4mme ihre Ohren mit helix\u00e4hnlichem Schmuck und in Asien galten durch das Ohr gestochene Tierz\u00e4hne oder Krallen in einigen Bev\u00f6lkerungsgruppen als Zeichen eines guten J\u00e4gers mit hohem sozialen Stand.<\/p>\n<h3>\u00dcberblick<\/h3>\n<ul>\n<li><strong>Name:<\/strong>Helix-Piercing<\/li>\n<li><strong>Wo wird es gestochen:<\/strong> an der Helix, der Knorpelumrandung der Ohrmuschel<\/li>\n<li><strong>Kosten Piercing:<\/strong> 30 &#8211; 50 EUR<\/li>\n<li><strong>Art:<\/strong> Ohrpiercing<\/li>\n<li><strong>Heilungsdauer:<\/strong> 3-4 Monate<\/li>\n<li><strong>Schmerzen beim Stechen:<\/strong> mittel <\/li>\n<\/ul>\n<h2>Warum ein Helix-Piercing?<\/h2>\n<p>Der Helix-Piercing ist ein modischer Schmuck und ist das Risiko wert, weil es immer mehr Aufmerksamkeit erregt und total im Trend ist. Er ist ein echter Hingucker und ein guter Einstieg, wenn man sich f\u00fcr <a href=\"https:\/\/dich-mit-stich.de\/magazin\/piercing\/\">Piercings <\/a>interessiert, sich aber noch nicht traut, sich eines im Gesicht stechen zu lassen. Das Helix-Piercing hingegen ist nicht zu auff\u00e4llig und kann hin und wieder hinter den Haaren versteckt werden. Auch die Stelle am Ohr, an dem das Piercing sitzen soll, kann man sich relativ frei aussuchen, da es an jeder Knorpelstelle der Ohrmuschel gestochen werden kann.<\/p>\n<p>Des Weiteren ist das Helix-Piercing ein vergleichsweise g\u00fcnstiges Piercing. Je nachdem, f\u00fcr welchen Piercer man sich entscheidet, liegen die Kosten f\u00fcr ein Ohr bei circa 30-50\u20ac.<\/p>\n<h2>Wie verl\u00e4uft das Stechen?<\/h2>\n<p>Normale Ohrl\u00f6cher am weichen Ohrl\u00e4ppchen kann man meist bei jedem Juwelier und manchmal sogar bei \u00c4rzten stechen lassen. F\u00fcr ein Helix-Piercing muss man allerdings einen gelernten Piercer aufsuchen, damit keine Komplikationen w\u00e4hrend des Stechens oder der Heilung entstehen.<\/p>\n<p>Nachdem die gew\u00fcnschte Position des Piercings mit einem Punkt auf der Haut markiert wurde, wird das Piercing in liegender Position nach Desinfizierung mit einer Hohlnadel gestochen, da mit einer Lochpistole das Risiko besteht, dass Nerven verletzt werden. Eine Alternative zur Nadel ist das Punchen, bei dem ein kleines St\u00fcck Knorpel aus dem Ohr herausgestanzt wird. Nachdem das Loch gestocken wurde, wird sofort das Piecing gesetzt. In den meisten F\u00e4llen treten bei dem Ganzen keine Blutungen auf.<\/p>\n<h2>Welche Risiken k\u00f6nnen entstehen?<\/h2>\n<p>Das Stechen eines Helix-Piercings kann man nicht mit dem Stechen eines einfachen Ohrrings vergleichen. W\u00e4hrend bei normalen Ohrl\u00f6chern der Ohrring durch das weiche Ohrl\u00e4ppchen gestochen wird, wird bei einem Helix der harte Knorpel der Ohrmuschel durchstochen. Dabei kann der Knorpel im schlimmsten Fall brechen oder zersplittern, was zu starken Entz\u00fcndungen f\u00fchren kann. Des Weiteren kann es zu Fehlern des Loches beim Stechen kommen oder ein Nerv kann getroffen werden. Dieses Risiko besteht allerdings nur bei unge\u00fcbten, unprofessionellen Piercern. Deswegen ist es sehr wichtig, sich im Voraus ausgiebig zu informieren und Erfahrungsberichte \u00fcber mehrere Studios zu lesen. Enz\u00fcndungen k\u00f6nnen auch sp\u00e4ter entstehen, obwohl beim Stechen alles gut verlaufen ist. Diese k\u00f6nnen durch zu viel Druck oder Reibung entstehen, was zum Beispiel durch das Schlafen auf das Ohr ausge\u00fcbt wird.<\/p>\n<h2>Wie schmerzhaft ist das Stechen?<\/h2>\n<p>Nat\u00fcrlich l\u00e4sst sich nicht leugnen, dass das Stechen eines Piercings mit Schmerzen verbunden ist. Diese sind st\u00e4rker, wenn man es mit einer Nadel sticht. Angenehmer ist der Druckschmerz, wenn man sich f\u00fcr die Variante des Punchens entscheidet. Die meisten Schmerzen und Probleme treten aber erst nach dem Eingriff an sich auf. Durch einen professionellen Piercer und gute Pflege nach dem Stechen lassen sich die Schmerzen minimieren und gut aushalten.<\/p>\n<h2>Wie pflegt man ein Helix-Piercing denn richtig?<\/h2>\n<p>In der ersten Zeit nach dem Stechen sollte man seinem Helix-Piercing viel Ruhe g\u00f6nnen, damit die Heilung ungest\u00f6rt ablaufen kann. Es ist trotzdem unumg\u00e4nglich, eine gute Pflege an den Tag zu legen und das Piercing und die darumgelegene Haut zu reinigen. Es wird empfohlen, das Piecing jeden Tag mit lauwarmem Wasser abzusp\u00fclen und anschlie\u00dfend vorsichtig mit einem Wundspray zu desinfizieren. Der Piercer gibt einem nach dem Stechen auch noch einige Tipps f\u00fcr die erste Zeit.<\/p>\n<p>In der Zeit nach dem Stechen sollte man das Piercing noch nicht bewegen, um die Heilung, die an der Haut bereits einsetzt, nicht zu st\u00f6ren. Etwa eine Woche nach dem Stechen kann man damit beginnen, das Helix-Piercing vorsichtig hin- und herzubewegen. Schlafen auf dem betroffenen Ohr und das Tragen von M\u00fctzen sollte in der ersten Zeit vermieden werden, um Entz\u00fcndungen zu verhindert. Auch beim Haarewaschen und K\u00e4mmen ist Vorsicht geboten, um das Piercing nicht aus Versehen herauszurei\u00dfen. Treten dennoch Entz\u00fcndungen auf, gibt es verschiedene Arzneimittel, wie das Tyrosur-Gel oder Betaisodonna, die zur Behandlung und Pflege benutzt werden k\u00f6nnen. Sollte die Entz\u00fcndung allerdings anhalten und schlimmer werden, sollte man sich an seinen Piercer wenden.<\/p>\n","protected":false},"excerpt":{"rendered":"<p>Die Geschichte des Helix-Piercings Einfache Ohrl\u00f6cher am Ohrl\u00e4ppchen tragen viele Menschen &#8211; und das schon sehr lange. In den 1990-Jahren<\/p>\n","protected":false},"author":4,"featured_media":0,"parent":0,"menu_order":0,"comment_status":"closed","ping_status":"closed","template":"","meta":{"ngg_post_thumbnail":0,"footnotes":""},"class_list":["post-537","page","type-page","status-publish","hentry","comments-off"],"aioseo_notices":[],"_links":{"self":[{"href":"https:\/\/dich-mit-stich.de\/magazin\/wp-json\/wp\/v2\/pages\/537","targetHints":{"allow":["GET"]}}],"collection":[{"href":"https:\/\/dich-mit-stich.de\/magazin\/wp-json\/wp\/v2\/pages"}],"about":[{"href":"https:\/\/dich-mit-stich.de\/magazin\/wp-json\/wp\/v2\/types\/page"}],"author":[{"embeddable":true,"href":"https:\/\/dich-mit-stich.de\/magazin\/wp-json\/wp\/v2\/users\/4"}],"replies":[{"embeddable":true,"href":"https:\/\/dich-mit-stich.de\/magazin\/wp-json\/wp\/v2\/comments?post=537"}],"version-history":[{"count":6,"href":"https:\/\/dich-mit-stich.de\/magazin\/wp-json\/wp\/v2\/pages\/537\/revisions"}],"predecessor-version":[{"id":1508,"href":"https:\/\/dich-mit-stich.de\/magazin\/wp-json\/wp\/v2\/pages\/537\/revisions\/1508"}],"wp:attachment":[{"href":"https:\/\/dich-mit-stich.de\/magazin\/wp-json\/wp\/v2\/media?parent=537"}],"curies":[{"name":"wp","href":"https:\/\/api.w.org\/{rel}","templated":true}]}}