{"id":753,"date":"2020-02-07T19:52:08","date_gmt":"2020-02-07T19:52:08","guid":{"rendered":"https:\/\/dich-mit-stich.de\/magazin\/?page_id=753"},"modified":"2025-09-03T13:16:13","modified_gmt":"2025-09-03T13:16:13","slug":"maori-tattoo","status":"publish","type":"page","link":"https:\/\/dich-mit-stich.de\/magazin\/maori-tattoo\/","title":{"rendered":"Das Maori Tattoo &#8211; Bedeutung &#038; Symboliken der tradionellen Kunst"},"content":{"rendered":"<p>Die Maori sind Ureinwohner, die aus Neuseeland stammen. Sie haben eine Form der K\u00f6rperkunst, die als Moko bekannt ist, aber h\u00e4ufiger als Maori-T\u00e4towierung bezeichnet wird. Die Kunstform wurde aus Polynesien zu den Maori gebracht und gilt als hochheilig.<\/p>\n<p>Da die Maori den Kopf als den heiligsten Teil des K\u00f6rpers betrachten, war die beliebteste Art der Maori-T\u00e4towierung die Gesichts-T\u00e4towierung, die aus geschwungenen Formen und spiralf\u00f6rmigen Mustern bestand. Oftmals bedecken die Maori-Tattoos das Gesicht sind ein Symbol f\u00fcr den sozialen Rang, den Status, die Macht und das Prestige.<\/p>\n<p>F\u00fcr Maori war das T\u00e4towieren ein \u00dcbergangsritus, was bedeutete, dass es hoch verehrt und ritualisiert wurde.<\/p>\n<p>Vorteilhaft an Maori-Tattoos sind, dass es keine gleichen Muster gibt die komplett identisch sind. Maori Tattoos sind einzigartig. Sie sind immer sehr kompliziert und detailliert und zeigen die Handwerkskunst sowie Kunstfertigkeit nicht nur des K\u00fcnstlers, sondern auch der Maori-Kultur.<\/p>\n<p>Der Maori-T\u00e4towierer hei\u00dft &#8222;tohunga ta moko&#8220; und bedeutet Mokospezialist. Diese T\u00e4towierer sind hoch angesehen und werden als Tapu angesehen, was unverletzlich oder heilig bedeutet. Tohunga ta moko waren meistens M\u00e4nner, aber es gibt einige Frauen, die die Praxis aufnehmen.<\/p>\n<h2>Wie wurde das Maori Tattoo so popul\u00e4r?<\/h2>\n<p>Die Kunst der Maori-T\u00e4towierung wurde 1769 von den Menschen in Ostpolynesien nach Neuseeland gebracht. <\/p>\n<p>Europ\u00e4ische Entdecker interessierten sich sehr f\u00fcr die Kunst des T\u00e4towierens und der Kultur der Maori. Oft nahmen Maori die t\u00e4towierten K\u00f6pfe ihrer Feinde als Troph\u00e4en w\u00e4hrend des Krieges und hielten sie als Symbole f\u00fcr Macht, Eroberung und Schutz in verzierten Kisten. Da die Europ\u00e4er regelm\u00e4\u00dfig Kontakt zu den Maori-St\u00e4mmen hatten, beschloss eine Gruppe von Missionaren sp\u00e4ter, die Maori zu studieren und sie in die Ideale des Christentums umzuwandeln.<\/p>\n<p>Die Maori entdeckten sp\u00e4ter, dass die Europ\u00e4er tats\u00e4chlich t\u00e4towierte Maori-K\u00f6pfe gegen Waffen eintauschen w\u00fcrden.<\/p>\n<p>Bald w\u00fcrden die Maori tats\u00e4chlich benachbarte St\u00e4mme \u00fcberfallen, um t\u00e4towierte K\u00f6pfe zu erhalten, die gegen Waffen und mehr Munition eingetauscht werden k\u00f6nnten. Die H\u00e4ndler verkauften die K\u00f6pfe dann an Museen und Privatsammler in ganz Europa.<\/p>\n<p>In dem verzweifelten Bestreben, so viele Waffen wie m\u00f6glich zu erhalten, w\u00fcrden die Maori Sklaven und B\u00fcrger enthaupten, die im Kampf gefangen genommen wurden, und sich post mortem die K\u00f6pfe t\u00e4towieren. Oft wurden noch K\u00f6pfe von schlechter Qualit\u00e4t oder solche mit unvollendeten T\u00e4towierungen zum Verkauf angeboten.<\/p>\n<h2>Die Bedeutung hinter den Motiven<\/h2>\n<p>Die Bedeutung hinter den Motiven der Maori Tattos scheint ein komplexes Wechselspiel zwischen hoher \u00c4sthetik und einer Bildsprache zu sein, das k\u00fcnstlerische Exzellenz, Identit\u00e4t und Rolle unterstreicht.<\/p>\n<p>Viele der Designmotive sind universell, insbesondere die spiralf\u00f6rmigen Elemente auf Nase, Wange und Unterkiefer sowie die krummlinigen Strahlen auf der Stirn und von der Nase bis zum Mund. Die \u00fcbrigen Elemente wurden sorgf\u00e4ltig ausgew\u00e4hlt, um die einzelnen Merkmale hervorzuheben und zu verbessern und dem Ausdruck Mataora, dem lebenden Gesicht, Bedeutung zu verleihen.<\/p>\n<h2>Typische Motive von Maori Tattoos<\/h2>\n<p>Es gibt einige Muster, die zur Maori T\u00e4towierungskunst einzigartig sind. Mit diesen Mustern k\u00f6nnen Sie eine vollst\u00e4ndige Story erstellen.<\/p>\n<h4>Taratarekae<\/h4>\n<p>Taratareka geh\u00f6rt zu den filigranen Designs, das meist aus zwei parallelen Linien auf der Haut besteht. Kleine nach innen gerichtete Dreiecke werden zwischen den parallelen Linien mit eingef\u00fcgt. In der Maori-Tradition stellt dieses Muster eine \u00dcbersetzung von Walz\u00e4hnen dar.<\/p>\n<h4>Ahauaha Mataru<\/h4>\n<p>Ahauaha Mataru stellt parallelen Linien \u00fcber den K\u00f6rper dar. Diese parallelen Linien sind jedoch paarweise und vertikale Linien, die die doppelparallelen Linien verbinden, sind eingezeichnet. Dieses steht signifikant f\u00fcr Leistungen im Bereich Sport und Athletik.<\/p>\n<h4>Unaunahi<\/h4>\n<p>Unaunah verwendet auch das gleiche Doppelparallelmuster. Das inner vier-Design ist jedoch eng an eine blatt\u00e4hnliche Kontur angelehnt, die eine viel ovalere Form aufweist. Dieses Muster repr\u00e4sentiert Fischschuppen, die f\u00fcr Gesundheit und Wohlstand stehen.<\/p>\n<h4>Hikuaaua<\/h4>\n<p>Hikuaaua ist ein weiteres Design. Es wird zwischen zwei doppelt parallel laufenden Linien platziert. Das innere Design ist eine geometrische Form. Dieses Design \u00e4hnelt stark dem Schwanz des Makrelenfisches, was auf den Wohlstand in der Maori-Tradition hinweist.<\/p>\n<h4>Pakati<\/h4>\n<p>Wie alle anderen Muster wird auch dieses zwischen zwei parallelen Doppellinien platziert. Pakati ist das Kriegstattoo, das die Maori tragen. Dies soll auch die Schlachten und Kriege darstellen, die die Maoris in ihrer Zeit gef\u00fchrt haben. Es zeigt die St\u00e4rke und den Mut des Tr\u00e4gers und wird vor allem auf dem Arm t\u00e4towiert.<\/p>\n<h2>Was Sie noch \u00fcber die Maori Kunst wissen m\u00fcssen<\/h2>\n<p>Der Tr\u00e4ger einer Maori Tattoos hat meistens eine enge Bindung zu dem Ursprung der Maoris. Wenn Sie es jedoch nur aus \u00e4sthetischen Gr\u00fcnden erhalten m\u00f6chten, ben\u00f6tigen Sie m\u00f6glicherweise noch eine grobe Skizze auf Papier mit den richtigen Mustern und \u201eSchattierungen\u201c.<\/p>\n<p>T\u00e4towierer, die mit Maori Tattoos arbeiten, werden das gesamte Design zun\u00e4chst mit einem Tattoostift freih\u00e4ndig auf die Haut zeichnen. Sie k\u00f6nnen dann sehen, wie das fertige Tattoo dann sich auf Ihr K\u00f6rper darstellt. Danach kann der T\u00e4towierer ansetzen und das Tattoo auf Ihren Arm oder Bein stechen. Auch auf den R\u00fccken werden immer \u00f6fters Maori Tattoos verwenden, da viele Muster viel Platz brauchen.<\/p>\n","protected":false},"excerpt":{"rendered":"<p>Die Maori sind Ureinwohner, die aus Neuseeland stammen. Sie haben eine Form der K\u00f6rperkunst, die als Moko bekannt ist, aber<\/p>\n","protected":false},"author":4,"featured_media":754,"parent":0,"menu_order":0,"comment_status":"closed","ping_status":"closed","template":"","meta":{"ngg_post_thumbnail":0,"footnotes":""},"class_list":["post-753","page","type-page","status-publish","has-post-thumbnail","hentry","comments-off"],"aioseo_notices":[],"_links":{"self":[{"href":"https:\/\/dich-mit-stich.de\/magazin\/wp-json\/wp\/v2\/pages\/753","targetHints":{"allow":["GET"]}}],"collection":[{"href":"https:\/\/dich-mit-stich.de\/magazin\/wp-json\/wp\/v2\/pages"}],"about":[{"href":"https:\/\/dich-mit-stich.de\/magazin\/wp-json\/wp\/v2\/types\/page"}],"author":[{"embeddable":true,"href":"https:\/\/dich-mit-stich.de\/magazin\/wp-json\/wp\/v2\/users\/4"}],"replies":[{"embeddable":true,"href":"https:\/\/dich-mit-stich.de\/magazin\/wp-json\/wp\/v2\/comments?post=753"}],"version-history":[{"count":2,"href":"https:\/\/dich-mit-stich.de\/magazin\/wp-json\/wp\/v2\/pages\/753\/revisions"}],"predecessor-version":[{"id":756,"href":"https:\/\/dich-mit-stich.de\/magazin\/wp-json\/wp\/v2\/pages\/753\/revisions\/756"}],"wp:featuredmedia":[{"embeddable":true,"href":"https:\/\/dich-mit-stich.de\/magazin\/wp-json\/wp\/v2\/media\/754"}],"wp:attachment":[{"href":"https:\/\/dich-mit-stich.de\/magazin\/wp-json\/wp\/v2\/media?parent=753"}],"curies":[{"name":"wp","href":"https:\/\/api.w.org\/{rel}","templated":true}]}}