{"id":853,"date":"2020-04-23T06:45:03","date_gmt":"2020-04-23T06:45:03","guid":{"rendered":"https:\/\/dich-mit-stich.de\/magazin\/?page_id=853"},"modified":"2025-09-03T13:15:37","modified_gmt":"2025-09-03T13:15:37","slug":"augenbrauen-piercing","status":"publish","type":"page","link":"https:\/\/dich-mit-stich.de\/magazin\/augenbrauen-piercing\/","title":{"rendered":"Augenbrauen Piercing"},"content":{"rendered":"<h3>\u00dcberblick<\/h3>\n<ul>\n<li><strong>Name:<\/strong> Augenbrauen Piercing <\/li>\n<li><strong>Wo wird es gestochen:<\/strong> im \u00e4u\u00dferen Drittel der Braue<\/li>\n<li><strong>Kosten Piercing:<\/strong> 35 &#8211; 60 EUR<\/li>\n<li><strong>Art:<\/strong> Gesichtspiercing<\/li>\n<li><strong>Heilungsdauer:<\/strong> 4-8 Wochen<\/li>\n<li><strong>Schmerzen beim Stechen:<\/strong> leicht <\/li>\n<\/ul>\n<h2>Wissenswertes, Herkunft und Geschichte<\/h2>\n<p>Ganz anders als etliche <a href=\"https:\/\/dich-mit-stich.de\/magazin\/intimpiercing\/\" title=\"Das Intimpiercing\">Intimpiercings<\/a> blickt das Augenbrauenpiercing auf keine besonders lange kulturelle Geschichte zur\u00fcck.<\/p>\n<p>Bei uns in Mitteleuropa tauchte es erstmals in den 1970er Jahren auf. Angeh\u00f6rige der Punk-Bewegung trugen Ketten, Nadeln oder Ringe in gepiercten Lippen, Nasenfl\u00fcgel oder Augenbrauen.<\/p>\n<p>Als Randerscheinung kommt es zudem beim ber\u00fchmten \u201eVegetarischen Fest\u201c in Thailand vor. Zur Verehrung der G\u00f6tter stechen sich die Teilnehmer der Prozession teils gigantische Metallteile, Messer und Schwerter meist durch die Zunge oder die Wangen, teilweise aber auch durch die Augenbrauen.<\/p>\n<p>In den 1990er Jahren kam das Augenbrauenpiercing als eines der ersten Piercings \u00fcberhaupt bei uns so richtig in Mode. Als prominente Vorreiter galten der S\u00e4nger Chuck Mosley von Faith No More sowie der Nu-Metal Rocker Jonathan Davis.<\/p>\n<p>Das Augenbrauenpiercing kann einzeln oder, vertikal gestochen, auch als Gruppe von mehreren Piercings werden. Aus Sicherheitsgr\u00fcnden sitzt es fast ausschlie\u00dflich am \u00e4u\u00dferen Drittel der Augenbraue. Als Schmuck dienen klassisch das Barbell, Curved Barbell oder ein Ball Closure Ring. Selbstverst\u00e4ndlich kann der Tr\u00e4ger auch andere Schmuckvariationen nutzen.<\/p>\n<p>Eine Variante ist das <a href=\"https:\/\/dich-mit-stich.de\/magazin\/anti-eyebrow-piercing\/\" title=\"Anti-Eyebrow Piercing\">Anti-Augenbrauenpiercing<\/a>. Dieses sitzt etwas unterhalb des Auges im oberen Wangenbereich auf dem Jochbein. Mit einem Surface-Bar als Schmuck \u00e4hnelt das Piercing an dieser Stelle Tr\u00e4nen. Der Beiname lautet passend dazu Teardroppiercing.<\/p>\n<p>Sehr interessant sieht auch das<a href=\"https:\/\/dich-mit-stich.de\/magazin\/bridge-piercing\/\" title=\"Das Bridge Piercing \u2013 K\u00f6rperschmuck, bei dem Vorsicht geboten ist\"> Bridge Piercing<\/a> aus. Dieses Gesichtspiercing wird am Nasenr\u00fccken zwischen den Augen gestochen. Es ist einer &#8222;Br\u00fccke&#8220; \u00e4hnlich, wie der Name verr\u00e4t, und betont dadurch die Augen sehr reizvoll. <\/p>\n<h2>Motivation des Piercings<\/h2>\n<p>Das Augenbrauen Piercing dient in allererster Linie als \u00e4sthetischer Schmuck.<\/p>\n<p>Heute ist es nicht mehr ganz so h\u00e4ufig gefragt, wie noch in den 1990er oder fr\u00fchen 2000er. Als Gesichtspiercing ist es jederzeit f\u00fcr alle Menschen zu sehen und bringt die pers\u00f6nliche Lebenseinstellung des Tr\u00e4gers oder der Tr\u00e4gerin zur Geltung. Das Augenbrauenschmuck kann bei Bedarf jederzeit entnommen werden. Die L\u00f6cher an dieser Stelle wirken \u00e4hnlich unauff\u00e4llig, wie ungenutzte Ohrl\u00f6cher.<\/p>\n<p>K\u00f6rpersprache-Forscher fanden heraus, dass die Augenbrauen der ehrlichste Teil unseres Gesichtes sind. Wenn Augen und Mund eine ganz andere Sprache sprechen, liefern die Augenbrauen den Zugang zur wahren Geisteshaltung eines Menschen. Wer mit einem Piercing an genau dieser Stelle einen besonderen Akzent setzt, kann diese Ehrlichkeit unbewusst unterstreichen wollen.<\/p>\n<h2>So wird das Piercing gestochen<\/h2>\n<p>Das Augenbrauenpiercing und das Anti-Augenbrauenpiercing z\u00e4hlen zu den knapp unter der Haut verlaufenden Oberfl\u00e4chenpiercings, auch <a href=\"https:\/\/dich-mit-stich.de\/magazin\/surface-piercing\/\" title=\"Surface Piercing\">Surface-Piercing<\/a> genannt. Einstichkanal und Austrittspunkt befinden auf einer Ebene, ohne dass dabei in tiefer liegendes Gewebe vorgedrungen wird.<\/p>\n<p>Traditionell wird das Augenbrauenpiercing im \u00e4u\u00dferen Drittel der Braue gesetzt. Gestochen wird es meistens vertikal, wobei auch die horizontale Variante sehr elegant aussehen kann. Das <a href=\"https:\/\/dich-mit-stich.de\/magazin\/anti-eyebrow-piercing\/\" title=\"Anti-Eyebrow Piercing\">Anti-Augenbrauenpiercing<\/a><a href=\"https:\/\/dich-mit-stich.de\/magazin\/anti-eyebrow-piercing\/\" title=\"Anti-Eyebrow Piercing\">Anti-Augenbrauenpiercing<\/a> wird passend zum Verlauf der unteren Augenlider gesetzt. Horizontal gestochen wirkt es etwas sanfter als vertikal.<\/p>\n<p>Vor dem Stick selbst wird die Haut gr\u00fcndlich desinfiziert. Im Anschluss markiert der Piercer oder die Piercerin die Einstich- und Austrittsstelle mit einem Stift. \u00dcber eine Klemme wird die Hautfalte fixiert. Der eigentliche Stich ist so nur sehr kurz und durchdringt die Haut blitzschnell.<\/p>\n<h2>Gesundheitliches Risiko<\/h2>\n<p>Unterhalb der Augenbrauen verl\u00e4uft der Drillingsnerv, der f\u00fcr einen gro\u00dfen Teil der Mimik verantwortlich ist. Stiche in den inneren beiden Dritteln der Augenbrauen bringen ein gr\u00f6\u00dferes Verletzungsrisiko mit sich als der Randbereich. Wird dieser Nerv getroffen, k\u00f6nnen bleibende Gesichtsl\u00e4hmungen die Folge sein.<\/p>\n<p>Abgesehen davon z\u00e4hlt das Augenbrauenpiercing zu einem der sichersten und unkompliziertesten Piercings \u00fcberhaupt.<\/p>\n<h2>Schmerzen<\/h2>\n<p>Durch das Zusammenklemmen der Hautfalte ist der Stich eine sehr kurze Angelegenheit und gut zu ertragen. Die Schmerzen nach dem Stich sowie das Infektionsrisiko sind ebenfalls als gering zu bewerten.<\/p>\n<h2>Heilung &#038; Pflege<\/h2>\n<p>Augenbrauenpiercings heilen bei guter Pflege binnen vier bis acht Wochen problemlos ab.<\/p>\n<p>W\u00e4hrend dieser Zeit d\u00fcrfen keine reizenden Substanzen in den Stichkanal eindringen. Cremes, Kosmetik, Wimperntusche oder Haarspray sollten mit Bedacht und gr\u00f6\u00dfter Sorgfalt angewendet werden.<\/p>\n<p>Der Stichkanal ist wie eine offene Wunde zu behandeln. Am besten eigenen sich zun\u00e4chst ph-neutrale Gesichtspflegemittel f\u00fcr die t\u00e4gliche W\u00e4sche. Die Wunde selbst wird mit einem sanften Wunddesinfektionsmittel zweimal t\u00e4glich behandelt. Dazu wird das Mittel an den Einstichkanal gegeben und dann sanft einmassiert.<\/p>\n<p>Infektionen entstehen vor allem durch unbewusstes Ber\u00fchren mit schmutzigen H\u00e4nden oder das Herumspielen mit dem Piercing bevor die Wunde abgeheilt ist. Wichtig ist gr\u00fcndliches H\u00e4ndewaschen und ein bewusster Umgang mit der sensiblen Stelle. Schwei\u00dftreibende Angelegenheiten, Besuche im Schwimmbad oder der Sauna sind w\u00e4hrend des Heilungsprozesses tabu.<\/p>\n<p>W\u00e4hrend der Heilung sollte der Schmuck nicht herausgenommen werden. Zum einen nimmt die Gefahr einer Infektion dadurch zu und zum anderen ist das erneute Einsetzen des Schmucks in eine frische Wunde mitunter sehr schmerzhaft.<\/p>\n<p>Hat sich ein Augenbrauenpiercing doch entz\u00fcndet, ist damit nicht zu spa\u00dfen. Die Infektion kann sich ausbreiten und schlimmstenfalls eine Hirnhautentz\u00fcndung ausl\u00f6sen. Bei Komplikationen sollte unverz\u00fcglich ein Arzt oder der Piercer aufgesucht werden.<\/p>\n","protected":false},"excerpt":{"rendered":"<p>\u00dcberblick Name: Augenbrauen Piercing Wo wird es gestochen: im \u00e4u\u00dferen Drittel der Braue Kosten Piercing: 35 &#8211; 60 EUR Art:<\/p>\n","protected":false},"author":4,"featured_media":854,"parent":0,"menu_order":0,"comment_status":"closed","ping_status":"closed","template":"","meta":{"ngg_post_thumbnail":0,"footnotes":""},"class_list":["post-853","page","type-page","status-publish","has-post-thumbnail","hentry","comments-off"],"aioseo_notices":[],"_links":{"self":[{"href":"https:\/\/dich-mit-stich.de\/magazin\/wp-json\/wp\/v2\/pages\/853","targetHints":{"allow":["GET"]}}],"collection":[{"href":"https:\/\/dich-mit-stich.de\/magazin\/wp-json\/wp\/v2\/pages"}],"about":[{"href":"https:\/\/dich-mit-stich.de\/magazin\/wp-json\/wp\/v2\/types\/page"}],"author":[{"embeddable":true,"href":"https:\/\/dich-mit-stich.de\/magazin\/wp-json\/wp\/v2\/users\/4"}],"replies":[{"embeddable":true,"href":"https:\/\/dich-mit-stich.de\/magazin\/wp-json\/wp\/v2\/comments?post=853"}],"version-history":[{"count":5,"href":"https:\/\/dich-mit-stich.de\/magazin\/wp-json\/wp\/v2\/pages\/853\/revisions"}],"predecessor-version":[{"id":1057,"href":"https:\/\/dich-mit-stich.de\/magazin\/wp-json\/wp\/v2\/pages\/853\/revisions\/1057"}],"wp:featuredmedia":[{"embeddable":true,"href":"https:\/\/dich-mit-stich.de\/magazin\/wp-json\/wp\/v2\/media\/854"}],"wp:attachment":[{"href":"https:\/\/dich-mit-stich.de\/magazin\/wp-json\/wp\/v2\/media?parent=853"}],"curies":[{"name":"wp","href":"https:\/\/api.w.org\/{rel}","templated":true}]}}