{"id":862,"date":"2020-05-07T06:30:48","date_gmt":"2020-05-07T06:30:48","guid":{"rendered":"https:\/\/dich-mit-stich.de\/magazin\/?page_id=862"},"modified":"2025-09-03T13:18:58","modified_gmt":"2025-09-03T13:18:58","slug":"medusa-piercing","status":"publish","type":"page","link":"https:\/\/dich-mit-stich.de\/magazin\/medusa-piercing\/","title":{"rendered":"Medusa Piercing"},"content":{"rendered":"<h2>Die Geschichte \/ Herkunft von dem Medusa Piercing<\/h2>\n<p>Das Medusa Piercing ist auch als Philtrum bekannt. Gerade Jugendliche lieben diese Art von Piercing, weil man damit einfach auffallen muss. Eingef\u00fchrt hat den Namen des Piercings der Friseur Carrick aus Kanada und das im Jahre 1990. Dieser Herr war auch als Modell aktiv, was wohl daf\u00fcr gesorgt hat, dass sich dieses Piercing besser durchsetzen konnte und so viele Liebhaber gefunden hat. Allerding hat schon der brasilianische Volksstamm der Akuntsu dieses Piercing traditionell getragen. In der Anatomie wird der durchstochene Bereich auch als Philton bezeichnet, was f\u00fcr Liebeszauber steht.<\/p>\n<h3>\u00dcberblick<\/h3>\n<ul>\n<li><strong>Name:<\/strong>Medusa  Piercing \/ Philtrum Piercing<\/li>\n<li><strong>Wo wird es gestochen:<\/strong> am Philtrum, der kleinen Rinne zwischen Oberlippe und Nase<\/li>\n<li><strong>Kosten Piercing:<\/strong> 40 &#8211; 50 EUR<\/li>\n<li><strong>Art:<\/strong> Mundpiercing<\/li>\n<li><strong>Heilungsdauer:<\/strong> 6-8 Wochen<\/li>\n<li><strong>Schmerzen beim Stechen:<\/strong> schwer <\/li>\n<\/ul>\n<h2>Motivation des Piercings<\/h2>\n<p>Das Medusa Piercing wird gerne von Menschen gew\u00e4hlt, die den Wunsch haben, dass ein Piercing auch gesehen wird. Immerhin ist die Lage nun einmal sehr auffallend, da das Philtrum zwischen der Rinne von Oberlippe und Nase gestochen wird. Dieses Piercing f\u00e4llt sofort auf, was man auch unbedingt bedenken sollte, wenn man einen besonderen Arbeitsplatz bekleidet, in dem der Kundenkontakt gegeben ist. Um Unterlippe zu betonen und zu verzieren, l\u00e4sst man auch ein <a href=\"https:\/\/dich-mit-stich.de\/magazin\/eskimo-piercing\/\" title=\"Eskimo Piercing \u2013 das neue Trend Piercing!\">Eskimo <\/a>oder <a href=\"https:\/\/dich-mit-stich.de\/magazin\/ashley-piercing\/\" title=\"Das Ashley Piercing\">Ashley Piercing<\/a> stechen.<\/p>\n<h2>So wird das Piercing gestochen<\/h2>\n<p>Der Piercer wird zuerst die Hautstelle f\u00fcr das Piercing desinfizieren. Dann markiert er die Einstichstelle und fixiert sie mit der Klemmzange. Nun wird genau an dieser Stelle die Haut mit der Nadel durchstochen. Der Einstichkanal wird dann nur noch mit dem Schmuck versehen und fertig ist das Piercing.<\/p>\n<h2>Gesundheitliches Risiko beim Medusa Piercing<\/h2>\n<p>Das Medusa Piercing bringt eine Heilungszeit von 6 bis 8 Wochen mit sich. Zu Beginn kann das Piercing anschwellen, in manchen F\u00e4llen entz\u00fcndet es sich, wenn die Hygienevorschriften nicht eingehalten werden. Auch bl\u00e4ulich verf\u00e4rbtes Zahnfleisch kann zu Beginn auftreten. Bei diesem Piercing sollten zuerst Milchprodukte und s\u00e4urehaltige Lebensmittel gemieden werden. Wer die Heilung unterst\u00fctzen m\u00f6chte und eine Entz\u00fcndung vermeiden will, sollte vor allem die erste 12 bis 24 Stunden nach dem Stechen auf das Rauchen und auf Alkohol verzichten.<\/p>\n<p>Das Piercing muss immer regelm\u00e4\u00dfig bewegt und gedreht werden, denn es kann ansonsten mit dem Gewebe verwachsen. Der innere Teil des Steckers kann dazu das Zahnfleisch oder die Z\u00e4hne besch\u00e4digen, daher w\u00e4re es sinnvoll sich f\u00fcr einen Stecker aus weichem Kunststoff zu entscheiden. Im Gegensatz zu einem klassischen Stecker aus Chirurgenstahl wird so der Zahnschmelz geschont und Zahnfleischentz\u00fcndungen wegen des Piercings k\u00f6nnen gemieden werden.<\/p>\n<p>Ganz wichtig zu wissen ist, dass die Einstichstelle nie verheilen wird, wenn man sich gegen das Piercing entscheidet. Es bleibt an dieser Stelle immer eine Narbe zur\u00fcck. Die gute Nachricht ist aber, dass man das kleine Loch recht gut mit Schminke abdecken kann.<\/p>\n<h2>Schmerzen beim Stechen des Piercings<\/h2>\n<p>Das Philtrum Piercing ist nicht f\u00fcr Anf\u00e4nger geeignet. Es wird dort gestochen, wo recht viele Nerven verlaufen und dies kann genau deshalb beim Stechen auch schmerzhaft sein. Nat\u00fcrlich h\u00e4ngen die Schmerzen immer von dem eigenen Schmerzempfinden ab.<\/p>\n<h2>Heilung &#038; Pflege<\/h2>\n<p>Wie gut ein Piercing verheilt, h\u00e4ngt ein wenig mit der Pflege zusammen. Umso besser ein Piercing gepflegt wird, umso besser kann es auch abheilen. In der Regel wird der Piercer dem Kunden mitteilen, an welche Hygienevorschriften er sich zu halten hat und welches Pflegemittel eingesetzt werden sollte. Es sollte auf jeden Fall ein spezielles Piercing-Desinfektionsmittel im Hause sein. Dieses ist gut f\u00fcr die Pflege der frischen Wunde und f\u00fcr den Fall, dass sich das Piercing sp\u00e4ter einmal entz\u00fcnden sollte.<\/p>\n<p>W\u00e4hrend der Heilungszeit von 6 bis 8 Wochen, sollte der Piercingschmuck nicht gewechselt werden. Erst einmal muss die Wunde vollst\u00e4ndig abheilen. Wer ein wenig Angst hat, sobald sich etwas Eiter zeigt oder auch schon einmal Blut am Stecker zu sehen ist, kann sich bei seinem Piercer vorstellen, denn dieser kann seinem Kunden mitteilen, ob dies normal ist oder er sich Sorgen machen muss.<\/p>\n","protected":false},"excerpt":{"rendered":"<p>Die Geschichte \/ Herkunft von dem Medusa Piercing Das Medusa Piercing ist auch als Philtrum bekannt. Gerade Jugendliche lieben diese<\/p>\n","protected":false},"author":4,"featured_media":863,"parent":0,"menu_order":0,"comment_status":"closed","ping_status":"closed","template":"","meta":{"ngg_post_thumbnail":0,"footnotes":""},"class_list":["post-862","page","type-page","status-publish","has-post-thumbnail","hentry","comments-off"],"aioseo_notices":[],"_links":{"self":[{"href":"https:\/\/dich-mit-stich.de\/magazin\/wp-json\/wp\/v2\/pages\/862","targetHints":{"allow":["GET"]}}],"collection":[{"href":"https:\/\/dich-mit-stich.de\/magazin\/wp-json\/wp\/v2\/pages"}],"about":[{"href":"https:\/\/dich-mit-stich.de\/magazin\/wp-json\/wp\/v2\/types\/page"}],"author":[{"embeddable":true,"href":"https:\/\/dich-mit-stich.de\/magazin\/wp-json\/wp\/v2\/users\/4"}],"replies":[{"embeddable":true,"href":"https:\/\/dich-mit-stich.de\/magazin\/wp-json\/wp\/v2\/comments?post=862"}],"version-history":[{"count":5,"href":"https:\/\/dich-mit-stich.de\/magazin\/wp-json\/wp\/v2\/pages\/862\/revisions"}],"predecessor-version":[{"id":1064,"href":"https:\/\/dich-mit-stich.de\/magazin\/wp-json\/wp\/v2\/pages\/862\/revisions\/1064"}],"wp:featuredmedia":[{"embeddable":true,"href":"https:\/\/dich-mit-stich.de\/magazin\/wp-json\/wp\/v2\/media\/863"}],"wp:attachment":[{"href":"https:\/\/dich-mit-stich.de\/magazin\/wp-json\/wp\/v2\/media?parent=862"}],"curies":[{"name":"wp","href":"https:\/\/api.w.org\/{rel}","templated":true}]}}