{"id":888,"date":"2020-05-27T19:01:01","date_gmt":"2020-05-27T19:01:01","guid":{"rendered":"https:\/\/dich-mit-stich.de\/magazin\/?page_id=888"},"modified":"2025-09-03T13:18:58","modified_gmt":"2025-09-03T13:18:58","slug":"nasallang-piercing","status":"publish","type":"page","link":"https:\/\/dich-mit-stich.de\/magazin\/nasallang-piercing\/","title":{"rendered":"Nasallang Piercing"},"content":{"rendered":"<h2>Was ist das Nasallang-Piercing und wo kommt es her?<\/h2>\n<p>Als eines der exotischsten Piercings \u00fcberhaupt kombiniert das Nasallang-Piercing drei Piercings in einem: zwei Nostrils und ein hohes Septum. Dadurch verl\u00e4uft das Piercing horizontal durch beide Nasenfl\u00fcgel und die Nasenscheidewand. Verbunden werden die drei Einstichstellen durch einem geraden Barbell.<\/p>\n<p>Urspr\u00fcnglich kommt diese Piercingart aus Indien, wo M\u00e4nner alter V\u00f6lker ihre kriegerische Tapferkeit durch das Tragen das Nasallangs ausdr\u00fcckten. In den 1990er Jahren wurde das Piercing unter seinem heutigen Namen vom kalifornischen Piercer Cliff Cadaver wieder ins Leben gerufen.<\/p>\n<h3>\u00dcberblick<\/h3>\n<ul>\n<li><strong>Name:<\/strong> Nasallang-Piercing<\/li>\n<li><strong>Wo wird es gestochen:<\/strong> an beiden Nasenfl\u00fcgeln durch die Nasenscheidewand<\/li>\n<li><strong>Kosten Piercing:<\/strong> 70 &#8211; 120 EUR<\/li>\n<li><strong>Art:<\/strong> Nasenpiercing<\/li>\n<li><strong>Heilungsdauer:<\/strong> 2-3 Monate<\/li>\n<li><strong>Schmerzen beim Stechen:<\/strong> schwer<\/li>\n<\/ul>\n<h2>Motivation des Piercings<\/h2>\n<p>Das Nasallang ist sehr selten und eher in piercing-affinen Kreisen anzutreffen. In der \u00d6ffentlichkeit f\u00e4llt es auf den ersten Blick auch nicht auf. Da es nur rechts und links an den Nasenfl\u00fcgeln zu sehen ist, wird es oft f\u00fcr zwei Nostril-Piercings gehalten: Perfekt f\u00fcr \u00dcberraschungsmomente.<\/p>\n<h2>So wird das Piercing gestochen<\/h2>\n<p>Das Nasellang-Piercing kann in einer Sitzung oder in mehreren Sitzungen gestochen werden. In den meisten F\u00e4llen werden die einzelnen Piercings in unterschiedlichen Sitzungen gestochen: also zun\u00e4chst in ein oder zwei Sitzungen die Nostrils und anschlie\u00dfend das <a title=\"Das Septum-Piercing\" href=\"https:\/\/dich-mit-stich.de\/magazin\/septum-piercing\/\">Septum<\/a> als Verbindung. Dies hat den Vorteil, dass die Piercings einzeln abheilen und sich somit auch nicht gegenseitig infizieren k\u00f6nnen. Au\u00dferdem ist der Schmerz in den einzelnen Sitzungen niedriger als beim gesamten Stechen des Piercings.<\/p>\n<p>Wer weniger schmerzempfindlich ist und es schnell hinter sich haben m\u00f6chte, sollte das komplette Stechen w\u00e4hlen. Dabei wird in einer Sitzung und mit einer Nadel an einem Nasenfl\u00fcgel angesetzt und durch die Nasenscheidewand bis zum anderen Nasenfl\u00fcgel durchgestochen. So ist das Gesamtergebnis direkt sichtbar. Durch das Stechen in einer Sitzung wird auch die Gefahr minimiert, dass das Piercing schief wird. Dies passiert oft beim einzelnen Stechen, wenn der Piercer die Nostrils nicht genau auf einer H\u00f6he platziert oder eines beim Heilen wandert.<\/p>\n<h2>Gesundheitliches Risiko<\/h2>\n<p>Grunds\u00e4tzlich besteht bei jedem Piercing die Gefahr einer Entz\u00fcndung, welches aber mit penibler Pflege minimiert werden kann. Nostril-Piercings neigen bei der Heilung zur Entwicklung von Wildfleisch, was aber nicht weiter schlimm ist. Ein erfahrener Piercer kann Pflegetipps und Empfehlungen geben, um die ungewollten Wucherungen schnell loszuwerden.<\/p>\n<p>Das Nasallang verl\u00e4uft einmal horizontal durch die Nase und somit auch durch die Nasenl\u00f6cher. Je nach Empfindlichkeit und Dicke des Barbells kann es theoretisch zu leichten Atembeschwerden kommen.<\/p>\n<h2>Schmerzen<\/h2>\n<p>Grunds\u00e4tzlich ist Schmerz beim Stechen von Piercings nur schwer einzuordnen. Beim Nasallang ist vor allem das Stechen des Septum-Piercings schmerzhaft, da es durch den festen Knorpel der Nasenscheidewand gestochen wird.<\/p>\n<p>Die Schmerzen h\u00e4ngen nat\u00fcrlich auch von der Art des Stechens ab. Wer sich f\u00fcr das einzelne Stechen der Piercings entscheidet, wird in den einzelnen Sitzungen weniger Schmerzen sp\u00fcren. Der Vorteil des gemeinsamen Stechens ist dagegen, dass der Schmerz einmalig ist. Daf\u00fcr dauert das Stechen dreier Piercings deutlich l\u00e4nger.<\/p>\n<h2>Heilung &amp; Pflege<\/h2>\n<p>Nostrils haben einzeln eine Heilungszeit von etwa 4 Wochen. Das Septum sollte nach 3 Monaten abgeheilt sein. Beim gleichzeitigen Stechen aller Piercings sollte von mindestens 3 Monaten Heilungszeit ausgegangen werden, da die Gefahr einer Entz\u00fcndung deutlich erh\u00f6ht ist und diese sich auch auf die anderen Stichkan\u00e4le \u00fcbertragen w\u00fcrde. Beim einzelnen Stechen sollten mindestens 6 Monate eingeplant werden, bis alle Piercings gestochen und verheilt sind.<\/p>\n<p>Gepflegt werden frisch gestochene Piercings zweimal t\u00e4glich mit einem speziellen Desinfektionsmittel. Meist gibt der Piercer genaue Pflegeanweisungen und empfiehlt ein Mittel, das gleich mitgenommen werden kann.<\/p>\n<p>Frische Piercings d\u00fcrfen nur mit gewaschenen H\u00e4nden angefasst werden. Die Nase sollte f\u00fcr ein paar Tage geschont und von Bakterien ferngehalten werden. Daher sind Make-up, Schwimmen und starkes Schwitzen in den ersten Tagen Tabu! Ebenfalls ist ein Verzicht auf Nikotin, Alkohol und blutverd\u00fcnnende Medikamente nach dem Stechen empfehlenswert, da diese Stoffe die Heilung verlangsamen.<\/p>\n<p>Bei etwaigen Problemen und Entz\u00fcndungen sollte der Piercer aufgesucht werden!<\/p>\n","protected":false},"excerpt":{"rendered":"<p>Was ist das Nasallang-Piercing und wo kommt es her? Als eines der exotischsten Piercings \u00fcberhaupt kombiniert das Nasallang-Piercing drei Piercings<\/p>\n","protected":false},"author":4,"featured_media":889,"parent":0,"menu_order":0,"comment_status":"closed","ping_status":"closed","template":"","meta":{"ngg_post_thumbnail":0,"footnotes":""},"class_list":["post-888","page","type-page","status-publish","has-post-thumbnail","hentry","comments-off"],"aioseo_notices":[],"_links":{"self":[{"href":"https:\/\/dich-mit-stich.de\/magazin\/wp-json\/wp\/v2\/pages\/888","targetHints":{"allow":["GET"]}}],"collection":[{"href":"https:\/\/dich-mit-stich.de\/magazin\/wp-json\/wp\/v2\/pages"}],"about":[{"href":"https:\/\/dich-mit-stich.de\/magazin\/wp-json\/wp\/v2\/types\/page"}],"author":[{"embeddable":true,"href":"https:\/\/dich-mit-stich.de\/magazin\/wp-json\/wp\/v2\/users\/4"}],"replies":[{"embeddable":true,"href":"https:\/\/dich-mit-stich.de\/magazin\/wp-json\/wp\/v2\/comments?post=888"}],"version-history":[{"count":3,"href":"https:\/\/dich-mit-stich.de\/magazin\/wp-json\/wp\/v2\/pages\/888\/revisions"}],"predecessor-version":[{"id":1274,"href":"https:\/\/dich-mit-stich.de\/magazin\/wp-json\/wp\/v2\/pages\/888\/revisions\/1274"}],"wp:featuredmedia":[{"embeddable":true,"href":"https:\/\/dich-mit-stich.de\/magazin\/wp-json\/wp\/v2\/media\/889"}],"wp:attachment":[{"href":"https:\/\/dich-mit-stich.de\/magazin\/wp-json\/wp\/v2\/media?parent=888"}],"curies":[{"name":"wp","href":"https:\/\/api.w.org\/{rel}","templated":true}]}}