{"id":901,"date":"2020-06-02T19:28:54","date_gmt":"2020-06-02T19:28:54","guid":{"rendered":"https:\/\/dich-mit-stich.de\/magazin\/?page_id=901"},"modified":"2025-09-03T13:18:58","modified_gmt":"2025-09-03T13:18:58","slug":"nostril-piercing","status":"publish","type":"page","link":"https:\/\/dich-mit-stich.de\/magazin\/nostril-piercing\/","title":{"rendered":"Nostril Piercing"},"content":{"rendered":"<h2>Was ist ein Nostril und wo kommt es her?<\/h2>\n<p>Das Nostril-Piercing ist ein Nasenpiercing. Es wird durch den Nasenfl\u00fcgel gestochen und kann mit Steckern oder Ringen getragen werden. Heutzutage ist das Nostril eines der beliebtesten Piercings \u00fcberhaupt.<\/p>\n<p>Urspr\u00fcnglich stammt das Nasenpiercing aus dem Mittleren Osten. Im 16. Jahrhundert gelang es nach Indien, wo sich vor allem Frauen das Nostril aus gesundheitlichen Gr\u00fcnden stechen lie\u00dfen: nach einer speziellen Medizinlehre sollte es Geburten vereinfachen. In anderen indischen Kulturkreisen dehnen Frauen das Piercing zus\u00e4tzlich und setzen Tunnel als Schmuck ein. Auch Stacheln von Pflanzen oder Streifen von Palmbl\u00e4ttern sind in Indien beliebter Schmuck f\u00fcr den Nasenfl\u00fcgel. In den 60er und 70er Jahren \u00fcbernahmen Hippiebewegungen und sp\u00e4ter auch Punkbewegungen das Piercing. Bekannte Pers\u00f6nlichkeiten wie Lenny Kravitz lie\u00dfen sich das Nostril stechen, wodurch es sich international etablierte.<\/p>\n<h3>\u00dcberblick<\/h3>\n<ul>\n<li><strong>Name:<\/strong> Nostril Piercing<\/li>\n<li><strong>Wo wird es gestochen:<\/strong> durch den Nasenfl\u00fcgel<\/li>\n<li><strong>Kosten Piercing:<\/strong> 30 &#8211; 70 EUR<\/li>\n<li><strong>Art:<\/strong> Nasenpiercing<\/li>\n<li><strong>Heilungsdauer:<\/strong> 4-6 Wochen<\/li>\n<li><strong>Schmerzen beim Stechen:<\/strong> leicht<\/li>\n<\/ul>\n<h2>Motivation des Piercings<\/h2>\n<p>Das Nostril ist ein sch\u00f6nes Gesichtspiercing, dass gr\u00f6\u00dftenteils bei Frauen zu finden ist. Dennoch ist es auch bei M\u00e4nnern beliebt! Ein Grund f\u00fcr die Beliebtheit ist die Wandelbarkeit des Nostrils. Es kann mit kleinen und unauff\u00e4lligen Steckern mit Glitzersteinchen getragen werden, aber auch mit breiten Ringen. Dadurch spricht es eine gro\u00dfe Zielgruppe an und kann je nach Anlass und Laune ver\u00e4ndert werden. Wer mehr als nur ein Nostril m\u00f6chte, kann sich zwei der Piercings nebeneinander stechen lassen oder in beiden Nasenfl\u00fcgeln ein Nostril tragen.<\/p>\n<h2>So wird das Piercing gestochen<\/h2>\n<p>Auch wenn viele Juweliere das Schie\u00dfen des Nostrils anbieten, sollte es immer bei einem professionellen Piercer gestochen werden. Der Piercer wird zun\u00e4chst ein kurzes Aufkl\u00e4rungsgespr\u00e4ch f\u00fchren und dann die betreffende Haustelle desinfizieren. Danach wird mit einem speziellen Stift die m\u00f6gliche Einstichstelle markiert und kann im Spiegel begutachtet werden. Zum Stechen wird eine spezielle Kan\u00fcle durch den Nasenfl\u00fcgel gedr\u00fcckt. H\u00e4ufig wird dabei von innen ein Puffer, die sogenannte Receiving Tube, vor die Nasenscheidewand gehalten. Diese sch\u00fctzt die Nasenscheidewand vor Verletzungen durch die Kan\u00fcle.<\/p>\n<p>Direkt nach dem Stechen wird der Schmuck eingesetzt. Als Erstschmuck setzen viele Piercer einen Stecker ein, da so in den ersten Wochen weniger Reibung entsteht und der Stichkanal schneller abheilt. Nach der Heilung kann auch zu anderen Schmuckarten gewechselt werden.<\/p>\n<h2>Gesundheitliches Risiko<\/h2>\n<p>Das Nostril-Piercing ist ein verh\u00e4ltnism\u00e4\u00dfig unkompliziertes Piercing. Das Risiko einer Entz\u00fcndung besteht immer, kann aber durch ein professionelles Piercingstudio und passende Pflege minimiert werden. In den ersten Tagen kommt es oft zu Schwellungen in der Nase. Dadurch kann es vorr\u00fcbergehend Probleme mit der Atmung geben, bis die Schwellung nachl\u00e4sst.<\/p>\n<p>Im Verlauf der Heilung kann au\u00dferdem Wildfleisch entstehen. Dies ist aber nicht schlimm und kann mit der Hilfe eines guten Piercers behandelt werden, sodass es sich vollst\u00e4ndig zur\u00fcckentwickelt.<\/p>\n<h2>Schmerzen<\/h2>\n<p>Da durch die Nasenfl\u00fcgel feine Nerven laufen, kann das Stechen des Nostrils Schmerzen verursachen. Dennoch ist es nur ein sehr kurzer Schmerz, der meist nicht schlimmer ist als eine Spritze beim Arzt und sehr schnell vergeht. Beim Herausziehen der Kan\u00fcle und dem Einsetzen des Schmucks kann ein unangenehmes Ziehen auftreten, da die gereizte Haut empfindlich auf Ber\u00fchrungen und Bewegungen reagiert. Nach dem Einsetzen des Schmucks sollte der Schmerz im Normalfall verschwinden.<\/p>\n<h2>Heilung &#038; Pflege<\/h2>\n<p>Nostril-Piercings heilen bestenfalls innerhalb von 4 Wochen aus. Dies ist jedoch von vielen Faktoren abh\u00e4ngig, weshalb viele Piercer anbieten, den ersten Schmuckwechsel im Studio durchzuf\u00fchren. Um das Abheilen bestm\u00f6glich zu unterst\u00fctzen, sollten frisch gestochene Piercings zweimal t\u00e4glich gereinigt werden. Der Piercer wird nach dem Stechen ein Mittel empfehlen, das die frische Wunde schonend desinfiziert.<\/p>\n<p>Davon abgesehen sollte das Piercing in den ersten Wochen m\u00f6glichst in Ruhe gelassen werden, damit die frisch gestochene Wunde gut abheilen kann. Vor jeder Ber\u00fchrung sollten die H\u00e4nde gr\u00fcndlich gewaschen werden. Au\u00dferdem sollte f\u00fcr ein paar Tage m\u00f6glichst auf Make-up, Schwimmen und starkes Schwitzen verzichtet werden. Falls dennoch Probleme auftreten ist ein Gang zum Piercer empfehlenswert!<\/p>\n","protected":false},"excerpt":{"rendered":"<p>Was ist ein Nostril und wo kommt es her? Das Nostril-Piercing ist ein Nasenpiercing. Es wird durch den Nasenfl\u00fcgel gestochen<\/p>\n","protected":false},"author":4,"featured_media":904,"parent":0,"menu_order":0,"comment_status":"closed","ping_status":"closed","template":"","meta":{"ngg_post_thumbnail":0,"footnotes":""},"class_list":["post-901","page","type-page","status-publish","has-post-thumbnail","hentry","comments-off"],"aioseo_notices":[],"_links":{"self":[{"href":"https:\/\/dich-mit-stich.de\/magazin\/wp-json\/wp\/v2\/pages\/901","targetHints":{"allow":["GET"]}}],"collection":[{"href":"https:\/\/dich-mit-stich.de\/magazin\/wp-json\/wp\/v2\/pages"}],"about":[{"href":"https:\/\/dich-mit-stich.de\/magazin\/wp-json\/wp\/v2\/types\/page"}],"author":[{"embeddable":true,"href":"https:\/\/dich-mit-stich.de\/magazin\/wp-json\/wp\/v2\/users\/4"}],"replies":[{"embeddable":true,"href":"https:\/\/dich-mit-stich.de\/magazin\/wp-json\/wp\/v2\/comments?post=901"}],"version-history":[{"count":1,"href":"https:\/\/dich-mit-stich.de\/magazin\/wp-json\/wp\/v2\/pages\/901\/revisions"}],"predecessor-version":[{"id":903,"href":"https:\/\/dich-mit-stich.de\/magazin\/wp-json\/wp\/v2\/pages\/901\/revisions\/903"}],"wp:featuredmedia":[{"embeddable":true,"href":"https:\/\/dich-mit-stich.de\/magazin\/wp-json\/wp\/v2\/media\/904"}],"wp:attachment":[{"href":"https:\/\/dich-mit-stich.de\/magazin\/wp-json\/wp\/v2\/media?parent=901"}],"curies":[{"name":"wp","href":"https:\/\/api.w.org\/{rel}","templated":true}]}}