{"id":939,"date":"2020-06-10T07:24:53","date_gmt":"2020-06-10T07:24:53","guid":{"rendered":"https:\/\/dich-mit-stich.de\/magazin\/?page_id=939"},"modified":"2025-09-03T13:18:58","modified_gmt":"2025-09-03T13:18:58","slug":"septril-piercing","status":"publish","type":"page","link":"https:\/\/dich-mit-stich.de\/magazin\/septril-piercing\/","title":{"rendered":"Septril Piercing"},"content":{"rendered":"<p>Ein Septril Piercing (auch Dschungelpiercing) ist eine besondere Form des Nasenpiercings. Da es schwierig zu stechen ist, der Heilungsprozess relativ lange dauert und es eines der schmerzhaftesten Piercings ist, haben nur sehr wenige Menschen ein Septril Piercing. Selbst stark gepiercte Menschen haben nur selten eines!<\/p>\n<h3>\u00dcberblick<\/h3>\n<ul>\n<li><strong>Name:<\/strong> Septril Piercing <\/li>\n<li><strong>Wo wird es gestochen:<\/strong> durch die Nasenscheidewand, in das gedehnte Septum<\/li>\n<li><strong>Kosten Piercing:<\/strong> 60 &#8211; 90 EUR<\/li>\n<li><strong>Art:<\/strong> Gesichtspiercing<\/li>\n<li><strong>Heilungsdauer:<\/strong> 2-3 Monate (Septum-Dehnung -16-18 Monate) <\/li>\n<li><strong>Schmerzen beim Stechen:<\/strong> schwer <\/li>\n<\/ul>\n<h2>Warum ein Septril Piercing?<\/h2>\n<p>Ein Septril Piercing ist ein ganz besonderes, sehr seltenes Piercing. Es erfordert eine Menge Geduld, sich eines stechen zu lassen. Au\u00dferdem muss der Gepiercte eine hohe Schmerztoleranz aufweisen. Der Lohn hierf\u00fcr ist ein Piercing, das nicht nur besonders sch\u00f6n anzusehen ist \u2013 es ist selbst unter Piercingliebhabern ein Piercing, das auff\u00e4llt.<\/p>\n<h2>So wird das Septril Piercing gestochen<\/h2>\n<p>Das Stechen eines Septril Piercing unterscheidet sich ganz erheblich vom Stechen eines anderen Nasenpiercings. Voraussetzung daf\u00fcr, dass ein Septril Piercing \u00fcberhaupt gestochen werden kann, ist das Vorhandensein eines <a href=\"https:\/\/dich-mit-stich.de\/magazin\/septum-piercing\/\" title=\"Das Septum-Piercing\">Septum Piercings<\/a>. Bei einem Septum Piercing wir die Nasenscheidewand durchstochen, wobei ein etwa 1,6 mm gro\u00dfes Loch entsteht. Dieses Loch wird auf etwa 8,3 mm gedehnt. Die Dehnung erfolgt mit einer sich verj\u00fcngenden Nadel und erfordert Mut und viel Geduld, denn sie dauert etwa 18 Monate. Die Dehnung eines Septum Piercings ist kompliziert und sollte keinesfalls allein oder von Laien durchgef\u00fchrt werden \u2013 nur erfahrene Piercer d\u00fcrfen hier ans Werk! Nach ausreichender Dehnung kann der Knorpel durchstochen und das eigentliche Septril Piercing eingesetzt werden. Das Setzen des Piercings selbst ist Routine. Der Piercer wird \u2013 nachdem markiert wurde, wo genau das Piercing platziert werden soll \u2013 die Zange nehmen, piercen und das ausgesuchte Schmuckst\u00fcck einsetzen.<\/p>\n<h2>Gesundheitliches Risiko<\/h2>\n<p>Hier ein offenes Wort. Gesundheitsrisiken bestehen bei Piercings nat\u00fcrlich immer, wenn auch in einem \u00fcberschaubaren Rahmen. Piercings k\u00f6nnen sich entz\u00fcnden oder vernarben, was beides schmerzhaft ist. Da bei einem Septril Piercing etwa 18 Monate gedehnt wird, steigt das Infektionsrisiko an. Dehnung bedeutet, dass der K\u00f6rper \u00fcber einen relativ langen Zeitraum eine offene Wunde hat, die sich entz\u00fcnden kann. Eine entz\u00fcndete Stelle im K\u00f6rper senkt die Abwehrkr\u00e4fte des Immunsystems und der Gepiercte ist anf\u00e4lliger f\u00fcr Infektionskrankheiten. Jeder, der mit dem Gedanken spielt, sich ein Septril Piercing stechen zu lassen, sollte vorher mit einem Arzt sprechen und gemeinsam \u00fcberlegen, ob ein erh\u00f6htes Risiko besteht.<\/p>\n<p>Beim Dehnen selbst kann es zu einem Blow out kommen. Ein Blow out kann entstehen, wenn unprofessionell -sprich: zu schnell &#8211; gedehnt wird. Es bildet sich Narbengewebe, das sich wie ein Wulst um die gepiercte Stelle legt. Das sieht nicht nur unsch\u00f6n aus, es kann auch nur mit einer Operation entfernt werden. Operationen bergen immer auch gesundheitliche Risiken.<\/p>\n<p>Ist ein Septril Piercing gestochen, gibt es keine anderen gesundheitlichen Risiken als bei anderen Piercings auch.<\/p>\n<h2>Schmerzen<\/h2>\n<p>Ein Septril Piercing geh\u00f6rt zu den schmerzhaftesten Piercing \u00fcberhaupt. Nicht das Setzen selbst ist dabei das Problem, sondern die notwendige vorherige Dehnung des Septums. Der Weg ist lang, m\u00fchsam und \u2013 ja \u2013 auch sehr schmerzhaft. Anf\u00e4ngern ist auf jeden Fall von einem Septril Percing abzuraten. Selbst erfahrene Gepiercte haben meist kein Septril Piercing &#8211; die zu erwartenden Schmerzen d\u00fcrften daf\u00fcr ein Grund sein.<\/p>\n<h2>Heilung und Pflege<\/h2>\n<p>Insgesamt ist der Heilungsprozess bei einem Septril Piercing deutlich l\u00e4nger als bei anderen Piercings. Da der K\u00f6rper \u00fcber eine lange Zeit dem Dehnen ausgesetzt ist und ihm damit h\u00e4ufig kleine Wunden zugef\u00fcgt werden, ben\u00f6tigt der K\u00f6rper einfach etwas l\u00e4nger.<\/p>\n<p>F\u00fcr die Pflege sind die allgemeinen Standards zu beachten: Piercings m\u00fcssen regelm\u00e4\u00dfig gepflegt werden, d.h. H\u00e4nde sind vor dem Pflegen des Piercings unbedingt gr\u00fcndlich zu waschen und zu desinfizieren. Krusten, die sich um das Piercing herum bilden, d\u00fcrfen nicht \u201eabgeknibbelt\u201c werden, sondern sie sollten mit lauwarmem Wasser aufgeweicht und anschlie\u00dfend mit einem sauberen Tuch abgewischt werden. Hilfreich sind auch Kompressen, da sie weicher sind. Kompressen sollten nicht mehrmals verwendet werden. Wichtige Grundregel: Das S\u00e4ubern der Piercingstelle muss immer von au\u00dfen nach innen erfolgen, um keine Bakterien in die Wunde hinein zu reiben.<\/p>\n<p>Nach vollkommener Heilung des Piercings ist mit einem Septril Piercing genauso zu verfahren wie mit anderen Piercings auch.<\/p>\n<p>Ein offenes Wort zu guter Letzt: L\u00f6cher von Piercings ohne Dehnung verschwinden fast vollst\u00e4ndig, wenn sich der Gepiercte irgendwann einmal entscheiden sollte, kein Piercing mehr tragen zu wollen. Meist bleibt nur ein kleines Loch zur\u00fcck. L\u00f6cher gedehnter Piercings hingegen bleiben und k\u00f6nnen nur mit einer Operation teilweise kosmetisch entfernt werden.<\/p>\n","protected":false},"excerpt":{"rendered":"<p>Ein Septril Piercing (auch Dschungelpiercing) ist eine besondere Form des Nasenpiercings. Da es schwierig zu stechen ist, der Heilungsprozess relativ<\/p>\n","protected":false},"author":4,"featured_media":0,"parent":0,"menu_order":0,"comment_status":"closed","ping_status":"closed","template":"","meta":{"ngg_post_thumbnail":0,"footnotes":""},"class_list":["post-939","page","type-page","status-publish","hentry","comments-off"],"aioseo_notices":[],"_links":{"self":[{"href":"https:\/\/dich-mit-stich.de\/magazin\/wp-json\/wp\/v2\/pages\/939","targetHints":{"allow":["GET"]}}],"collection":[{"href":"https:\/\/dich-mit-stich.de\/magazin\/wp-json\/wp\/v2\/pages"}],"about":[{"href":"https:\/\/dich-mit-stich.de\/magazin\/wp-json\/wp\/v2\/types\/page"}],"author":[{"embeddable":true,"href":"https:\/\/dich-mit-stich.de\/magazin\/wp-json\/wp\/v2\/users\/4"}],"replies":[{"embeddable":true,"href":"https:\/\/dich-mit-stich.de\/magazin\/wp-json\/wp\/v2\/comments?post=939"}],"version-history":[{"count":2,"href":"https:\/\/dich-mit-stich.de\/magazin\/wp-json\/wp\/v2\/pages\/939\/revisions"}],"predecessor-version":[{"id":941,"href":"https:\/\/dich-mit-stich.de\/magazin\/wp-json\/wp\/v2\/pages\/939\/revisions\/941"}],"wp:attachment":[{"href":"https:\/\/dich-mit-stich.de\/magazin\/wp-json\/wp\/v2\/media?parent=939"}],"curies":[{"name":"wp","href":"https:\/\/api.w.org\/{rel}","templated":true}]}}