{"id":944,"date":"2020-06-11T05:38:26","date_gmt":"2020-06-11T05:38:26","guid":{"rendered":"https:\/\/dich-mit-stich.de\/magazin\/?page_id=944"},"modified":"2025-09-03T13:16:14","modified_gmt":"2025-09-03T13:16:14","slug":"lippenbandpiercing","status":"publish","type":"page","link":"https:\/\/dich-mit-stich.de\/magazin\/lippenbandpiercing\/","title":{"rendered":"Lippenbandpiercing"},"content":{"rendered":"<h2>Alles, was Sie \u00fcber das Lippenbandpiercing  wissen sollten<\/h2>\n<p>Das Lippenbandpiercing ist ein Piercing im Mundbereich. Wie auch der Name verr\u00e4t, wird es am Lippenb\u00e4ndchen befestigt, das das Zahnfleisch mit der Oberlippe verbindet.<\/p>\n<p>Das Piercing wird nur sichtbar, wenn Sie l\u00e4cheln. Aus diesem Grund tr\u00e4gt es auch den Namen Smiley-Piercing. Das Lippenbandpiercing geh\u00f6rt zu den Piercings, die sehr unkompliziert sind, da es in der Regel sehr schnell verheilt.<\/p>\n<p>Der Ursprung des Smiley-Piercings begann erst vor einigen Jahrzehnten. Nach seiner Entdeckung kam es sehr schnell in Mode. Das erste Foto eines Smiley-Piercings stammt aus der Mitte der neunziger Jahre und war das Bild von Steve Haworth, das zu dieser Zeit in einer deutschen Zeitschrift ver\u00f6ffentlicht wurde. Woher das Piercing stammt oder wer hat ihn erfunden, ist unklar.<\/p>\n<h3>\u00dcberblick<\/h3>\n<ul>\n<li><strong>Name:<\/strong> Lippenbandpiercing \/ Lippenb\u00e4ndchenpiercing \/ Smiley-Piercing<\/li>\n<li><strong>Wo wird es gestochen:<\/strong> durch das Lippenb\u00e4ndchen (Frenulum) in der Innenseite der Oberlippe<\/li>\n<li><strong>Kosten Piercing:<\/strong> 30 &#8211; 60 EUR<\/li>\n<li><strong>Art:<\/strong> Mundpiercing<\/li>\n<li><strong>Heilungsdauer:<\/strong> 2-3 Wochen<\/li>\n<li><strong>Schmerzen beim Stechen:<\/strong> leicht <\/li>\n<\/ul>\n<h2>Motivation f\u00fcr das Piercings<\/h2>\n<p>Smiley-Piercing ist etwas Besonderes! Wenn Sie eine G\u00f6ttin au\u00dfen mit einem inneren D\u00e4mon sein m\u00f6chten, ist Smiley-Piercing genau das Richtige f\u00fcr Sie. Dies liegt daran, dass ein Smiley-Piercing eines Ihrer winzigen Geheimnisse sein kann. Es sei denn, Sie m\u00f6chten, dass die Leute es sehen. Es wird ja nicht umsonst auch als der \u201eSmile-Piercing\u201c bezeichnet. Mit diesem Piercing bringen sie Ihr L\u00e4cheln noch besser zur Geltung.<\/p>\n<h2>So wird das Piercing gestochen<\/h2>\n<p>Das Stechen des Lippenb\u00e4ndchenpiercings ist ziemlich einfach. Bei anderen Piercings w\u00e4re es \u00fcblich, dass die Stelle, die gepierct wird, erst markiert und desinfiziert wird. Hier ist es nicht der Fall, weil sich das Smiley-Piercing im Mund befindet.<\/p>\n<p>Zun\u00e4chst wird eine spezielle Zange genommen, mit der das Lippenb\u00e4ndchen straff gezogen wird. Als n\u00e4chstes wird das Piercing mit einer Hohlnadel gestochen. Das Smiley-Piercing besitzt in der Regel eine St\u00e4rke von 1,2 bis 1,6 Millimeter. Wenn eine kleinere St\u00e4rke gebraucht wird, k\u00f6nnte das Piercing herauswachsen.<\/p>\n<p>Ab und zu kann es vorkommen, dass das B\u00e4ndchen die Belastung nicht aush\u00e4lt und rei\u00dft. Bei einem erfahrenen Piercer sollte das aber in der Regel nie passieren. Sollte dies doch der Fall sein, w\u00e4chst das B\u00e4ndchen innerhalb der wenigen Wochen wieder zusammen.<\/p>\n<h2>Gesundheitliches Risiko<\/h2>\n<p>Es entstehen bei diesem Piercing nur selten Entz\u00fcndungen und andere Komplikationen, da es nur durch schnell zusammenwachsendes Schleimhautgewebe gestochen wird. Sollte das Lippenb\u00e4ndchen jedoch ziemlich d\u00fcnn sein, kann das Piercing mit der Zeit herauswachsen. Es kommt auch vor, dass es beim Essen st\u00f6rt und deswegen nehmen es viele heraus.<\/p>\n<p>Auch wenn es sehr selten vorkommt, kann das Smiley-Piercing zu Sch\u00e4den des Zahnfleisches oder zu Zahnsch\u00e4den f\u00fchren. Das Piercing dr\u00fcckt auf die Z\u00e4hne und reibt \u00fcber das Zahnfleisch. Dadurch k\u00f6nnten einige Wunden entstehen. Es kann auch zum Abrieb des Zahnschmelzes und dem R\u00fcckgang des Zahnfleisches f\u00fchren.<\/p>\n<p>Im ung\u00fcnstigsten Fall k\u00f6nnte ein chronisches Parodontitis entstehen. Das B\u00e4ndchen kann die Sch\u00e4den am Knochen unter dem Zahnfleisch beg\u00fcnstigen. Die Mediziner raten aus diesem Grund von diesem Piercing ab.<\/p>\n<p>Entscheidend ist auch der richtige Piercingschmuck, um die Sch\u00e4den an Z\u00e4hnen zu reduzieren. Damit das Risiko minimiert wird, sollte man zu dem Schmuck mit abgeflachten Kugeln auf der inneren Seite greifen. Piercings, bei denen komplett auf die Kugel verzichtet wird, sind noch freundlicher f\u00fcr Ihre Z\u00e4hne.<\/p>\n<p>Wie schon oben erw\u00e4hnt, kann das Smiley-Piercing Sie bei jeder Mahlzeit st\u00f6ren. Ein Apfel normal zu essen, wird nicht mehr m\u00f6glich sein.<\/p>\n<p>Es kann auch sein, dass das Piercing herausgerissen werden kann. Dieses Risiko besteht jedoch bei allen Piercings.<\/p>\n<h2>Schmerzen<\/h2>\n<p>\u201eHat es denn weh getan?\u201c Diese Frage kommt von den meisten Leuten, sobald sie das Lippenbandpiercing sehen.<\/p>\n<p>Die Schmerzen sind minimal. Es geh\u00f6rt zu den Piercingarten, die tats\u00e4chlich sehr wenig Schmerz verursachen. Da dieses Piercing so unkompliziert ist, wird auch keine Bet\u00e4ubung gebraucht. Ehe man sich versieht, ist es schon vorbei. Der ganze Vorgang des Stechens nimmt ja auch nur wenige Sekunden in Anspruch. Aus diesem Grund brauchen Sie gar keine Angst zu haben.<\/p>\n<h2>Heilung &#038; Pflege<\/h2>\n<p>Der Heilungsprozess f\u00fcr das Smiley-Piercing ist nicht schwer. Nach 2 bis 3 Wochen bei einer richtigen Pflege ist Heilungsprozess komplett abgeschlossen. Aber in der Zwischenzeit sollte man aufpassen. Ihre gr\u00f6\u00dften Herausforderungen werden darin bestehen, den Mund sauber zu halten und zu vermeiden, am Schmuck h\u00e4ngen zu bleiben. Hier sind einige Tipps, die Ihnen beim Heilungsprozess helfen sollen.<\/p>\n<p>Sp\u00fclen Sie Ihren Mund 2 &#8211; 3 Mal t\u00e4glich mit Kochsalzl\u00f6sung oder Meersalz aus. Die Position des Smiley-Piercings verhindert, dass Sie ein Salzbad durchf\u00fchren. Sie sollten Ihren Mund gr\u00fcndlich durchsp\u00fclen. Es gibt Sp\u00fclungen, die Sie kaufen k\u00f6nnen und die speziell f\u00fcr die orale Piercing-Nachsorge entwickelt wurden. Sie m\u00fcssen auch sicherstellen, dass Sie w\u00e4hrend der gesamten Heilung die richtige Mundhygiene aufrechterhalten.<\/p>\n<p>Seien Sie vorsichtig, wenn Sie essen. Sie sollten versuchen, das Piercing nicht einzuklemmen und nicht zu reizen. In den ersten Tagen sollten Sie weiche Lebensmittel nehmen, bis Sie sich an den neuen Schmuck gew\u00f6hnt haben.<\/p>\n<p>Versuchen Sie nicht mit dem Schmuck zu spielen. Sie sollten niemals ein heilendes Piercing ber\u00fchren. Wenn Sie den Schmuck zu stark bewegen, kann er abgesto\u00dfen werden. Au\u00dferdem befinden sich an den H\u00e4nden viele Bakterien, die zur Entz\u00fcndung f\u00fchren k\u00f6nnten. Sie m\u00fcssen auch darauf achten, nicht mit Ihrer Zunge mit Ihrem Schmuck zu spielen. Es kann zu Reizungen und Schwellungen f\u00fchren.<\/p>\n<p>K\u00fcssen ist verboten. Auch ohne Speichel Ihres Partners hat Ihr Mund genug Bakterien. Erlaubt sind nur kleine K\u00fcsschen mit dem geschlossenem Mund. Mit den leidenschaftlichen K\u00fcssen sollten Sie warten, bis das Piercing komplett verheilt ist.<\/p>\n<p>Sollte die Wunde jedoch nicht abheilen wollen oder die Eiter aus der Wunde heraustreten, suchen Sie unbedingt Ihren Piercer auf. Dieser soll sich die Wunde genau angucken. Wenn Sie ihm nicht mehr vertrauen, gehen Sie unbedingt zum Arzt. Dann werden Sie lange Spa\u00df an Ihrem Piercing haben.<\/p>\n","protected":false},"excerpt":{"rendered":"<p>Alles, was Sie \u00fcber das Lippenbandpiercing wissen sollten Das Lippenbandpiercing ist ein Piercing im Mundbereich. Wie auch der Name verr\u00e4t,<\/p>\n","protected":false},"author":4,"featured_media":945,"parent":0,"menu_order":0,"comment_status":"closed","ping_status":"closed","template":"","meta":{"ngg_post_thumbnail":0,"footnotes":""},"class_list":["post-944","page","type-page","status-publish","has-post-thumbnail","hentry","comments-off"],"aioseo_notices":[],"_links":{"self":[{"href":"https:\/\/dich-mit-stich.de\/magazin\/wp-json\/wp\/v2\/pages\/944","targetHints":{"allow":["GET"]}}],"collection":[{"href":"https:\/\/dich-mit-stich.de\/magazin\/wp-json\/wp\/v2\/pages"}],"about":[{"href":"https:\/\/dich-mit-stich.de\/magazin\/wp-json\/wp\/v2\/types\/page"}],"author":[{"embeddable":true,"href":"https:\/\/dich-mit-stich.de\/magazin\/wp-json\/wp\/v2\/users\/4"}],"replies":[{"embeddable":true,"href":"https:\/\/dich-mit-stich.de\/magazin\/wp-json\/wp\/v2\/comments?post=944"}],"version-history":[{"count":1,"href":"https:\/\/dich-mit-stich.de\/magazin\/wp-json\/wp\/v2\/pages\/944\/revisions"}],"predecessor-version":[{"id":946,"href":"https:\/\/dich-mit-stich.de\/magazin\/wp-json\/wp\/v2\/pages\/944\/revisions\/946"}],"wp:featuredmedia":[{"embeddable":true,"href":"https:\/\/dich-mit-stich.de\/magazin\/wp-json\/wp\/v2\/media\/945"}],"wp:attachment":[{"href":"https:\/\/dich-mit-stich.de\/magazin\/wp-json\/wp\/v2\/media?parent=944"}],"curies":[{"name":"wp","href":"https:\/\/api.w.org\/{rel}","templated":true}]}}