{"id":963,"date":"2020-06-19T19:59:41","date_gmt":"2020-06-19T19:59:41","guid":{"rendered":"https:\/\/dich-mit-stich.de\/magazin\/?page_id=963"},"modified":"2025-09-03T13:18:31","modified_gmt":"2025-09-03T13:18:31","slug":"venom-piercing","status":"publish","type":"page","link":"https:\/\/dich-mit-stich.de\/magazin\/venom-piercing\/","title":{"rendered":"Venom Piercing \u2013 Der Schmuck durch die Zunge"},"content":{"rendered":"<p>Das Venom Piercing ist eine spezielle Art der K\u00f6rpermodifikation und sticht vor allem durch seine Extravaganz und Ausgefallenheit heraus. Konkret handelt es sich hierbei um ein Doppel-Piercing, das mithilfe von zwei Barbells durch den Zungenmuskel gestochen wird. Doch wie schmerzhaft ist ein solcher Schmuck und welche Risiken und Nebenwirkungen kann er mit sich bringen? Das alles und noch mehr in unserem Ratgeber zum besonderen Venom Piercing.<\/p>\n<h3>\u00dcberblick<\/h3>\n<ul>\n<li><strong>Name:<\/strong> Venom Piercing<\/li>\n<li><strong>Wo wird es gestochen:<\/strong> symmetrisch links und rechts an der Zunge<\/li>\n<li><strong>Kosten Piercing:<\/strong> 90 &#8211; 120 EUR<\/li>\n<li><strong>Art:<\/strong> Mundpiercing<\/li>\n<li><strong>Heilungsdauer:<\/strong> 2-4 Wochen<\/li>\n<li><strong>Schmerzen beim Stechen:<\/strong> schwer <\/li>\n<\/ul>\n<h2>Piercing durch die Zunge?<\/h2>\n<p>Gr\u00fcnde f\u00fcr ein Venom Piercing gibt es reichlich viele. Nat\u00fcrlich muss man dazu sagen, dass nicht jeder Mensch auf dieser Erde bereit w\u00e4re, sich zwei Titanst\u00e4be durch das Geschmacksorgan stechen zu lassen. Vor allem Frauen greifen aber immer h\u00e4ufiger zu dieser Form des Schmuckes, da diese Art doch zu den selteneren und aufw\u00e4ndigeren in der Piercing-Welt z\u00e4hlt. Allgemein kann man sagen, dass das Venom Piercing bei richtiger und vorschriftsgem\u00e4\u00dfer Ausf\u00fchrung keine gesundheitlichen Nebenwirkungen aufweist und somit rein als Schmuck und weniger als medizinischer Grund eingesetzt wird.<\/p>\n<h2>So wird das Piercing gestochen<\/h2>\n<p>Wie bei anderen, nicht ganz allt\u00e4glichen Piercings k\u00f6nnen auch hier Komplikationen mit einem Piercer auftreten, da sich nicht jeder dazu bereit erkl\u00e4ren wird, diesen Schmuck an der Zunge anzubringen. Sollte sich der Piercer unsicher f\u00fchlen, suche lieber einen erfahreneren und ge\u00fcbteren Stecher auf, da ansonsten gro\u00dfer Schaden im Mundbereich entstehen kann. Spricht man \u00fcber das Piercen selbst, fallen einem grunds\u00e4tzlich keine Unterschiede zu anderen Piercings auf. In diesem Fall muss der Piercer eben zweimal stechen, da es sich schlie\u00dflich um zwei Piercings handelt, die jeweils links und rechts in den Zungenmuskel gestochen werden. Der Piercer nimmt nach ausgiebiger Untersuchung der Zunge eine Piercingzange zur Hand. Diese besitzt genau dort, wo das Piercing gestochen werden soll, ein Loch. Mit diesem Hilfsmittel h\u00e4lt er deine Zunge in ausgestrecktem Zustand fest. Anschlie\u00dfend sticht er an der ausgesuchten Stelle mit einer Nadel durch den Zungenmuskel. Dies wird sich alles andere als angenehm anf\u00fchlen, dauert allerdings erfahrungsgem\u00e4\u00df nicht allzu lange. Weiters wird die Kan\u00fcle gek\u00fcrzt und ein Titanbarbell eingef\u00fchrt. Abschlie\u00dfend schraubt der Piercer den Verschluss auf die Barbell und die erste H\u00e4lfte des Piercings ist erledigt. Hier kannst du dich nun entscheiden, ob du auch die andere H\u00e4lfte stechen m\u00f6chtest, oder doch einen zweiten Termin nach Abschwellung des ersten Piercings bevorzugen w\u00fcrdest. Dies hat einen klaren Vorteil: Die Zunge ist ein gro\u00dfer Muskel und wird anschwellen. Nachdem der Heilungsprozess des ersten Piercings vollzogen ist, kann sich die Zunge erneut auf einen solchen Eingriff vorbereiten und wird weniger gereizt reagieren. Diese Entscheidung liegt ganz beim Gepiercten.<\/p>\n<h2>Gesundheitliches Risiko und anfallende Schmerzen<\/h2>\n<p>Vorab muss man kl\u00e4ren, dass Schmerz eine relative Empfindung ist. Dies bedeutet, dass Jeder und Jede Schmerz anders wahrnimmt. Was den einen nur ein wenig kitzelt, kann bei dem anderen bereits Tr\u00e4nen ausl\u00f6sen. Allgemein kann man sagen, dass das Stechen eines Venom Piercings schmerzt, und zwar nicht nur ein bisschen. Dies sollte allerdings nach dem Fakt, dass hierbei der Zungenmuskel durchgestochen wird, logisch erscheinen. Sollte man sich f\u00fcr die Variante entscheiden, dass beide am gleichen Tag gestochen werden, wird der Schmerz entsprechen doppelt so stark sein. Dar\u00fcber hinaus herrschen wie bei jeder anderen K\u00f6rpermodifikation bestimmte Gesundheitsrisiken. Zu diesen z\u00e4hlen unter anderem Blutungen und die Beeintr\u00e4chtigung des Geschmacksinns. Auch ein gewisser Gef\u00fchlsverlust im Mundbereich kann die Folge eines Venom Piercings sein, was allerdings nur bei falscher Ausf\u00fchrung eintrifft. Zudem muss man sagen, dass ein vollkommener Verlust des Gef\u00fchls im Mund fast ausgeschlossen werden kann, da hierbei der komplette Zungennerv getroffen werden muss.<\/p>\n<h2>Heilung und Pflege<\/h2>\n<p>Unmittelbar und einige Tage nach dem Stechen des Venom Piercings werden vor allem Schmerzen den Alltag heimsuchen. Hier helfen aber besondere Tricks, die dich in diesem Fall unterst\u00fctzen k\u00f6nnen. Zuallererst kann K\u00fchlen sowohl den Schmerz als auch die Schwellung deutlich vermindern. Auch regelm\u00e4\u00dfiges Sp\u00fclen von Mundsp\u00fcll\u00f6sungen kann antibakteriell wirken und unterst\u00fctzt die Heilung somit im positiven Sinne. Weiters sollte man darauf achten, das Piercing nicht zu ber\u00fchren. Anschauen reicht vollkommen aus, um den Zustand der Zunge beurteilen zu k\u00f6nnen. Um den Heilungsprozess des Piercings nicht in Gefahr zu bringen, sollte man die regelm\u00e4\u00dfigen Kontrolltermine beim Piercer wahrnehmen. Sollten allgemeine Probleme bei der Heilung oder Unklarheiten bei der Pflege auftreten, besuchen Sie ihren Piercer oder Arzt.<\/p>\n<h2>Das Piercing und sein Preis<\/h2>\n<p>Wie bei allen anderen Piercing-Arten k\u00f6nnen auch hier breite Preisspannen auftreten, welche sich von Piercer zu Piercer unterscheiden k\u00f6nnen. Grob kann man mit einem Preis zwischen 90 und 120 \u20ac rechnen. Sollte der Preis deines Piercers dar\u00fcber liegen, mach dir keine Sorgen. Urteile nach seinem K\u00f6nnen, und nicht nach seinem Preis.<\/p>\n<h2>Ist es die Zunge nun wert?<\/h2>\n<p>Jeder muss nat\u00fcrlich selbst f\u00fcr sich entscheiden, ob das Venom Piercing das Richtige f\u00fcr ihn ist. Wer sich daf\u00fcr entscheidet, kann mit einem Preis zwischen 90 und 120 \u20ac als auch einer schmerzhaften Durchbohrung seines Zungenmuskels rechnen. Dies ist es allerdings oftmals wert, sieht man sich die durchaus guten und sch\u00f6nen Ergebnisse an.<\/p>\n","protected":false},"excerpt":{"rendered":"<p>Das Venom Piercing ist eine spezielle Art der K\u00f6rpermodifikation und sticht vor allem durch seine Extravaganz und Ausgefallenheit heraus. Konkret<\/p>\n","protected":false},"author":4,"featured_media":0,"parent":0,"menu_order":0,"comment_status":"closed","ping_status":"closed","template":"","meta":{"ngg_post_thumbnail":0,"footnotes":""},"class_list":["post-963","page","type-page","status-publish","hentry","comments-off"],"aioseo_notices":[],"_links":{"self":[{"href":"https:\/\/dich-mit-stich.de\/magazin\/wp-json\/wp\/v2\/pages\/963","targetHints":{"allow":["GET"]}}],"collection":[{"href":"https:\/\/dich-mit-stich.de\/magazin\/wp-json\/wp\/v2\/pages"}],"about":[{"href":"https:\/\/dich-mit-stich.de\/magazin\/wp-json\/wp\/v2\/types\/page"}],"author":[{"embeddable":true,"href":"https:\/\/dich-mit-stich.de\/magazin\/wp-json\/wp\/v2\/users\/4"}],"replies":[{"embeddable":true,"href":"https:\/\/dich-mit-stich.de\/magazin\/wp-json\/wp\/v2\/comments?post=963"}],"version-history":[{"count":1,"href":"https:\/\/dich-mit-stich.de\/magazin\/wp-json\/wp\/v2\/pages\/963\/revisions"}],"predecessor-version":[{"id":964,"href":"https:\/\/dich-mit-stich.de\/magazin\/wp-json\/wp\/v2\/pages\/963\/revisions\/964"}],"wp:attachment":[{"href":"https:\/\/dich-mit-stich.de\/magazin\/wp-json\/wp\/v2\/media?parent=963"}],"curies":[{"name":"wp","href":"https:\/\/api.w.org\/{rel}","templated":true}]}}