{"id":970,"date":"2020-06-26T20:06:12","date_gmt":"2020-06-26T20:06:12","guid":{"rendered":"https:\/\/dich-mit-stich.de\/magazin\/?page_id=970"},"modified":"2025-09-03T13:15:37","modified_gmt":"2025-09-03T13:15:37","slug":"anti-tragus-piercing","status":"publish","type":"page","link":"https:\/\/dich-mit-stich.de\/magazin\/anti-tragus-piercing\/","title":{"rendered":"Anti-Tragus-Piercing: Alles, was du dar\u00fcber wissen musst"},"content":{"rendered":"<p>F\u00fcr Piercing-Fans ist das Ohr ein sehr beliebtes Objekt zur Versch\u00f6nerung. Es bietet viele M\u00f6glichkeiten f\u00fcr unterschiedliche <a href=\"https:\/\/dich-mit-stich.de\/magazin\/piercingarten\/\" >Piercing-Arten<\/a>. Eine davon ist das Anti-Tragus-Piercing. Piercings verzeichneten vor allem w\u00e4hrend den 90er Jahren einen starken Anstieg in der Beliebtheit. Das Anti-Tragus-Piercing war im Gegensatz zu den anderen Piercings am Ohr eher selten zu sehen. Es tauchte ausschlie\u00dflich in der Popkultur auf und wurde zu modischen Zwecken getragen, ohne historische oder kulturelle Bez\u00fcge.<\/p>\n<h3>\u00dcberblick<\/h3>\n<ul>\n<li><strong>Name:<\/strong> Anti-Tragus-Piercing <\/li>\n<li><strong>Wo wird es gestochen:<\/strong> in der kleinen Knorpelfalte gegen\u00fcber dem Tragus<\/li>\n<li><strong>Kosten Piercing:<\/strong> 20 &#8211; 50 EUR<\/li>\n<li><strong>Art:<\/strong> Ohrpiercing<\/li>\n<li><strong>Heilungsdauer:<\/strong> 3-6 Monate<\/li>\n<li><strong>Schmerzen beim Stechen:<\/strong> schwer <\/li>\n<\/ul>\n<p>Der Knorpelteil am Eingang des Geh\u00f6rkanals ist der Tragus. Dort beginnt das \u00e4u\u00dfere Ohr an der Seite des Kopfes. Der Knorpelansatz direkt gegen\u00fcber ist der Anti-Tragus. Klassisch wird das Anti-Tragus-Piercing mit einem Ball Closure Ring oder einem Labret-Stecker getragen. Es ist am Anfang angenehmer, einen Labret-Stecker einzusetzen. Der Stab ist etwas l\u00e4nger, beim Erstschmuck oft aus Kunststoff. Dadurch kann die Schwellung in Ruhe abklingen. Nach ein paar Wochen kann der Schmuck problemlos gegen das gew\u00fcnschte Exemplar getauscht werden.<\/p>\n<h2>So wird das Piercing gestochen<\/h2>\n<p>Das Anti-Tragus-Piercing wird in die untere Knorpelfalte \u00fcber dem Ohrl\u00e4ppchen gesetzt. Aus anatomischen Gr\u00fcnden kann das Piercing nicht an jedem Ohr angebracht werden. Es wird entweder gestochen oder gepuncht. Punchen bedeutet, dass das Knorpelgewebe herausgestanzt wird. \u00c4hnlich wie bei einem Locher, nur wesentlich kleiner. Die Gr\u00f6\u00dfe des Lochs kann dadurch variieren. Eine hohle Nadel mit einer flachen Spitze wird durch das Knorpelgewebe gef\u00fchrt und entfernt einen kleinen Teil davon. Blutungen sind w\u00e4hrend und nach dem Stechen gering, da wenig Bindegewebe vorhanden ist.<\/p>\n<h2>Gesundheitliches Risiko<\/h2>\n<p>Wie bei allen Piercings besteht die Gefahr, dass sich das Piercing entz\u00fcndet, wenn Bakterien eindringen. Ein weiteres Risiko ist Wildwuchs, was bedeutet, dass es zu einer Art Wucherung kommt. Diese ist ungef\u00e4hrlich, sieht aber nicht sch\u00f6n aus. Um Wildwuchs entgegenzuwirken, empfehlen Piercer h\u00e4ufig ein Lokalantibiotikum. Die richtige Pflege ist sehr wichtig, um die Risiken so gering wie m\u00f6glich zu halten. Entgegen einiger Behauptungen werden beim Stechen keine Nerven verletzt. \u00dcber Gesichtsl\u00e4hmungen oder \u00c4hnliches braucht man sich nicht zu sorgen.<\/p>\n<h2>Schmerzen<\/h2>\n<p>Das Schmerzempfinden ist von Mensch zu Mensch unterschiedlich. Der Knorpel ist an dieser Stelle des Ohres jedoch sehr dick und hart. Das Stechen in den Knorpel wird von vielen als sehr schmerzhaft empfunden \u2013 es soll das schmerzhafteste Piercing am Ohr sein. Au\u00dferdem liegt ein Muskel in diesem Bereich, der beim piercen getroffen werden und starke Schmerzen ausl\u00f6sen kann. Das Auftragen von Eisspray vor dem Piercen zur leichten Bet\u00e4ubung kann die Prozedur etwas angenehmer machen. Das Punchen wird bei diesem Piercing bevorzugt. Durch diese Methode wird der Druckschmerz verringert und der Heilungsprozess beschleunigt.<\/p>\n<h2>Heilung<\/h2>\n<p>Die Heilungszeit ist abh\u00e4ngig von der gew\u00e4hlten Technik. Wird das Piercing gestochen, dauert die Heilung etwa 3 \u2013 6 Monate. Wird gepuncht, sollte der Heilungsprozess innerhalb von 2 \u2013 4 Wochen abgeschlossen sein. Ebenso wie Schmerzen ist auch der Heilungsprozess sehr unterschiedlich und kann bis zu einem Jahr dauern. Durch das Schlafen auf dem Ohr wird das Piercing stundenlang Druck ausgesetzt. Das f\u00fchrt dazu, dass der Heilungsprozess verl\u00e4ngert wird. Kurzum: M\u00f6glichst wenig Kontakt zum Piercing haben f\u00fcr schnellstm\u00f6gliche Heilung. Sollte sich die gepiercte Stelle entz\u00fcnden, rot werden oder n\u00e4ssen, am besten gleich einen Hautarzt aufsuchen und untersuchen lassen.<\/p>\n<h2>Pflege<\/h2>\n<p>Bei der Pflege sollte auf jeden Fall dem Rat des Piercers vertraut werden. Er wei\u00df, welches Mittel am besten wirkt und wie es anzuwenden ist. Um Entz\u00fcndungen vorzubeugen, sollte das Piercings t\u00e4glich mit Wasser gereinigt und anschlie\u00dfend das Mittel des Piercers aufgetragen werden. Je nach Mittel muss das Schmuckst\u00fcck dabei gedreht werden, damit die Arznei das Loch auch von innen versorgen kann. Die Meinungen zur richtigen Behandlung gehen h\u00e4ufig auseinander. Hygiene ist bei der Versorgung sehr wichtig: das Piercing nur zu Pflegezwecken anfassen, vorher immer H\u00e4nde waschen, m\u00f6glichst auf Haarlack, Parf\u00fcm und \u00e4hnliches verzichten.<\/p>\n","protected":false},"excerpt":{"rendered":"<p>F\u00fcr Piercing-Fans ist das Ohr ein sehr beliebtes Objekt zur Versch\u00f6nerung. Es bietet viele M\u00f6glichkeiten f\u00fcr unterschiedliche Piercing-Arten. Eine davon<\/p>\n","protected":false},"author":4,"featured_media":0,"parent":0,"menu_order":0,"comment_status":"closed","ping_status":"closed","template":"","meta":{"ngg_post_thumbnail":0,"footnotes":""},"class_list":["post-970","page","type-page","status-publish","hentry","comments-off"],"aioseo_notices":[],"_links":{"self":[{"href":"https:\/\/dich-mit-stich.de\/magazin\/wp-json\/wp\/v2\/pages\/970","targetHints":{"allow":["GET"]}}],"collection":[{"href":"https:\/\/dich-mit-stich.de\/magazin\/wp-json\/wp\/v2\/pages"}],"about":[{"href":"https:\/\/dich-mit-stich.de\/magazin\/wp-json\/wp\/v2\/types\/page"}],"author":[{"embeddable":true,"href":"https:\/\/dich-mit-stich.de\/magazin\/wp-json\/wp\/v2\/users\/4"}],"replies":[{"embeddable":true,"href":"https:\/\/dich-mit-stich.de\/magazin\/wp-json\/wp\/v2\/comments?post=970"}],"version-history":[{"count":1,"href":"https:\/\/dich-mit-stich.de\/magazin\/wp-json\/wp\/v2\/pages\/970\/revisions"}],"predecessor-version":[{"id":971,"href":"https:\/\/dich-mit-stich.de\/magazin\/wp-json\/wp\/v2\/pages\/970\/revisions\/971"}],"wp:attachment":[{"href":"https:\/\/dich-mit-stich.de\/magazin\/wp-json\/wp\/v2\/media?parent=970"}],"curies":[{"name":"wp","href":"https:\/\/api.w.org\/{rel}","templated":true}]}}