{"id":974,"date":"2020-07-09T09:42:55","date_gmt":"2020-07-09T09:42:55","guid":{"rendered":"https:\/\/dich-mit-stich.de\/magazin\/?page_id=974"},"modified":"2025-09-03T13:18:58","modified_gmt":"2025-09-03T13:18:58","slug":"ohrmuschel-piercing","status":"publish","type":"page","link":"https:\/\/dich-mit-stich.de\/magazin\/ohrmuschel-piercing\/","title":{"rendered":"Ohrmuschel Piercing"},"content":{"rendered":"<p>Die <strong>Ohrmuschel<\/strong> ist ein einzigartiges K\u00f6rperteil, das durch ein Piercing gekonnt in Szene gesetzt werden kann. Der folgende Ratgeber beantwortet alle wichtigen Fragen zu diesem Thema und geht unter anderem auch darauf ein, wie lange die Heilung dauert und wie schmerzhaft der Eingriff ist.<\/p>\n<h3>\u00dcberblick<\/h3>\n<ul>\n<li><strong>Name: <\/strong>Ohrmuschel Piercing<\/li>\n<li><strong>Wo wird es gestochen:<\/strong> an der Ohrmuschel<\/li>\n<li><strong>Kosten Piercing:<\/strong> 30 &#8211; 80 EUR<\/li>\n<li><strong>Art:<\/strong> Ohrpiercing<\/li>\n<li><strong>Heilungsdauer:<\/strong> 3-6 Monate<\/li>\n<li><strong>Schmerzen beim Stechen:<\/strong> mittel bis schwer<\/li>\n<\/ul>\n<h2>Motivation des Ohrmuschelpiercings<\/h2>\n<p>Vielfach wird das Ohrmuschel-<a href=\"https:\/\/dich-mit-stich.de\/magazin\/industrial-piercing\/\">Piercing<\/a> gew\u00e4hlt, weil es zum einen direkt auff\u00e4llt und immer individuell ist. Es geht also haupts\u00e4chlich darum, das Gesicht beziehungsweise die Ohren zu schm\u00fccken. Zudem ist die Muschel auch sehr individuell und sieht eigentlich bei jedem Menschen etwas anders aus, genau wie ein Piercing in dieser Region. Ohrmuschelpiercings gibt es in verschiedenen Ausf\u00fchrungen und Variationen, so zum Beispiel:<\/p>\n<ul>\n<li><a href=\"\/magazin\/rook-piercing\/\">Rook Piercing<\/a><\/li>\n<li><a href=\"\/magazin\/helix-piercing\/\">Helix-Piercing<\/a><\/li>\n<li><a href=\"\/magazin\/conch-piercing\/\">Conch-Piercing<\/a><\/li>\n<li><a href=\"\/magazin\/tragus-piercing\/\">Tragus-Piercing<\/a><\/li>\n<li><a href=\"\/magazin\/daith-piercing\/\">Daith-Piercing<\/a><\/li>\n<li><a href=\"https:\/\/dich-mit-stich.de\/magazin\/industrial-piercing\/\">Industrial piercing<\/a><\/li>\n<\/ul>\n<h2>So wird das Piercing gestochen<\/h2>\n<p>Zun\u00e4chst desinfiziert der Piercer die jeweilige Stelle an der Ohrmuschel und markiert sie. Sobald der Patient bereit ist, sticht er die Piercingnadel durch den Knorpel. Dabei muss er relativ viel Kraft aufbringen, was unter Umst\u00e4nden zu Schmerzen f\u00fchren kann. Einige Piercer wenden dagegen lieber eine spezielle Technik mit dem Namen Punchen an. Dabei wird ein Teil des Ohrmuschel-Knorpels mithilfe eines Stanz-Ger\u00e4tes entnommen. In beiden F\u00e4llen muss der Kunde nach dem Durchstechen\/Punchen ein Barbell tragen. Und zwar so lange, bis die Wunder letztlich vollst\u00e4ndig verheilt ist.<\/p>\n<p>Wann das der Fall ist, l\u00e4sst sich nicht pauschal sagen. Denn hierbei kommt es unter anderem darauf an, wie gut das Heilfleisch der Patienten ist. In den meisten F\u00e4llen verheilt das Ohrmuschel-<a href=\"https:\/\/dich-mit-stich.de\/magazin\/industrial-piercing\/\">Piercing <\/a>aber in drei bis sechs Monaten. Das Knorpelgewebe in dieser Region ist vergleichsweise schlecht durchblutet und braucht daher auch l\u00e4nger als Weichgewebe, um zu heilen. Daher sollten die Patienten etwas Geduld mitbringen.<\/p>\n<h2>Gesundheitliches Risiko<\/h2>\n<p>Einige Piercer verwenden sogenannte Ohrloch-Pistolen, die den Schmuck mit hohem Druck in die Haut schie\u00dfen. Davon wird aber abgeraten, da so schnell Entz\u00fcndungen und sogar auch Ohrmuschel-Deformationen entstehen. Erstere k\u00f6nnen aber auch bei den anderen oben beschriebenen Techniken auftreten. Wenn das der Fall ist, wird der Piercer oder zur Sicherheit ein Hautarzt aufgesucht. Dar\u00fcber hinaus verheilt das Knorpelgewebe in der Ohrmuschel nicht immer so leicht und vor allem unkompliziert wie andere Hautstellen.<\/p>\n<p>Sehr h\u00e4ufig kommt es nach dem Eingriff zu Hautreizungen, allergischen Reaktionen und auch zu Pigmentst\u00f6rungen. Aller dieser Begleiterscheinungen k\u00f6nnen unterschiedlich stark ausfallen oder auch ganz ausbleiben. Wenn irgendwelche Komplikationen auftreten, sollten die Betroffenen den Piercer und einen Hautarzt aufsuchen. Denn beide wissen in den meisten F\u00e4llen, was zu tun ist und k\u00f6nnen mit Salben und anderen Mitteln die Wunde versorgen und die Beschwerden lindern.<\/p>\n<h2>Schmerzen<\/h2>\n<p>Viele Interessierte fragen sich, ob das Ohrmuschel-<a href=\"https:\/\/dich-mit-stich.de\/magazin\/industrial-piercing\/\">Piercing<\/a> sehr schmerzhaft ist. Leider lautet die Antwort in vielen F\u00e4llen Ja. Allerdings h\u00e4lt der Schmerz in der Regel nur sehr kurz an und l\u00e4sst dann schnell wieder nach. Lediglich das Stechen in den Knorpel kann durchaus wehtun. Denn zum einen ist dieser deutlich h\u00e4rter als die Haut an vielen anderen K\u00f6rperstellen und zum anderen befinden sich dort auch viele kleine und empfindliche Nerven.<\/p>\n<p>Da das Durchstechen in der Regel nur wenige Sekunden dauert, h\u00e4lt der Schmerz auch nur recht kurz an. Anschlie\u00dfend nimmt dieser recht schnell ab. Es kann aber vorkommen, dass das Ohr etwas anschwillt, sich hei\u00df anf\u00fchlt und es kann leicht pochen. Doch auch diese Beschwerden sind in der Regel nicht von langer Dauer und lassen schnell nach.<\/p>\n<h2>Heilung &amp; Pflege<\/h2>\n<p>Damit das Ohrmuschel-<a href=\"https:\/\/dich-mit-stich.de\/magazin\/industrial-piercing\/\">Piercing<\/a> m\u00f6glichste schnell heilt, ist eine passende Pflege unerl\u00e4sslich. Auch wenn es noch so verlockend ist, insbesondere in der Anfangszeit sollte es nicht immer wieder angefasst werden. Wenn \u00fcberhaupt, dann nur, wenn die H\u00e4nde vorher gr\u00fcndlich gewaschen und desinfiziert werden. Denn so l\u00e4sst sich verhindern, dass Bakterien und Schmutz in die Wunde gelangen. Zur Pflege geh\u00f6rt auch, die Wunde jeden Tag drei Mal mit Desinfektionsspray einzuspr\u00fchen und in den ersten Tagen keine blutverd\u00fcnnenden Mittel einzunehmen, wie zum Beispiel <i>Aspirin<\/i> oder \u00e4hnliche Produkte.<\/p>\n<p>Auch Sport sollte in der Anfangszeit vermieden werden. Beim Schlafen wird zudem versucht, nicht auf dem Piercing zu liegen, sondern auf dem anderen Ohr. Wenn dieses im Winter gestochen wird, ist Vorsicht bei Schals, M\u00fctzen und anderen Kopfbedeckungen angesagt. Denn diese Kleidungsst\u00fccke k\u00f6nnten sich sonst unter Umst\u00e4nden am Piercing verfangen. Sehr wichtig ist zudem, dass Letzteres in der ersten Zeit auf keinen Fall herausgenommen wird, da das Loch sonst wieder zuwachsen k\u00f6nnte.<\/p>\n","protected":false},"excerpt":{"rendered":"<p>Die Ohrmuschel ist ein einzigartiges K\u00f6rperteil, das durch ein Piercing gekonnt in Szene gesetzt werden kann. Der folgende Ratgeber beantwortet<\/p>\n","protected":false},"author":4,"featured_media":1001,"parent":0,"menu_order":0,"comment_status":"closed","ping_status":"closed","template":"","meta":{"ngg_post_thumbnail":0,"footnotes":""},"class_list":["post-974","page","type-page","status-publish","has-post-thumbnail","hentry","comments-off"],"aioseo_notices":[],"_links":{"self":[{"href":"https:\/\/dich-mit-stich.de\/magazin\/wp-json\/wp\/v2\/pages\/974","targetHints":{"allow":["GET"]}}],"collection":[{"href":"https:\/\/dich-mit-stich.de\/magazin\/wp-json\/wp\/v2\/pages"}],"about":[{"href":"https:\/\/dich-mit-stich.de\/magazin\/wp-json\/wp\/v2\/types\/page"}],"author":[{"embeddable":true,"href":"https:\/\/dich-mit-stich.de\/magazin\/wp-json\/wp\/v2\/users\/4"}],"replies":[{"embeddable":true,"href":"https:\/\/dich-mit-stich.de\/magazin\/wp-json\/wp\/v2\/comments?post=974"}],"version-history":[{"count":5,"href":"https:\/\/dich-mit-stich.de\/magazin\/wp-json\/wp\/v2\/pages\/974\/revisions"}],"predecessor-version":[{"id":1194,"href":"https:\/\/dich-mit-stich.de\/magazin\/wp-json\/wp\/v2\/pages\/974\/revisions\/1194"}],"wp:featuredmedia":[{"embeddable":true,"href":"https:\/\/dich-mit-stich.de\/magazin\/wp-json\/wp\/v2\/media\/1001"}],"wp:attachment":[{"href":"https:\/\/dich-mit-stich.de\/magazin\/wp-json\/wp\/v2\/media?parent=974"}],"curies":[{"name":"wp","href":"https:\/\/api.w.org\/{rel}","templated":true}]}}